{"id":1010,"date":"2015-02-20T00:00:21","date_gmt":"2015-02-19T23:00:21","guid":{"rendered":"http:\/\/rene-schmitt.com\/?page_id=1010"},"modified":"2022-02-19T02:25:34","modified_gmt":"2022-02-19T01:25:34","slug":"symmetrical-jails","status":"publish","type":"page","link":"https:\/\/rene-schmitt.com\/de\/kuenstler\/luis-camnitzer\/symmetrical-jails\/","title":{"rendered":"Luis Camnitzer \u2013 Symmetrical Jails (2014)"},"content":{"rendered":"<h1><a href=\"https:\/\/rene-schmitt.com\/de\/kuenstler\/luis-camnitzer\/\">Luis Camnitzer<\/a> \u2013 Symmetrical Jails<\/h1>\n<div class='grid_6 alpha'>\n\n\t\t<style type=\"text\/css\">\n\t\t\t#gallery-1 {\n\t\t\t\tmargin: auto;\n\t\t\t}\n\t\t\t#gallery-1 .gallery-item {\n\t\t\t\tfloat: left;\n\t\t\t\tmargin-top: 10px;\n\t\t\t\ttext-align: center;\n\t\t\t\twidth: 100%;\n\t\t\t}\n\t\t\t#gallery-1 img {\n\t\t\t\tborder: 2px solid #cfcfcf;\n\t\t\t}\n\t\t\t#gallery-1 .gallery-caption {\n\t\t\t\tmargin-left: 0;\n\t\t\t}\n\t\t\t\/* see gallery_shortcode() in wp-includes\/media.php *\/\n\t\t<\/style>\n\t\t<div id='gallery-1' class='gallery galleryid-1010 gallery-columns-1 gallery-size-medium'><dl class='gallery-item'>\n\t\t\t<dt class='gallery-icon portrait'>\n\t\t\t\t<a href='https:\/\/rene-schmitt.com\/wp-content\/uploads\/Luis-Camnitzer-Portrait.jpg'><img width=\"333\" height=\"500\" src=\"https:\/\/rene-schmitt.com\/wp-content\/uploads\/Luis-Camnitzer-Portrait-333x500.jpg\" class=\"attachment-medium size-medium\" alt=\"Luis Camnitzer \u2013 Portrait\" loading=\"lazy\" srcset=\"https:\/\/rene-schmitt.com\/wp-content\/uploads\/Luis-Camnitzer-Portrait-333x500.jpg 333w, https:\/\/rene-schmitt.com\/wp-content\/uploads\/Luis-Camnitzer-Portrait-768x1152.jpg 768w, https:\/\/rene-schmitt.com\/wp-content\/uploads\/Luis-Camnitzer-Portrait-682x1024.jpg 682w, https:\/\/rene-schmitt.com\/wp-content\/uploads\/Luis-Camnitzer-Portrait-642x963.jpg 642w, https:\/\/rene-schmitt.com\/wp-content\/uploads\/Luis-Camnitzer-Portrait.jpg 853w\" sizes=\"(max-width: 333px) 100vw, 333px\" \/><\/a>\n\t\t\t<\/dt><\/dl><br style=\"clear: both\" \/>\n\t\t<\/div>\n\n<\/div>\n<div class='grid_6 omega'>\n\n\t\t<style type=\"text\/css\">\n\t\t\t#gallery-2 {\n\t\t\t\tmargin: auto;\n\t\t\t}\n\t\t\t#gallery-2 .gallery-item {\n\t\t\t\tfloat: left;\n\t\t\t\tmargin-top: 10px;\n\t\t\t\ttext-align: center;\n\t\t\t\twidth: 20%;\n\t\t\t}\n\t\t\t#gallery-2 img {\n\t\t\t\tborder: 2px solid #cfcfcf;\n\t\t\t}\n\t\t\t#gallery-2 .gallery-caption {\n\t\t\t\tmargin-left: 0;\n\t\t\t}\n\t\t\t\/* see gallery_shortcode() in wp-includes\/media.php *\/\n\t\t<\/style>\n\t\t<div id='gallery-2' class='gallery galleryid-1010 gallery-columns-5 gallery-size-thumbnail'><dl class='gallery-item'>\n\t\t\t<dt class='gallery-icon landscape'>\n\t\t\t\t<a href='https:\/\/rene-schmitt.com\/wp-content\/uploads\/Luis-Camnitzer-Symmetrical-Jails-Arabic.jpg'><img width=\"75\" height=\"75\" src=\"https:\/\/rene-schmitt.com\/wp-content\/uploads\/Luis-Camnitzer-Symmetrical-Jails-Arabic-75x75.jpg\" class=\"attachment-thumbnail size-thumbnail\" alt=\"Luis Camnitzer \u2013 Symmetrical Jails (Arabic)\" loading=\"lazy\" srcset=\"https:\/\/rene-schmitt.com\/wp-content\/uploads\/Luis-Camnitzer-Symmetrical-Jails-Arabic-75x75.jpg 75w, https:\/\/rene-schmitt.com\/wp-content\/uploads\/Luis-Camnitzer-Symmetrical-Jails-Arabic-125x125.jpg 125w\" sizes=\"(max-width: 75px) 100vw, 75px\" \/><\/a>\n\t\t\t<\/dt><\/dl><dl class='gallery-item'>\n\t\t\t<dt class='gallery-icon landscape'>\n\t\t\t\t<a href='https:\/\/rene-schmitt.com\/wp-content\/uploads\/Luis-Camnitzer-Symmetrical-Jails-Chinese.jpg'><img width=\"75\" height=\"75\" src=\"https:\/\/rene-schmitt.com\/wp-content\/uploads\/Luis-Camnitzer-Symmetrical-Jails-Chinese-75x75.jpg\" class=\"attachment-thumbnail size-thumbnail\" alt=\"Luis Camnitzer \u2013 Symmetrical Jails (Chinese)\" loading=\"lazy\" srcset=\"https:\/\/rene-schmitt.com\/wp-content\/uploads\/Luis-Camnitzer-Symmetrical-Jails-Chinese-75x75.jpg 75w, https:\/\/rene-schmitt.com\/wp-content\/uploads\/Luis-Camnitzer-Symmetrical-Jails-Chinese-125x125.jpg 125w\" sizes=\"(max-width: 75px) 100vw, 75px\" \/><\/a>\n\t\t\t<\/dt><\/dl><dl class='gallery-item'>\n\t\t\t<dt class='gallery-icon landscape'>\n\t\t\t\t<a href='https:\/\/rene-schmitt.com\/wp-content\/uploads\/Luis-Camnitzer-Symmetrical-Jails-English.jpg'><img width=\"75\" height=\"75\" src=\"https:\/\/rene-schmitt.com\/wp-content\/uploads\/Luis-Camnitzer-Symmetrical-Jails-English-75x75.jpg\" class=\"attachment-thumbnail size-thumbnail\" alt=\"Luis Camnitzer \u2013 Symmetrical Jails (English)\" loading=\"lazy\" srcset=\"https:\/\/rene-schmitt.com\/wp-content\/uploads\/Luis-Camnitzer-Symmetrical-Jails-English-75x75.jpg 75w, https:\/\/rene-schmitt.com\/wp-content\/uploads\/Luis-Camnitzer-Symmetrical-Jails-English-125x125.jpg 125w\" sizes=\"(max-width: 75px) 100vw, 75px\" \/><\/a>\n\t\t\t<\/dt><\/dl><dl class='gallery-item'>\n\t\t\t<dt class='gallery-icon landscape'>\n\t\t\t\t<a href='https:\/\/rene-schmitt.com\/wp-content\/uploads\/Luis-Camnitzer-Symmetrical-Jails-French.jpg'><img width=\"75\" height=\"75\" src=\"https:\/\/rene-schmitt.com\/wp-content\/uploads\/Luis-Camnitzer-Symmetrical-Jails-French-75x75.jpg\" class=\"attachment-thumbnail size-thumbnail\" alt=\"Luis Camnitzer \u2013 Symmetrical Jails (French)\" loading=\"lazy\" srcset=\"https:\/\/rene-schmitt.com\/wp-content\/uploads\/Luis-Camnitzer-Symmetrical-Jails-French-75x75.jpg 75w, https:\/\/rene-schmitt.com\/wp-content\/uploads\/Luis-Camnitzer-Symmetrical-Jails-French-125x125.jpg 125w\" sizes=\"(max-width: 75px) 100vw, 75px\" \/><\/a>\n\t\t\t<\/dt><\/dl><dl class='gallery-item'>\n\t\t\t<dt class='gallery-icon landscape'>\n\t\t\t\t<a href='https:\/\/rene-schmitt.com\/wp-content\/uploads\/Luis-Camnitzer-Symmetrical-Jails-German.jpg'><img width=\"75\" height=\"75\" src=\"https:\/\/rene-schmitt.com\/wp-content\/uploads\/Luis-Camnitzer-Symmetrical-Jails-German-75x75.jpg\" class=\"attachment-thumbnail size-thumbnail\" alt=\"Luis Camnitzer \u2013 Symmetrical Jails (German)\" loading=\"lazy\" srcset=\"https:\/\/rene-schmitt.com\/wp-content\/uploads\/Luis-Camnitzer-Symmetrical-Jails-German-75x75.jpg 75w, https:\/\/rene-schmitt.com\/wp-content\/uploads\/Luis-Camnitzer-Symmetrical-Jails-German-125x125.jpg 125w\" sizes=\"(max-width: 75px) 100vw, 75px\" \/><\/a>\n\t\t\t<\/dt><\/dl><br style=\"clear: both\" \/>\n\t\t<\/div>\n\n<p>&nbsp;<\/p>\n\n\t\t<style type=\"text\/css\">\n\t\t\t#gallery-3 {\n\t\t\t\tmargin: auto;\n\t\t\t}\n\t\t\t#gallery-3 .gallery-item {\n\t\t\t\tfloat: left;\n\t\t\t\tmargin-top: 10px;\n\t\t\t\ttext-align: center;\n\t\t\t\twidth: 20%;\n\t\t\t}\n\t\t\t#gallery-3 img {\n\t\t\t\tborder: 2px solid #cfcfcf;\n\t\t\t}\n\t\t\t#gallery-3 .gallery-caption {\n\t\t\t\tmargin-left: 0;\n\t\t\t}\n\t\t\t\/* see gallery_shortcode() in wp-includes\/media.php *\/\n\t\t<\/style>\n\t\t<div id='gallery-3' class='gallery galleryid-1010 gallery-columns-5 gallery-size-thumbnail'><dl class='gallery-item'>\n\t\t\t<dt class='gallery-icon landscape'>\n\t\t\t\t<a href='https:\/\/rene-schmitt.com\/wp-content\/uploads\/Luis-Camnitzer-Symmetrical-Jails-Russian.jpg'><img width=\"75\" height=\"75\" src=\"https:\/\/rene-schmitt.com\/wp-content\/uploads\/Luis-Camnitzer-Symmetrical-Jails-Russian-75x75.jpg\" class=\"attachment-thumbnail size-thumbnail\" alt=\"Luis Camnitzer \u2013 Symmetrical Jails (Russian)\" loading=\"lazy\" srcset=\"https:\/\/rene-schmitt.com\/wp-content\/uploads\/Luis-Camnitzer-Symmetrical-Jails-Russian-75x75.jpg 75w, https:\/\/rene-schmitt.com\/wp-content\/uploads\/Luis-Camnitzer-Symmetrical-Jails-Russian-125x125.jpg 125w\" sizes=\"(max-width: 75px) 100vw, 75px\" \/><\/a>\n\t\t\t<\/dt><\/dl><dl class='gallery-item'>\n\t\t\t<dt class='gallery-icon landscape'>\n\t\t\t\t<a href='https:\/\/rene-schmitt.com\/wp-content\/uploads\/Luis-Camnitzer-Symmetrical-Jails-Spanish.jpg'><img width=\"75\" height=\"75\" src=\"https:\/\/rene-schmitt.com\/wp-content\/uploads\/Luis-Camnitzer-Symmetrical-Jails-Spanish-75x75.jpg\" class=\"attachment-thumbnail size-thumbnail\" alt=\"Luis Camnitzer \u2013 Symmetrical Jails (Spanish)\" loading=\"lazy\" srcset=\"https:\/\/rene-schmitt.com\/wp-content\/uploads\/Luis-Camnitzer-Symmetrical-Jails-Spanish-75x75.jpg 75w, https:\/\/rene-schmitt.com\/wp-content\/uploads\/Luis-Camnitzer-Symmetrical-Jails-Spanish-125x125.jpg 125w\" sizes=\"(max-width: 75px) 100vw, 75px\" \/><\/a>\n\t\t\t<\/dt><\/dl><dl class='gallery-item'>\n\t\t\t<dt class='gallery-icon landscape'>\n\t\t\t\t<a href='https:\/\/rene-schmitt.com\/wp-content\/uploads\/Luis-Camnitzer-Symmetrical-Jails-Luis-Camnitzer-artists-proof.jpg'><img width=\"75\" height=\"75\" src=\"https:\/\/rene-schmitt.com\/wp-content\/uploads\/Luis-Camnitzer-Symmetrical-Jails-Luis-Camnitzer-artists-proof-75x75.jpg\" class=\"attachment-thumbnail size-thumbnail\" alt=\"Luis Camnitzer \u2013 Symmetrical Jails (Luis Camnitzer artists proof)\" loading=\"lazy\" srcset=\"https:\/\/rene-schmitt.com\/wp-content\/uploads\/Luis-Camnitzer-Symmetrical-Jails-Luis-Camnitzer-artists-proof-75x75.jpg 75w, https:\/\/rene-schmitt.com\/wp-content\/uploads\/Luis-Camnitzer-Symmetrical-Jails-Luis-Camnitzer-artists-proof-125x125.jpg 125w\" sizes=\"(max-width: 75px) 100vw, 75px\" \/><\/a>\n\t\t\t<\/dt><\/dl>\n\t\t\t<br style='clear: both' \/>\n\t\t<\/div>\n\n<div id=\"description\">\n<h3>Symmetrical Jails (2014)<\/h3>\n<p>7 Radierungen auf Kupferplatte<br \/>\nSommerset B\u00fctten 300 Gramm<br \/>\nGr\u00f6\u00dfe: jeweils 56 x 76 cm<br \/>\nAuflage: 18<br \/>\nJeweils handsigniert, nummeriert und datiert<br \/>\nRadierplatten gedruckt in der Druckwerkstatt<br \/>\nder St\u00e4dtische Galerie Wolfsburg von Kristof Baranski<br \/>\nCollophon Hochdruck gedruckt bei Atelier f\u00fcr Druckgraphik, Hamburg<br \/>\nMetallboxen hergestellt von May Metallbau, Ostfriesland<br \/>\n&nbsp;<br \/>\nPreis: USD 50.000<br \/>\n&nbsp;<br \/>\n<a class=\"popmake-4147\" onclick=\"_paq.push(['trackGoal',4]);\"><strong>\u00bb Kaufanfrage<\/strong><\/a><br \/>\n&nbsp;<br \/>\n&nbsp;<br \/>\n<a class=\"popmake-4403\" onclick=\"_paq.push(['trackGoal',8]);\"><strong>\u00bb Ausstellung<\/strong><\/a><br \/>\n&nbsp;<br \/>\n&nbsp;<\/p>\n<div id=\"edition\"><a href=\"https:\/\/rene-schmitt.com\/de\/kuenstler\/luis-camnitzer\/\"><strong>\u00bb Alle<\/strong> Editionen von Luis Camnitzer<\/a><\/div>\n<\/div>\n<\/div>\n<div class='clear'><\/div>\n","protected":false},"excerpt":{"rendered":"<p>Luis Camnitzer \u2013 Symmetrical Jails &nbsp; Symmetrical Jails (2014) 7 Radierungen auf Kupferplatte Sommerset B\u00fctten 300 Gramm Gr\u00f6\u00dfe: jeweils 56 x 76 cm Auflage: 18 Jeweils handsigniert, nummeriert und datiert Radierplatten gedruckt in der Druckwerkstatt der St\u00e4dtische Galerie Wolfsburg von Kristof Baranski Collophon Hochdruck gedruckt bei Atelier f\u00fcr Druckgraphik, Hamburg Metallboxen hergestellt von May Metallbau, [&hellip;]<\/p>\n","protected":false},"author":1,"featured_media":0,"parent":1007,"menu_order":2,"comment_status":"closed","ping_status":"closed","template":"page-fullwidth.php","meta":[],"_links":{"self":[{"href":"https:\/\/rene-schmitt.com\/de\/wp-json\/wp\/v2\/pages\/1010"}],"collection":[{"href":"https:\/\/rene-schmitt.com\/de\/wp-json\/wp\/v2\/pages"}],"about":[{"href":"https:\/\/rene-schmitt.com\/de\/wp-json\/wp\/v2\/types\/page"}],"author":[{"embeddable":true,"href":"https:\/\/rene-schmitt.com\/de\/wp-json\/wp\/v2\/users\/1"}],"replies":[{"embeddable":true,"href":"https:\/\/rene-schmitt.com\/de\/wp-json\/wp\/v2\/comments?post=1010"}],"version-history":[{"count":4,"href":"https:\/\/rene-schmitt.com\/de\/wp-json\/wp\/v2\/pages\/1010\/revisions"}],"predecessor-version":[{"id":4555,"href":"https:\/\/rene-schmitt.com\/de\/wp-json\/wp\/v2\/pages\/1010\/revisions\/4555"}],"up":[{"embeddable":true,"href":"https:\/\/rene-schmitt.com\/de\/wp-json\/wp\/v2\/pages\/1007"}],"wp:attachment":[{"href":"https:\/\/rene-schmitt.com\/de\/wp-json\/wp\/v2\/media?parent=1010"}],"curies":[{"name":"wp","href":"https:\/\/api.w.org\/{rel}","templated":true}]}}