{"id":13,"date":"2013-11-25T00:00:59","date_gmt":"2013-11-24T23:00:59","guid":{"rendered":"http:\/\/work.rene-schmitt.com\/?page_id=13"},"modified":"2026-03-08T16:51:11","modified_gmt":"2026-03-08T15:51:11","slug":"kontakt","status":"publish","type":"page","link":"https:\/\/rene-schmitt.com\/de\/kontakt\/","title":{"rendered":"Kontakt"},"content":{"rendered":"<div class='grid_6 alpha'>\n<p>&nbsp;<\/p>\n<\/div>\n<div class='grid_6 omega'>\n<div style=\"font-size: 12px; line-height: 1.30em;\">\n<h2>Kontakt | Impressum<\/h2>\n<p>&nbsp;<br \/>\nRen\u00e9 Schmitt<br \/>\nLehrter Stra\u00dfe 57<br \/>\nHaus 6<br \/>\n10557 Berlin<br \/>\nDeutschland<\/p>\n<p>E-Mail: &#x69;n&#x66;&#111;&#64;&#x72;&#101;&#x6e;&#101;-&#x73;&#99;&#x68;&#109;i&#x74;&#116;&#x2e;&#x63;o&#x6d;<br \/>\nrene-schmitt.com | rene-schmitt.art | rene-schmitt.graphics<\/p>\n<p>Umsatzsteuer-Identifikationsnummer gem\u00e4\u00df \u00a7 27a Umsatzsteuergesetz: DE812144577<\/p>\n<p>Verantwortlich f\u00fcr den Inhalt nach \u00a7 55 Abs. 2 RStV: Ren\u00e9 Schmitt<\/p>\n<h2>Text und Fotos<\/h2>\n<p>Ren\u00e9 Schmitt<\/p>\n<h2>Konzeption und technische Realisierung<\/h2>\n<p>Till Soykaner<\/p>\n<h2>Copyright<\/h2>\n<p>\u00a9 2013-2026 Ren\u00e9 Schmitt, Westoverledingen, Deutschland. Alle Rechte vorbehalten. \u2014 Texte, Bilder, Fotografien, Grafiken, Illustrationen, Animationen, Videos, Musik, Sprache und Software, sowie deren Anordnung auf dieser Website, unter\u00adliegen dem Schutz des Urheberrechts und anderer Schutzgesetze.<\/p>\n<h2>Urheberrecht<\/h2>\n<p>Die durch die Seitenbetreiber erstellten Inhalte und Werke auf diesen Seiten unterliegen dem Deutschen Urheberrecht. Die Vervielf\u00e4ltigung, Bearbeitung, Verbreitung und jede Art der Verwertung au\u00dferhalb der Grenzen des Urheberrechtes bed\u00fcrfen der schriftlichen Zustimmung des jeweiligen Autors bzw. Erstellers. Soweit die Inhalte auf dieser Seite nicht vom Betreiber erstellt wurden, werden die Urheberrechte Dritter beachtet. Insbesondere werden Inhalte Dritter als solche gekennzeichnet. Sollten Sie trotzdem auf eine Urheberrechtsverletzung aufmerksam werden, bitten wir um einen entsprechenden Hinweis. Bei Bekanntwerden von Rechtsverletzungen werden wir derartige Inhalte umgehend entfernen.<\/p>\n<h2><a href=\"https:\/\/rene-schmitt.com\/de\/kontakt\/datenschutz\/\">\u00bb Datenschutzhinweise<\/a><\/h2>\n<\/div>\n<\/div>\n<div class='clear'><\/div>\n","protected":false},"excerpt":{"rendered":"<p>&nbsp; Kontakt | Impressum &nbsp; Ren\u00e9 Schmitt Lehrter Stra\u00dfe 57 Haus 6 10557 Berlin Deutschland E-Mail: &#105;&#x6e;f&#111;&#x40;r&#101;&#x6e;e&#45;&#x73;c&#104;&#x6d;i&#116;&#x74;&#46;&#99;&#x6f;m rene-schmitt.com | rene-schmitt.art | rene-schmitt.graphics Umsatzsteuer-Identifikationsnummer gem\u00e4\u00df \u00a7 27a Umsatzsteuergesetz: DE812144577 Verantwortlich f\u00fcr den Inhalt nach \u00a7 55 Abs. 2 RStV: Ren\u00e9 Schmitt Text und Fotos Ren\u00e9 Schmitt Konzeption und technische Realisierung Till Soykaner Copyright \u00a9 2013- Ren\u00e9 [&hellip;]<\/p>\n","protected":false},"author":1,"featured_media":0,"parent":0,"menu_order":103,"comment_status":"closed","ping_status":"closed","template":"page-fullwidth.php","meta":[],"_links":{"self":[{"href":"https:\/\/rene-schmitt.com\/de\/wp-json\/wp\/v2\/pages\/13"}],"collection":[{"href":"https:\/\/rene-schmitt.com\/de\/wp-json\/wp\/v2\/pages"}],"about":[{"href":"https:\/\/rene-schmitt.com\/de\/wp-json\/wp\/v2\/types\/page"}],"author":[{"embeddable":true,"href":"https:\/\/rene-schmitt.com\/de\/wp-json\/wp\/v2\/users\/1"}],"replies":[{"embeddable":true,"href":"https:\/\/rene-schmitt.com\/de\/wp-json\/wp\/v2\/comments?post=13"}],"version-history":[{"count":1,"href":"https:\/\/rene-schmitt.com\/de\/wp-json\/wp\/v2\/pages\/13\/revisions"}],"predecessor-version":[{"id":5778,"href":"https:\/\/rene-schmitt.com\/de\/wp-json\/wp\/v2\/pages\/13\/revisions\/5778"}],"wp:attachment":[{"href":"https:\/\/rene-schmitt.com\/de\/wp-json\/wp\/v2\/media?parent=13"}],"curies":[{"name":"wp","href":"https:\/\/api.w.org\/{rel}","templated":true}]}}