{"id":1359,"date":"2015-05-30T00:00:21","date_gmt":"2015-05-29T22:00:21","guid":{"rendered":"http:\/\/rene-schmitt.com\/?page_id=1359"},"modified":"2022-02-19T02:59:08","modified_gmt":"2022-02-19T01:59:08","slug":"unhurt","status":"publish","type":"page","link":"https:\/\/rene-schmitt.com\/de\/kuenstler\/ulay\/unhurt\/","title":{"rendered":"Ulay \u2013 UNHURT (2015)"},"content":{"rendered":"<h1><a href=\"https:\/\/rene-schmitt.com\/de\/kuenstler\/ulay\/\">Ulay<\/a> \u2013 UNHURT<\/h1>\n<div class='grid_6 alpha'>\n\n\t\t<style type=\"text\/css\">\n\t\t\t#gallery-1 {\n\t\t\t\tmargin: auto;\n\t\t\t}\n\t\t\t#gallery-1 .gallery-item {\n\t\t\t\tfloat: left;\n\t\t\t\tmargin-top: 10px;\n\t\t\t\ttext-align: center;\n\t\t\t\twidth: 100%;\n\t\t\t}\n\t\t\t#gallery-1 img {\n\t\t\t\tborder: 2px solid #cfcfcf;\n\t\t\t}\n\t\t\t#gallery-1 .gallery-caption {\n\t\t\t\tmargin-left: 0;\n\t\t\t}\n\t\t\t\/* see gallery_shortcode() in wp-includes\/media.php *\/\n\t\t<\/style>\n\t\t<div id='gallery-1' class='gallery galleryid-1359 gallery-columns-1 gallery-size-medium'><dl class='gallery-item'>\n\t\t\t<dt class='gallery-icon portrait'>\n\t\t\t\t<a href='https:\/\/rene-schmitt.com\/wp-content\/uploads\/Ulay-Portrait.jpg'><img width=\"353\" height=\"500\" src=\"https:\/\/rene-schmitt.com\/wp-content\/uploads\/Ulay-Portrait-353x500.jpg\" class=\"attachment-medium size-medium\" alt=\"Ulay \u2013 Portrait\" loading=\"lazy\" srcset=\"https:\/\/rene-schmitt.com\/wp-content\/uploads\/Ulay-Portrait-353x500.jpg 353w, https:\/\/rene-schmitt.com\/wp-content\/uploads\/Ulay-Portrait-768x1087.jpg 768w, https:\/\/rene-schmitt.com\/wp-content\/uploads\/Ulay-Portrait-723x1024.jpg 723w, https:\/\/rene-schmitt.com\/wp-content\/uploads\/Ulay-Portrait-642x909.jpg 642w, https:\/\/rene-schmitt.com\/wp-content\/uploads\/Ulay-Portrait.jpg 904w\" sizes=\"(max-width: 353px) 100vw, 353px\" \/><\/a>\n\t\t\t<\/dt><\/dl><br style=\"clear: both\" \/>\n\t\t<\/div>\n\n<\/div>\n<div class='grid_6 omega'>\n\n\t\t<style type=\"text\/css\">\n\t\t\t#gallery-2 {\n\t\t\t\tmargin: auto;\n\t\t\t}\n\t\t\t#gallery-2 .gallery-item {\n\t\t\t\tfloat: left;\n\t\t\t\tmargin-top: 10px;\n\t\t\t\ttext-align: center;\n\t\t\t\twidth: 20%;\n\t\t\t}\n\t\t\t#gallery-2 img {\n\t\t\t\tborder: 2px solid #cfcfcf;\n\t\t\t}\n\t\t\t#gallery-2 .gallery-caption {\n\t\t\t\tmargin-left: 0;\n\t\t\t}\n\t\t\t\/* see gallery_shortcode() in wp-includes\/media.php *\/\n\t\t<\/style>\n\t\t<div id='gallery-2' class='gallery galleryid-1359 gallery-columns-5 gallery-size-thumbnail'><dl class='gallery-item'>\n\t\t\t<dt class='gallery-icon landscape'>\n\t\t\t\t<a href='https:\/\/rene-schmitt.com\/wp-content\/uploads\/Ulay-UNHURT-01.jpg'><img width=\"75\" height=\"75\" src=\"https:\/\/rene-schmitt.com\/wp-content\/uploads\/Ulay-UNHURT-01-75x75.jpg\" class=\"attachment-thumbnail size-thumbnail\" alt=\"Ulay \u2013 UNHURT (01)\" loading=\"lazy\" srcset=\"https:\/\/rene-schmitt.com\/wp-content\/uploads\/Ulay-UNHURT-01-75x75.jpg 75w, https:\/\/rene-schmitt.com\/wp-content\/uploads\/Ulay-UNHURT-01-125x125.jpg 125w\" sizes=\"(max-width: 75px) 100vw, 75px\" \/><\/a>\n\t\t\t<\/dt><\/dl><dl class='gallery-item'>\n\t\t\t<dt class='gallery-icon landscape'>\n\t\t\t\t<a href='https:\/\/rene-schmitt.com\/wp-content\/uploads\/Ulay-UNHURT-02.jpg'><img width=\"75\" height=\"75\" src=\"https:\/\/rene-schmitt.com\/wp-content\/uploads\/Ulay-UNHURT-02-75x75.jpg\" class=\"attachment-thumbnail size-thumbnail\" alt=\"Ulay \u2013 UNHURT (02)\" loading=\"lazy\" srcset=\"https:\/\/rene-schmitt.com\/wp-content\/uploads\/Ulay-UNHURT-02-75x75.jpg 75w, https:\/\/rene-schmitt.com\/wp-content\/uploads\/Ulay-UNHURT-02-125x125.jpg 125w\" sizes=\"(max-width: 75px) 100vw, 75px\" \/><\/a>\n\t\t\t<\/dt><\/dl><dl class='gallery-item'>\n\t\t\t<dt class='gallery-icon landscape'>\n\t\t\t\t<a href='https:\/\/rene-schmitt.com\/wp-content\/uploads\/Ulay-UNHURT-03.jpg'><img width=\"75\" height=\"75\" src=\"https:\/\/rene-schmitt.com\/wp-content\/uploads\/Ulay-UNHURT-03-75x75.jpg\" class=\"attachment-thumbnail size-thumbnail\" alt=\"Ulay \u2013 UNHURT (03)\" loading=\"lazy\" srcset=\"https:\/\/rene-schmitt.com\/wp-content\/uploads\/Ulay-UNHURT-03-75x75.jpg 75w, https:\/\/rene-schmitt.com\/wp-content\/uploads\/Ulay-UNHURT-03-125x125.jpg 125w\" sizes=\"(max-width: 75px) 100vw, 75px\" \/><\/a>\n\t\t\t<\/dt><\/dl><dl class='gallery-item'>\n\t\t\t<dt class='gallery-icon landscape'>\n\t\t\t\t<a href='https:\/\/rene-schmitt.com\/wp-content\/uploads\/Ulay-UNHURT-04.jpg'><img width=\"75\" height=\"75\" src=\"https:\/\/rene-schmitt.com\/wp-content\/uploads\/Ulay-UNHURT-04-75x75.jpg\" class=\"attachment-thumbnail size-thumbnail\" alt=\"Ulay \u2013 UNHURT (04)\" loading=\"lazy\" srcset=\"https:\/\/rene-schmitt.com\/wp-content\/uploads\/Ulay-UNHURT-04-75x75.jpg 75w, https:\/\/rene-schmitt.com\/wp-content\/uploads\/Ulay-UNHURT-04-125x125.jpg 125w\" sizes=\"(max-width: 75px) 100vw, 75px\" \/><\/a>\n\t\t\t<\/dt><\/dl><dl class='gallery-item'>\n\t\t\t<dt class='gallery-icon landscape'>\n\t\t\t\t<a href='https:\/\/rene-schmitt.com\/wp-content\/uploads\/Ulay-UNHURT-05.jpg'><img width=\"75\" height=\"75\" src=\"https:\/\/rene-schmitt.com\/wp-content\/uploads\/Ulay-UNHURT-05-75x75.jpg\" class=\"attachment-thumbnail size-thumbnail\" alt=\"Ulay \u2013 UNHURT (05)\" loading=\"lazy\" srcset=\"https:\/\/rene-schmitt.com\/wp-content\/uploads\/Ulay-UNHURT-05-75x75.jpg 75w, https:\/\/rene-schmitt.com\/wp-content\/uploads\/Ulay-UNHURT-05-125x125.jpg 125w\" sizes=\"(max-width: 75px) 100vw, 75px\" \/><\/a>\n\t\t\t<\/dt><\/dl><br style=\"clear: both\" \/>\n\t\t<\/div>\n\n<p>&nbsp;<\/p>\n\n\t\t<style type=\"text\/css\">\n\t\t\t#gallery-3 {\n\t\t\t\tmargin: auto;\n\t\t\t}\n\t\t\t#gallery-3 .gallery-item {\n\t\t\t\tfloat: left;\n\t\t\t\tmargin-top: 10px;\n\t\t\t\ttext-align: center;\n\t\t\t\twidth: 20%;\n\t\t\t}\n\t\t\t#gallery-3 img {\n\t\t\t\tborder: 2px solid #cfcfcf;\n\t\t\t}\n\t\t\t#gallery-3 .gallery-caption {\n\t\t\t\tmargin-left: 0;\n\t\t\t}\n\t\t\t\/* see gallery_shortcode() in wp-includes\/media.php *\/\n\t\t<\/style>\n\t\t<div id='gallery-3' class='gallery galleryid-1359 gallery-columns-5 gallery-size-thumbnail'><dl class='gallery-item'>\n\t\t\t<dt class='gallery-icon landscape'>\n\t\t\t\t<a href='https:\/\/rene-schmitt.com\/wp-content\/uploads\/Ulay-UNHURT-06.jpg'><img width=\"75\" height=\"75\" src=\"https:\/\/rene-schmitt.com\/wp-content\/uploads\/Ulay-UNHURT-06-75x75.jpg\" class=\"attachment-thumbnail size-thumbnail\" alt=\"Ulay \u2013 UNHURT (06)\" loading=\"lazy\" srcset=\"https:\/\/rene-schmitt.com\/wp-content\/uploads\/Ulay-UNHURT-06-75x75.jpg 75w, https:\/\/rene-schmitt.com\/wp-content\/uploads\/Ulay-UNHURT-06-125x125.jpg 125w\" sizes=\"(max-width: 75px) 100vw, 75px\" \/><\/a>\n\t\t\t<\/dt><\/dl><dl class='gallery-item'>\n\t\t\t<dt class='gallery-icon landscape'>\n\t\t\t\t<a href='https:\/\/rene-schmitt.com\/wp-content\/uploads\/Ulay-UNHURT-Signing.jpg'><img width=\"75\" height=\"75\" src=\"https:\/\/rene-schmitt.com\/wp-content\/uploads\/Ulay-UNHURT-Signing-75x75.jpg\" class=\"attachment-thumbnail size-thumbnail\" alt=\"Ulay \u2013 UNHURT (Ulay signing)\" loading=\"lazy\" srcset=\"https:\/\/rene-schmitt.com\/wp-content\/uploads\/Ulay-UNHURT-Signing-75x75.jpg 75w, https:\/\/rene-schmitt.com\/wp-content\/uploads\/Ulay-UNHURT-Signing-125x125.jpg 125w\" sizes=\"(max-width: 75px) 100vw, 75px\" \/><\/a>\n\t\t\t<\/dt><\/dl>\n\t\t\t<br style='clear: both' \/>\n\t\t<\/div>\n\n<div id=\"description\">\n<h3>UNHURT (2015)<\/h3>\n<p>Portfolio von 5 Relief-Fl\u00e4chen-\u00d6l-Hochdrucken, Laser-Cut Stahlplatte<br \/>\nB\u00fctten 300 Gramm<br \/>\nGr\u00f6\u00dfe: jeweils 69 x 99 cm<br \/>\nAuflage: 15 + 1 a.p.<br \/>\nJeweils handsigniert, nummeriert und datiert<br \/>\n&nbsp;<br \/>\nPreis: EUR 22.000<br \/>\n&nbsp;<br \/>\n<a class=\"popmake-4147\" onclick=\"_paq.push(['trackGoal',4]);\"><strong>\u00bb Kaufanfrage<\/strong><\/a><br \/>\n&nbsp;<br \/>\n&nbsp;<br \/>\n<a class=\"popmake-4446\" onclick=\"_paq.push(['trackGoal',8]);\"><strong>\u00bb Ausstellung<\/strong><\/a><br \/>\n&nbsp;\n<\/div>\n<\/div>\n<div class='clear'><\/div>\n","protected":false},"excerpt":{"rendered":"<p>Ulay \u2013 UNHURT &nbsp; UNHURT (2015) Portfolio von 5 Relief-Fl\u00e4chen-\u00d6l-Hochdrucken, Laser-Cut Stahlplatte B\u00fctten 300 Gramm Gr\u00f6\u00dfe: jeweils 69 x 99 cm Auflage: 15 + 1 a.p. Jeweils handsigniert, nummeriert und datiert &nbsp; Preis: EUR 22.000 &nbsp; \u00bb Kaufanfrage &nbsp; &nbsp; \u00bb Ausstellung &nbsp;<\/p>\n","protected":false},"author":1,"featured_media":0,"parent":1356,"menu_order":0,"comment_status":"closed","ping_status":"closed","template":"page-fullwidth.php","meta":[],"_links":{"self":[{"href":"https:\/\/rene-schmitt.com\/de\/wp-json\/wp\/v2\/pages\/1359"}],"collection":[{"href":"https:\/\/rene-schmitt.com\/de\/wp-json\/wp\/v2\/pages"}],"about":[{"href":"https:\/\/rene-schmitt.com\/de\/wp-json\/wp\/v2\/types\/page"}],"author":[{"embeddable":true,"href":"https:\/\/rene-schmitt.com\/de\/wp-json\/wp\/v2\/users\/1"}],"replies":[{"embeddable":true,"href":"https:\/\/rene-schmitt.com\/de\/wp-json\/wp\/v2\/comments?post=1359"}],"version-history":[{"count":1,"href":"https:\/\/rene-schmitt.com\/de\/wp-json\/wp\/v2\/pages\/1359\/revisions"}],"predecessor-version":[{"id":4576,"href":"https:\/\/rene-schmitt.com\/de\/wp-json\/wp\/v2\/pages\/1359\/revisions\/4576"}],"up":[{"embeddable":true,"href":"https:\/\/rene-schmitt.com\/de\/wp-json\/wp\/v2\/pages\/1356"}],"wp:attachment":[{"href":"https:\/\/rene-schmitt.com\/de\/wp-json\/wp\/v2\/media?parent=1359"}],"curies":[{"name":"wp","href":"https:\/\/api.w.org\/{rel}","templated":true}]}}