{"id":1455,"date":"2015-07-30T00:00:21","date_gmt":"2015-07-29T22:00:21","guid":{"rendered":"http:\/\/rene-schmitt.com\/?page_id=1455"},"modified":"2022-02-20T15:46:35","modified_gmt":"2022-02-20T14:46:35","slug":"cff-nicole-kidman","status":"publish","type":"page","link":"https:\/\/rene-schmitt.com\/de\/kuenstler\/rose-wylie\/cff-nicole-kidman\/","title":{"rendered":"Rose Wylie \u2013 CFF Nicole Kidman (2015)"},"content":{"rendered":"<h1><a href=\"https:\/\/rene-schmitt.com\/de\/kuenstler\/rose-wylie\/\">Rose Wylie<\/a> \u2013 CFF Nicole Kidman<\/h1>\n<div class='grid_6 alpha'>\n\n\t\t<style type=\"text\/css\">\n\t\t\t#gallery-1 {\n\t\t\t\tmargin: auto;\n\t\t\t}\n\t\t\t#gallery-1 .gallery-item {\n\t\t\t\tfloat: left;\n\t\t\t\tmargin-top: 10px;\n\t\t\t\ttext-align: center;\n\t\t\t\twidth: 100%;\n\t\t\t}\n\t\t\t#gallery-1 img {\n\t\t\t\tborder: 2px solid #cfcfcf;\n\t\t\t}\n\t\t\t#gallery-1 .gallery-caption {\n\t\t\t\tmargin-left: 0;\n\t\t\t}\n\t\t\t\/* see gallery_shortcode() in wp-includes\/media.php *\/\n\t\t<\/style>\n\t\t<div id='gallery-1' class='gallery galleryid-1455 gallery-columns-1 gallery-size-medium'><dl class='gallery-item'>\n\t\t\t<dt class='gallery-icon portrait'>\n\t\t\t\t<a href='https:\/\/rene-schmitt.com\/wp-content\/uploads\/Rose-Wylie-Portrait.jpg'><img width=\"389\" height=\"500\" src=\"https:\/\/rene-schmitt.com\/wp-content\/uploads\/Rose-Wylie-Portrait-389x500.jpg\" class=\"attachment-medium size-medium\" alt=\"Rose Wylie \u2013 Portrait\" loading=\"lazy\" srcset=\"https:\/\/rene-schmitt.com\/wp-content\/uploads\/Rose-Wylie-Portrait-389x500.jpg 389w, https:\/\/rene-schmitt.com\/wp-content\/uploads\/Rose-Wylie-Portrait-768x987.jpg 768w, https:\/\/rene-schmitt.com\/wp-content\/uploads\/Rose-Wylie-Portrait-797x1024.jpg 797w, https:\/\/rene-schmitt.com\/wp-content\/uploads\/Rose-Wylie-Portrait-642x825.jpg 642w, https:\/\/rene-schmitt.com\/wp-content\/uploads\/Rose-Wylie-Portrait-978x1257.jpg 978w, https:\/\/rene-schmitt.com\/wp-content\/uploads\/Rose-Wylie-Portrait.jpg 996w\" sizes=\"(max-width: 389px) 100vw, 389px\" \/><\/a>\n\t\t\t<\/dt><\/dl><br style=\"clear: both\" \/>\n\t\t<\/div>\n\n<\/div>\n<div class='grid_6 omega'>\n\n\t\t<style type=\"text\/css\">\n\t\t\t#gallery-2 {\n\t\t\t\tmargin: auto;\n\t\t\t}\n\t\t\t#gallery-2 .gallery-item {\n\t\t\t\tfloat: left;\n\t\t\t\tmargin-top: 10px;\n\t\t\t\ttext-align: center;\n\t\t\t\twidth: 20%;\n\t\t\t}\n\t\t\t#gallery-2 img {\n\t\t\t\tborder: 2px solid #cfcfcf;\n\t\t\t}\n\t\t\t#gallery-2 .gallery-caption {\n\t\t\t\tmargin-left: 0;\n\t\t\t}\n\t\t\t\/* see gallery_shortcode() in wp-includes\/media.php *\/\n\t\t<\/style>\n\t\t<div id='gallery-2' class='gallery galleryid-1455 gallery-columns-5 gallery-size-thumbnail'><dl class='gallery-item'>\n\t\t\t<dt class='gallery-icon portrait'>\n\t\t\t\t<a href='https:\/\/rene-schmitt.com\/wp-content\/uploads\/Rose-Wylie-CFF-Nicole-Kidman-01.jpg'><img width=\"75\" height=\"75\" src=\"https:\/\/rene-schmitt.com\/wp-content\/uploads\/Rose-Wylie-CFF-Nicole-Kidman-01-75x75.jpg\" class=\"attachment-thumbnail size-thumbnail\" alt=\"Rose Wylie \u2013 CFF Nicole Kidman (01)\" loading=\"lazy\" srcset=\"https:\/\/rene-schmitt.com\/wp-content\/uploads\/Rose-Wylie-CFF-Nicole-Kidman-01-75x75.jpg 75w, https:\/\/rene-schmitt.com\/wp-content\/uploads\/Rose-Wylie-CFF-Nicole-Kidman-01-125x125.jpg 125w\" sizes=\"(max-width: 75px) 100vw, 75px\" \/><\/a>\n\t\t\t<\/dt><\/dl><dl class='gallery-item'>\n\t\t\t<dt class='gallery-icon portrait'>\n\t\t\t\t<a href='https:\/\/rene-schmitt.com\/wp-content\/uploads\/Rose-Wylie-CFF-Nicole-Kidman-02.jpg'><img width=\"75\" height=\"75\" src=\"https:\/\/rene-schmitt.com\/wp-content\/uploads\/Rose-Wylie-CFF-Nicole-Kidman-02-75x75.jpg\" class=\"attachment-thumbnail size-thumbnail\" alt=\"Rose Wylie \u2013 CFF Nicole Kidman (02)\" loading=\"lazy\" srcset=\"https:\/\/rene-schmitt.com\/wp-content\/uploads\/Rose-Wylie-CFF-Nicole-Kidman-02-75x75.jpg 75w, https:\/\/rene-schmitt.com\/wp-content\/uploads\/Rose-Wylie-CFF-Nicole-Kidman-02-125x125.jpg 125w\" sizes=\"(max-width: 75px) 100vw, 75px\" \/><\/a>\n\t\t\t<\/dt><\/dl><dl class='gallery-item'>\n\t\t\t<dt class='gallery-icon portrait'>\n\t\t\t\t<a href='https:\/\/rene-schmitt.com\/wp-content\/uploads\/Rose-Wylie-CFF-Nicole-Kidman-03.jpg'><img width=\"75\" height=\"75\" src=\"https:\/\/rene-schmitt.com\/wp-content\/uploads\/Rose-Wylie-CFF-Nicole-Kidman-03-75x75.jpg\" class=\"attachment-thumbnail size-thumbnail\" alt=\"Rose Wylie \u2013 CFF Nicole Kidman (03)\" loading=\"lazy\" srcset=\"https:\/\/rene-schmitt.com\/wp-content\/uploads\/Rose-Wylie-CFF-Nicole-Kidman-03-75x75.jpg 75w, https:\/\/rene-schmitt.com\/wp-content\/uploads\/Rose-Wylie-CFF-Nicole-Kidman-03-125x125.jpg 125w\" sizes=\"(max-width: 75px) 100vw, 75px\" \/><\/a>\n\t\t\t<\/dt><\/dl><dl class='gallery-item'>\n\t\t\t<dt class='gallery-icon portrait'>\n\t\t\t\t<a href='https:\/\/rene-schmitt.com\/wp-content\/uploads\/Rose-Wylie-CFF-Nicole-Kidman-04.jpg'><img width=\"75\" height=\"75\" src=\"https:\/\/rene-schmitt.com\/wp-content\/uploads\/Rose-Wylie-CFF-Nicole-Kidman-04-75x75.jpg\" class=\"attachment-thumbnail size-thumbnail\" alt=\"Rose Wylie \u2013 CFF Nicole Kidman (04)\" loading=\"lazy\" srcset=\"https:\/\/rene-schmitt.com\/wp-content\/uploads\/Rose-Wylie-CFF-Nicole-Kidman-04-75x75.jpg 75w, https:\/\/rene-schmitt.com\/wp-content\/uploads\/Rose-Wylie-CFF-Nicole-Kidman-04-125x125.jpg 125w\" sizes=\"(max-width: 75px) 100vw, 75px\" \/><\/a>\n\t\t\t<\/dt><\/dl><dl class='gallery-item'>\n\t\t\t<dt class='gallery-icon portrait'>\n\t\t\t\t<a href='https:\/\/rene-schmitt.com\/wp-content\/uploads\/Rose-Wylie-CFF-Nicole-Kidman-05.jpg'><img width=\"75\" height=\"75\" src=\"https:\/\/rene-schmitt.com\/wp-content\/uploads\/Rose-Wylie-CFF-Nicole-Kidman-05-75x75.jpg\" class=\"attachment-thumbnail size-thumbnail\" alt=\"Rose Wylie \u2013 CFF Nicole Kidman (05)\" loading=\"lazy\" srcset=\"https:\/\/rene-schmitt.com\/wp-content\/uploads\/Rose-Wylie-CFF-Nicole-Kidman-05-75x75.jpg 75w, https:\/\/rene-schmitt.com\/wp-content\/uploads\/Rose-Wylie-CFF-Nicole-Kidman-05-125x125.jpg 125w\" sizes=\"(max-width: 75px) 100vw, 75px\" \/><\/a>\n\t\t\t<\/dt><\/dl><br style=\"clear: both\" \/>\n\t\t<\/div>\n\n<p>&nbsp;<\/p>\n\n\t\t<style type=\"text\/css\">\n\t\t\t#gallery-3 {\n\t\t\t\tmargin: auto;\n\t\t\t}\n\t\t\t#gallery-3 .gallery-item {\n\t\t\t\tfloat: left;\n\t\t\t\tmargin-top: 10px;\n\t\t\t\ttext-align: center;\n\t\t\t\twidth: 20%;\n\t\t\t}\n\t\t\t#gallery-3 img {\n\t\t\t\tborder: 2px solid #cfcfcf;\n\t\t\t}\n\t\t\t#gallery-3 .gallery-caption {\n\t\t\t\tmargin-left: 0;\n\t\t\t}\n\t\t\t\/* see gallery_shortcode() in wp-includes\/media.php *\/\n\t\t<\/style>\n\t\t<div id='gallery-3' class='gallery galleryid-1455 gallery-columns-5 gallery-size-thumbnail'><dl class='gallery-item'>\n\t\t\t<dt class='gallery-icon landscape'>\n\t\t\t\t<a href='https:\/\/rene-schmitt.com\/wp-content\/uploads\/Rose-Wylie-CFF-Nicole-Kidman-06.jpg'><img width=\"75\" height=\"75\" src=\"https:\/\/rene-schmitt.com\/wp-content\/uploads\/Rose-Wylie-CFF-Nicole-Kidman-06-75x75.jpg\" class=\"attachment-thumbnail size-thumbnail\" alt=\"Rose Wylie \u2013 CFF Nicole Kidman (06)\" loading=\"lazy\" srcset=\"https:\/\/rene-schmitt.com\/wp-content\/uploads\/Rose-Wylie-CFF-Nicole-Kidman-06-75x75.jpg 75w, https:\/\/rene-schmitt.com\/wp-content\/uploads\/Rose-Wylie-CFF-Nicole-Kidman-06-125x125.jpg 125w\" sizes=\"(max-width: 75px) 100vw, 75px\" \/><\/a>\n\t\t\t<\/dt><\/dl>\n\t\t\t<br style='clear: both' \/>\n\t\t<\/div>\n\n<div id=\"description\">\n<h3>CFF Nicole Kidman (2015)<\/h3>\n<p>Portfolio von 7 Vernis Mou Radierungen auf Kupferplatte, Acryl, farbige Tusche \u00fcber Kupferradierung<br \/>\nZerkall B\u00fctten 300 Gramm<br \/>\nGr\u00f6\u00dfe: jeweils ca. 66 x 50 cm<br \/>\nAuflage: 7<br \/>\nJeweils handsigniert und nummeriert auf der R\u00fcckseite<br \/>\nRadierplatten gedruckt bei Atelier f\u00fcr Druckgraphik, Hamburg<br \/>\nAlterungsbest\u00e4ndige Archivmappen hergestellt von der Buchbinderei Henckus, Oldenburg<br \/>\n&nbsp;<br \/>\nSOLD OUT<br \/>\n&nbsp;<br \/>\n&nbsp;<br \/>\n<a class=\"popmake-4447\" onclick=\"_paq.push(['trackGoal',8]);\"><strong>\u00bb Ausstellung<\/strong><\/a><br \/>\n&nbsp;<br \/>\n&nbsp;<br \/>\n&nbsp;<br \/>\n&nbsp;<br \/>\n&nbsp;<\/p>\n<div id=\"edition\"><a href=\"https:\/\/rene-schmitt.com\/de\/kuenstler\/rose-wylie\/\"><strong>\u00bb Alle<\/strong> Editionen von Rose Wylie<\/a><\/div>\n<\/div>\n<\/div>\n<div class='clear'><\/div>\n","protected":false},"excerpt":{"rendered":"<p>Rose Wylie \u2013 CFF Nicole Kidman &nbsp; CFF Nicole Kidman (2015) Portfolio von 7 Vernis Mou Radierungen auf Kupferplatte, Acryl, farbige Tusche \u00fcber Kupferradierung Zerkall B\u00fctten 300 Gramm Gr\u00f6\u00dfe: jeweils ca. 66 x 50 cm Auflage: 7 Jeweils handsigniert und nummeriert auf der R\u00fcckseite Radierplatten gedruckt bei Atelier f\u00fcr Druckgraphik, Hamburg Alterungsbest\u00e4ndige Archivmappen hergestellt von [&hellip;]<\/p>\n","protected":false},"author":1,"featured_media":0,"parent":808,"menu_order":29,"comment_status":"closed","ping_status":"closed","template":"page-fullwidth.php","meta":[],"_links":{"self":[{"href":"https:\/\/rene-schmitt.com\/de\/wp-json\/wp\/v2\/pages\/1455"}],"collection":[{"href":"https:\/\/rene-schmitt.com\/de\/wp-json\/wp\/v2\/pages"}],"about":[{"href":"https:\/\/rene-schmitt.com\/de\/wp-json\/wp\/v2\/types\/page"}],"author":[{"embeddable":true,"href":"https:\/\/rene-schmitt.com\/de\/wp-json\/wp\/v2\/users\/1"}],"replies":[{"embeddable":true,"href":"https:\/\/rene-schmitt.com\/de\/wp-json\/wp\/v2\/comments?post=1455"}],"version-history":[{"count":4,"href":"https:\/\/rene-schmitt.com\/de\/wp-json\/wp\/v2\/pages\/1455\/revisions"}],"predecessor-version":[{"id":4718,"href":"https:\/\/rene-schmitt.com\/de\/wp-json\/wp\/v2\/pages\/1455\/revisions\/4718"}],"up":[{"embeddable":true,"href":"https:\/\/rene-schmitt.com\/de\/wp-json\/wp\/v2\/pages\/808"}],"wp:attachment":[{"href":"https:\/\/rene-schmitt.com\/de\/wp-json\/wp\/v2\/media?parent=1455"}],"curies":[{"name":"wp","href":"https:\/\/api.w.org\/{rel}","templated":true}]}}