{"id":1849,"date":"2016-09-11T00:00:21","date_gmt":"2016-09-10T22:00:21","guid":{"rendered":"http:\/\/rene-schmitt.com\/?page_id=1849"},"modified":"2022-02-20T22:04:57","modified_gmt":"2022-02-20T21:04:57","slug":"these-scenes","status":"publish","type":"page","link":"https:\/\/rene-schmitt.com\/de\/kuenstler\/art-and-language\/these-scenes\/","title":{"rendered":"Art &#038; Language \u2013 These Scenes (2016)"},"content":{"rendered":"<h1><a href=\"https:\/\/rene-schmitt.com\/de\/kuenstler\/art-and-language\/\">Art &#038; Language<\/a> \u2013 These Scenes<\/h1>\n<div class='grid_6 alpha'>\n\n\t\t<style type=\"text\/css\">\n\t\t\t#gallery-1 {\n\t\t\t\tmargin: auto;\n\t\t\t}\n\t\t\t#gallery-1 .gallery-item {\n\t\t\t\tfloat: left;\n\t\t\t\tmargin-top: 10px;\n\t\t\t\ttext-align: center;\n\t\t\t\twidth: 100%;\n\t\t\t}\n\t\t\t#gallery-1 img {\n\t\t\t\tborder: 2px solid #cfcfcf;\n\t\t\t}\n\t\t\t#gallery-1 .gallery-caption {\n\t\t\t\tmargin-left: 0;\n\t\t\t}\n\t\t\t\/* see gallery_shortcode() in wp-includes\/media.php *\/\n\t\t<\/style>\n\t\t<div id='gallery-1' class='gallery galleryid-1849 gallery-columns-1 gallery-size-medium'><dl class='gallery-item'>\n\t\t\t<dt class='gallery-icon portrait'>\n\t\t\t\t<a href='https:\/\/rene-schmitt.com\/wp-content\/uploads\/Art-and-Language-Portrait.jpg'><img width=\"418\" height=\"500\" src=\"https:\/\/rene-schmitt.com\/wp-content\/uploads\/Art-and-Language-Portrait-418x500.jpg\" class=\"attachment-medium size-medium\" alt=\"Art &amp; Language \u2013 Portrait\" loading=\"lazy\" srcset=\"https:\/\/rene-schmitt.com\/wp-content\/uploads\/Art-and-Language-Portrait-418x500.jpg 418w, https:\/\/rene-schmitt.com\/wp-content\/uploads\/Art-and-Language-Portrait-768x920.jpg 768w, https:\/\/rene-schmitt.com\/wp-content\/uploads\/Art-and-Language-Portrait-855x1024.jpg 855w, https:\/\/rene-schmitt.com\/wp-content\/uploads\/Art-and-Language-Portrait-642x769.jpg 642w, https:\/\/rene-schmitt.com\/wp-content\/uploads\/Art-and-Language-Portrait-978x1171.jpg 978w, https:\/\/rene-schmitt.com\/wp-content\/uploads\/Art-and-Language-Portrait.jpg 1069w\" sizes=\"(max-width: 418px) 100vw, 418px\" \/><\/a>\n\t\t\t<\/dt><\/dl><br style=\"clear: both\" \/>\n\t\t<\/div>\n\n<\/div>\n<div class='grid_6 omega'>\n\n\t\t<style type=\"text\/css\">\n\t\t\t#gallery-2 {\n\t\t\t\tmargin: auto;\n\t\t\t}\n\t\t\t#gallery-2 .gallery-item {\n\t\t\t\tfloat: left;\n\t\t\t\tmargin-top: 10px;\n\t\t\t\ttext-align: center;\n\t\t\t\twidth: 20%;\n\t\t\t}\n\t\t\t#gallery-2 img {\n\t\t\t\tborder: 2px solid #cfcfcf;\n\t\t\t}\n\t\t\t#gallery-2 .gallery-caption {\n\t\t\t\tmargin-left: 0;\n\t\t\t}\n\t\t\t\/* see gallery_shortcode() in wp-includes\/media.php *\/\n\t\t<\/style>\n\t\t<div id='gallery-2' class='gallery galleryid-1849 gallery-columns-5 gallery-size-thumbnail'><dl class='gallery-item'>\n\t\t\t<dt class='gallery-icon landscape'>\n\t\t\t\t<a href='https:\/\/rene-schmitt.com\/wp-content\/uploads\/Art-and-Language-These-Scenes-01.jpg'><img width=\"75\" height=\"75\" src=\"https:\/\/rene-schmitt.com\/wp-content\/uploads\/Art-and-Language-These-Scenes-01-75x75.jpg\" class=\"attachment-thumbnail size-thumbnail\" alt=\"Art &amp; Language \u2013 These Scenes (01)\" loading=\"lazy\" srcset=\"https:\/\/rene-schmitt.com\/wp-content\/uploads\/Art-and-Language-These-Scenes-01-75x75.jpg 75w, https:\/\/rene-schmitt.com\/wp-content\/uploads\/Art-and-Language-These-Scenes-01-125x125.jpg 125w\" sizes=\"(max-width: 75px) 100vw, 75px\" \/><\/a>\n\t\t\t<\/dt><\/dl><dl class='gallery-item'>\n\t\t\t<dt class='gallery-icon landscape'>\n\t\t\t\t<a href='https:\/\/rene-schmitt.com\/wp-content\/uploads\/Art-and-Language-These-Scenes-02.jpg'><img width=\"75\" height=\"75\" src=\"https:\/\/rene-schmitt.com\/wp-content\/uploads\/Art-and-Language-These-Scenes-02-75x75.jpg\" class=\"attachment-thumbnail size-thumbnail\" alt=\"Art &amp; Language \u2013 These Scenes (02)\" loading=\"lazy\" srcset=\"https:\/\/rene-schmitt.com\/wp-content\/uploads\/Art-and-Language-These-Scenes-02-75x75.jpg 75w, https:\/\/rene-schmitt.com\/wp-content\/uploads\/Art-and-Language-These-Scenes-02-125x125.jpg 125w\" sizes=\"(max-width: 75px) 100vw, 75px\" \/><\/a>\n\t\t\t<\/dt><\/dl><dl class='gallery-item'>\n\t\t\t<dt class='gallery-icon landscape'>\n\t\t\t\t<a href='https:\/\/rene-schmitt.com\/wp-content\/uploads\/Art-and-Language-These-Scenes-03.jpg'><img width=\"75\" height=\"75\" src=\"https:\/\/rene-schmitt.com\/wp-content\/uploads\/Art-and-Language-These-Scenes-03-75x75.jpg\" class=\"attachment-thumbnail size-thumbnail\" alt=\"Art &amp; Language \u2013 These Scenes (03)\" loading=\"lazy\" srcset=\"https:\/\/rene-schmitt.com\/wp-content\/uploads\/Art-and-Language-These-Scenes-03-75x75.jpg 75w, https:\/\/rene-schmitt.com\/wp-content\/uploads\/Art-and-Language-These-Scenes-03-125x125.jpg 125w\" sizes=\"(max-width: 75px) 100vw, 75px\" \/><\/a>\n\t\t\t<\/dt><\/dl><dl class='gallery-item'>\n\t\t\t<dt class='gallery-icon landscape'>\n\t\t\t\t<a href='https:\/\/rene-schmitt.com\/wp-content\/uploads\/Art-and-Language-These-Scenes-04.jpg'><img width=\"75\" height=\"75\" src=\"https:\/\/rene-schmitt.com\/wp-content\/uploads\/Art-and-Language-These-Scenes-04-75x75.jpg\" class=\"attachment-thumbnail size-thumbnail\" alt=\"Art &amp; Language \u2013 These Scenes (04)\" loading=\"lazy\" srcset=\"https:\/\/rene-schmitt.com\/wp-content\/uploads\/Art-and-Language-These-Scenes-04-75x75.jpg 75w, https:\/\/rene-schmitt.com\/wp-content\/uploads\/Art-and-Language-These-Scenes-04-125x125.jpg 125w\" sizes=\"(max-width: 75px) 100vw, 75px\" \/><\/a>\n\t\t\t<\/dt><\/dl><dl class='gallery-item'>\n\t\t\t<dt class='gallery-icon landscape'>\n\t\t\t\t<a href='https:\/\/rene-schmitt.com\/wp-content\/uploads\/Art-and-Language-These-Scenes-05.jpg'><img width=\"75\" height=\"75\" src=\"https:\/\/rene-schmitt.com\/wp-content\/uploads\/Art-and-Language-These-Scenes-05-75x75.jpg\" class=\"attachment-thumbnail size-thumbnail\" alt=\"Art &amp; Language \u2013 These Scenes (05)\" loading=\"lazy\" srcset=\"https:\/\/rene-schmitt.com\/wp-content\/uploads\/Art-and-Language-These-Scenes-05-75x75.jpg 75w, https:\/\/rene-schmitt.com\/wp-content\/uploads\/Art-and-Language-These-Scenes-05-125x125.jpg 125w\" sizes=\"(max-width: 75px) 100vw, 75px\" \/><\/a>\n\t\t\t<\/dt><\/dl><br style=\"clear: both\" \/>\n\t\t<\/div>\n\n<p>&nbsp;<\/p>\n\n\t\t<style type=\"text\/css\">\n\t\t\t#gallery-3 {\n\t\t\t\tmargin: auto;\n\t\t\t}\n\t\t\t#gallery-3 .gallery-item {\n\t\t\t\tfloat: left;\n\t\t\t\tmargin-top: 10px;\n\t\t\t\ttext-align: center;\n\t\t\t\twidth: 20%;\n\t\t\t}\n\t\t\t#gallery-3 img {\n\t\t\t\tborder: 2px solid #cfcfcf;\n\t\t\t}\n\t\t\t#gallery-3 .gallery-caption {\n\t\t\t\tmargin-left: 0;\n\t\t\t}\n\t\t\t\/* see gallery_shortcode() in wp-includes\/media.php *\/\n\t\t<\/style>\n\t\t<div id='gallery-3' class='gallery galleryid-1849 gallery-columns-5 gallery-size-thumbnail'><dl class='gallery-item'>\n\t\t\t<dt class='gallery-icon landscape'>\n\t\t\t\t<a href='https:\/\/rene-schmitt.com\/wp-content\/uploads\/Art-and-Language-These-Scenes-06.jpg'><img width=\"75\" height=\"75\" src=\"https:\/\/rene-schmitt.com\/wp-content\/uploads\/Art-and-Language-These-Scenes-06-75x75.jpg\" class=\"attachment-thumbnail size-thumbnail\" alt=\"Art &amp; Language \u2013 These Scenes (06)\" loading=\"lazy\" srcset=\"https:\/\/rene-schmitt.com\/wp-content\/uploads\/Art-and-Language-These-Scenes-06-75x75.jpg 75w, https:\/\/rene-schmitt.com\/wp-content\/uploads\/Art-and-Language-These-Scenes-06-125x125.jpg 125w\" sizes=\"(max-width: 75px) 100vw, 75px\" \/><\/a>\n\t\t\t<\/dt><\/dl><dl class='gallery-item'>\n\t\t\t<dt class='gallery-icon portrait'>\n\t\t\t\t<a href='https:\/\/rene-schmitt.com\/wp-content\/uploads\/Art-and-Language-These-Scenes-07.jpg'><img width=\"75\" height=\"75\" src=\"https:\/\/rene-schmitt.com\/wp-content\/uploads\/Art-and-Language-These-Scenes-07-75x75.jpg\" class=\"attachment-thumbnail size-thumbnail\" alt=\"Art &amp; Language \u2013 These Scenes (07)\" loading=\"lazy\" srcset=\"https:\/\/rene-schmitt.com\/wp-content\/uploads\/Art-and-Language-These-Scenes-07-75x75.jpg 75w, https:\/\/rene-schmitt.com\/wp-content\/uploads\/Art-and-Language-These-Scenes-07-125x125.jpg 125w\" sizes=\"(max-width: 75px) 100vw, 75px\" \/><\/a>\n\t\t\t<\/dt><\/dl><dl class='gallery-item'>\n\t\t\t<dt class='gallery-icon landscape'>\n\t\t\t\t<a href='https:\/\/rene-schmitt.com\/wp-content\/uploads\/Art-and-Language-These-Scenes-08.jpg'><img width=\"75\" height=\"75\" src=\"https:\/\/rene-schmitt.com\/wp-content\/uploads\/Art-and-Language-These-Scenes-08-75x75.jpg\" class=\"attachment-thumbnail size-thumbnail\" alt=\"Art &amp; Language \u2013 These Scenes (08)\" loading=\"lazy\" srcset=\"https:\/\/rene-schmitt.com\/wp-content\/uploads\/Art-and-Language-These-Scenes-08-75x75.jpg 75w, https:\/\/rene-schmitt.com\/wp-content\/uploads\/Art-and-Language-These-Scenes-08-125x125.jpg 125w\" sizes=\"(max-width: 75px) 100vw, 75px\" \/><\/a>\n\t\t\t<\/dt><\/dl><dl class='gallery-item'>\n\t\t\t<dt class='gallery-icon portrait'>\n\t\t\t\t<a href='https:\/\/rene-schmitt.com\/wp-content\/uploads\/Art-and-Language-These-Scenes-09.jpg'><img width=\"75\" height=\"75\" src=\"https:\/\/rene-schmitt.com\/wp-content\/uploads\/Art-and-Language-These-Scenes-09-75x75.jpg\" class=\"attachment-thumbnail size-thumbnail\" alt=\"Art &amp; Language \u2013 These Scenes (09)\" loading=\"lazy\" srcset=\"https:\/\/rene-schmitt.com\/wp-content\/uploads\/Art-and-Language-These-Scenes-09-75x75.jpg 75w, https:\/\/rene-schmitt.com\/wp-content\/uploads\/Art-and-Language-These-Scenes-09-125x125.jpg 125w\" sizes=\"(max-width: 75px) 100vw, 75px\" \/><\/a>\n\t\t\t<\/dt><\/dl><dl class='gallery-item'>\n\t\t\t<dt class='gallery-icon landscape'>\n\t\t\t\t<a href='https:\/\/rene-schmitt.com\/wp-content\/uploads\/Art-and-Language-These-Scenes-10.jpg'><img width=\"75\" height=\"75\" src=\"https:\/\/rene-schmitt.com\/wp-content\/uploads\/Art-and-Language-These-Scenes-10-75x75.jpg\" class=\"attachment-thumbnail size-thumbnail\" alt=\"Art &amp; Language \u2013 These Scenes (10)\" loading=\"lazy\" srcset=\"https:\/\/rene-schmitt.com\/wp-content\/uploads\/Art-and-Language-These-Scenes-10-75x75.jpg 75w, https:\/\/rene-schmitt.com\/wp-content\/uploads\/Art-and-Language-These-Scenes-10-125x125.jpg 125w\" sizes=\"(max-width: 75px) 100vw, 75px\" \/><\/a>\n\t\t\t<\/dt><\/dl><br style=\"clear: both\" \/>\n\t\t<\/div>\n\n<p>&nbsp;<\/p>\n\n\t\t<style type=\"text\/css\">\n\t\t\t#gallery-4 {\n\t\t\t\tmargin: auto;\n\t\t\t}\n\t\t\t#gallery-4 .gallery-item {\n\t\t\t\tfloat: left;\n\t\t\t\tmargin-top: 10px;\n\t\t\t\ttext-align: center;\n\t\t\t\twidth: 20%;\n\t\t\t}\n\t\t\t#gallery-4 img {\n\t\t\t\tborder: 2px solid #cfcfcf;\n\t\t\t}\n\t\t\t#gallery-4 .gallery-caption {\n\t\t\t\tmargin-left: 0;\n\t\t\t}\n\t\t\t\/* see gallery_shortcode() in wp-includes\/media.php *\/\n\t\t<\/style>\n\t\t<div id='gallery-4' class='gallery galleryid-1849 gallery-columns-5 gallery-size-thumbnail'><dl class='gallery-item'>\n\t\t\t<dt class='gallery-icon landscape'>\n\t\t\t\t<a href='https:\/\/rene-schmitt.com\/wp-content\/uploads\/Art-and-Language-These-Scenes-11.jpg'><img width=\"75\" height=\"75\" src=\"https:\/\/rene-schmitt.com\/wp-content\/uploads\/Art-and-Language-These-Scenes-11-75x75.jpg\" class=\"attachment-thumbnail size-thumbnail\" alt=\"Art &amp; Language \u2013 These Scenes (11)\" loading=\"lazy\" srcset=\"https:\/\/rene-schmitt.com\/wp-content\/uploads\/Art-and-Language-These-Scenes-11-75x75.jpg 75w, https:\/\/rene-schmitt.com\/wp-content\/uploads\/Art-and-Language-These-Scenes-11-125x125.jpg 125w\" sizes=\"(max-width: 75px) 100vw, 75px\" \/><\/a>\n\t\t\t<\/dt><\/dl><dl class='gallery-item'>\n\t\t\t<dt class='gallery-icon landscape'>\n\t\t\t\t<a href='https:\/\/rene-schmitt.com\/wp-content\/uploads\/Art-and-Language-These-Scenes-12.jpg'><img width=\"75\" height=\"75\" src=\"https:\/\/rene-schmitt.com\/wp-content\/uploads\/Art-and-Language-These-Scenes-12-75x75.jpg\" class=\"attachment-thumbnail size-thumbnail\" alt=\"Art &amp; Language \u2013 These Scenes (12)\" loading=\"lazy\" srcset=\"https:\/\/rene-schmitt.com\/wp-content\/uploads\/Art-and-Language-These-Scenes-12-75x75.jpg 75w, https:\/\/rene-schmitt.com\/wp-content\/uploads\/Art-and-Language-These-Scenes-12-125x125.jpg 125w\" sizes=\"(max-width: 75px) 100vw, 75px\" \/><\/a>\n\t\t\t<\/dt><\/dl><dl class='gallery-item'>\n\t\t\t<dt class='gallery-icon landscape'>\n\t\t\t\t<a href='https:\/\/rene-schmitt.com\/wp-content\/uploads\/Art-and-Language-These-Scenes-13.jpg'><img width=\"75\" height=\"75\" src=\"https:\/\/rene-schmitt.com\/wp-content\/uploads\/Art-and-Language-These-Scenes-13-75x75.jpg\" class=\"attachment-thumbnail size-thumbnail\" alt=\"Art &amp; Language \u2013 These Scenes (13)\" loading=\"lazy\" srcset=\"https:\/\/rene-schmitt.com\/wp-content\/uploads\/Art-and-Language-These-Scenes-13-75x75.jpg 75w, https:\/\/rene-schmitt.com\/wp-content\/uploads\/Art-and-Language-These-Scenes-13-125x125.jpg 125w\" sizes=\"(max-width: 75px) 100vw, 75px\" \/><\/a>\n\t\t\t<\/dt><\/dl><dl class='gallery-item'>\n\t\t\t<dt class='gallery-icon landscape'>\n\t\t\t\t<a href='https:\/\/rene-schmitt.com\/wp-content\/uploads\/Art-and-Language-These-Scenes-14.jpg'><img width=\"75\" height=\"75\" src=\"https:\/\/rene-schmitt.com\/wp-content\/uploads\/Art-and-Language-These-Scenes-14-75x75.jpg\" class=\"attachment-thumbnail size-thumbnail\" alt=\"Art &amp; Language \u2013 These Scenes (14)\" loading=\"lazy\" srcset=\"https:\/\/rene-schmitt.com\/wp-content\/uploads\/Art-and-Language-These-Scenes-14-75x75.jpg 75w, https:\/\/rene-schmitt.com\/wp-content\/uploads\/Art-and-Language-These-Scenes-14-125x125.jpg 125w\" sizes=\"(max-width: 75px) 100vw, 75px\" \/><\/a>\n\t\t\t<\/dt><\/dl><dl class='gallery-item'>\n\t\t\t<dt class='gallery-icon landscape'>\n\t\t\t\t<a href='https:\/\/rene-schmitt.com\/wp-content\/uploads\/Art-and-Language-These-Scenes-15.jpg'><img width=\"75\" height=\"75\" src=\"https:\/\/rene-schmitt.com\/wp-content\/uploads\/Art-and-Language-These-Scenes-15-75x75.jpg\" class=\"attachment-thumbnail size-thumbnail\" alt=\"Art &amp; Language \u2013 These Scenes (15)\" loading=\"lazy\" srcset=\"https:\/\/rene-schmitt.com\/wp-content\/uploads\/Art-and-Language-These-Scenes-15-75x75.jpg 75w, https:\/\/rene-schmitt.com\/wp-content\/uploads\/Art-and-Language-These-Scenes-15-125x125.jpg 125w\" sizes=\"(max-width: 75px) 100vw, 75px\" \/><\/a>\n\t\t\t<\/dt><\/dl><br style=\"clear: both\" \/>\n\t\t<\/div>\n\n<div id=\"description\">\n<h3>These Scenes (2016)<\/h3>\n<p>Portfolio von 5 Mixed Media Collagen aus Monotypie, Holzblock Druckstock, Aquatinta Radierung, Xerox Print, Bleistiftzeichnung, Crayon Zeichnung und<br \/>\nLetraset auf 300 Gramm Zerkall B\u00fcttenpapier in Holzkiste, jeweils mit Unikat Gem\u00e4lde<br \/>\nGr\u00f6\u00dfe: jeweils 81 x 120,4 cm<br \/>\nAuflage: 12 + 2 h.c. (Unikate)<br \/>\nJeweils handsigniert und nummeriert<br \/>\nGedruckt in der Druckwerkstatt der St\u00e4dtische Galerie Wolfsburg<br \/>\n&nbsp;<br \/>\nPreis: EUR&nbsp;100.000<br \/>\n&nbsp;<br \/>\n<a class=\"popmake-4147\" onclick=\"_paq.push(['trackGoal',4]);\"><strong>\u00bb Kaufanfrage<\/strong><\/a><br \/>\n&nbsp;<br \/>\n<a class=\"popmake-4436\" onclick=\"_paq.push(['trackGoal',8]);\"><strong>\u00bb Ausstellung<\/strong><\/a><\/p>\n<div id=\"edition\"><a href=\"https:\/\/rene-schmitt.com\/de\/kuenstler\/art-and-language\/\"><strong>\u00bb Alle<\/strong> Editionen von Art &#038; Language<\/a><\/div>\n<\/div>\n<\/div>\n<div class='clear'><\/div>\n","protected":false},"excerpt":{"rendered":"<p>Art &#038; Language \u2013 These Scenes &nbsp; &nbsp; These Scenes (2016) Portfolio von 5 Mixed Media Collagen aus Monotypie, Holzblock Druckstock, Aquatinta Radierung, Xerox Print, Bleistiftzeichnung, Crayon Zeichnung und Letraset auf 300 Gramm Zerkall B\u00fcttenpapier in Holzkiste, jeweils mit Unikat Gem\u00e4lde Gr\u00f6\u00dfe: jeweils 81 x 120,4 cm Auflage: 12 + 2 h.c. (Unikate) Jeweils handsigniert [&hellip;]<\/p>\n","protected":false},"author":1,"featured_media":0,"parent":1845,"menu_order":0,"comment_status":"closed","ping_status":"closed","template":"page-fullwidth.php","meta":[],"_links":{"self":[{"href":"https:\/\/rene-schmitt.com\/de\/wp-json\/wp\/v2\/pages\/1849"}],"collection":[{"href":"https:\/\/rene-schmitt.com\/de\/wp-json\/wp\/v2\/pages"}],"about":[{"href":"https:\/\/rene-schmitt.com\/de\/wp-json\/wp\/v2\/types\/page"}],"author":[{"embeddable":true,"href":"https:\/\/rene-schmitt.com\/de\/wp-json\/wp\/v2\/users\/1"}],"replies":[{"embeddable":true,"href":"https:\/\/rene-schmitt.com\/de\/wp-json\/wp\/v2\/comments?post=1849"}],"version-history":[{"count":7,"href":"https:\/\/rene-schmitt.com\/de\/wp-json\/wp\/v2\/pages\/1849\/revisions"}],"predecessor-version":[{"id":4782,"href":"https:\/\/rene-schmitt.com\/de\/wp-json\/wp\/v2\/pages\/1849\/revisions\/4782"}],"up":[{"embeddable":true,"href":"https:\/\/rene-schmitt.com\/de\/wp-json\/wp\/v2\/pages\/1845"}],"wp:attachment":[{"href":"https:\/\/rene-schmitt.com\/de\/wp-json\/wp\/v2\/media?parent=1849"}],"curies":[{"name":"wp","href":"https:\/\/api.w.org\/{rel}","templated":true}]}}