{"id":2106,"date":"2017-08-25T00:00:21","date_gmt":"2017-08-24T22:00:21","guid":{"rendered":"http:\/\/rene-schmitt.com\/?page_id=2106\/"},"modified":"2022-02-19T18:00:52","modified_gmt":"2022-02-19T17:00:52","slug":"cutting-out-conyt","status":"publish","type":"page","link":"https:\/\/rene-schmitt.com\/de\/kuenstler\/lorraine-ogrady\/cutting-out-conyt\/","title":{"rendered":"Lorraine O&#8217;Grady \u2013 Cutting Out CONYT (1977\/2017)"},"content":{"rendered":"<h1><a href=\"https:\/\/rene-schmitt.com\/de\/kuenstler\/lorraine-ogrady\/\">Lorraine O&#8217;Grady<\/a> \u2013 Cutting Out CONYT<\/h1>\n<div class='grid_6 alpha'>\n\n\t\t<style type=\"text\/css\">\n\t\t\t#gallery-1 {\n\t\t\t\tmargin: auto;\n\t\t\t}\n\t\t\t#gallery-1 .gallery-item {\n\t\t\t\tfloat: left;\n\t\t\t\tmargin-top: 10px;\n\t\t\t\ttext-align: center;\n\t\t\t\twidth: 100%;\n\t\t\t}\n\t\t\t#gallery-1 img {\n\t\t\t\tborder: 2px solid #cfcfcf;\n\t\t\t}\n\t\t\t#gallery-1 .gallery-caption {\n\t\t\t\tmargin-left: 0;\n\t\t\t}\n\t\t\t\/* see gallery_shortcode() in wp-includes\/media.php *\/\n\t\t<\/style>\n\t\t<div id='gallery-1' class='gallery galleryid-2106 gallery-columns-1 gallery-size-medium'><dl class='gallery-item'>\n\t\t\t<dt class='gallery-icon portrait'>\n\t\t\t\t<a href='https:\/\/rene-schmitt.com\/wp-content\/uploads\/Lorraine-OGrady-Portrait.jpg'><img width=\"460\" height=\"500\" src=\"https:\/\/rene-schmitt.com\/wp-content\/uploads\/Lorraine-OGrady-Portrait-460x500.jpg\" class=\"attachment-medium size-medium\" alt=\"Lorraine O&#039;Grady \u2013 Portrait\" loading=\"lazy\" srcset=\"https:\/\/rene-schmitt.com\/wp-content\/uploads\/Lorraine-OGrady-Portrait-460x500.jpg 460w, https:\/\/rene-schmitt.com\/wp-content\/uploads\/Lorraine-OGrady-Portrait-942x1024.jpg 942w, https:\/\/rene-schmitt.com\/wp-content\/uploads\/Lorraine-OGrady-Portrait-768x835.jpg 768w, https:\/\/rene-schmitt.com\/wp-content\/uploads\/Lorraine-OGrady-Portrait-642x698.jpg 642w, https:\/\/rene-schmitt.com\/wp-content\/uploads\/Lorraine-OGrady-Portrait-978x1064.jpg 978w, https:\/\/rene-schmitt.com\/wp-content\/uploads\/Lorraine-OGrady-Portrait.jpg 1280w\" sizes=\"(max-width: 460px) 100vw, 460px\" \/><\/a>\n\t\t\t<\/dt><\/dl><br style=\"clear: both\" \/>\n\t\t<\/div>\n\n<\/div>\n<div class='grid_6 omega'>\n\n\t\t<style type=\"text\/css\">\n\t\t\t#gallery-2 {\n\t\t\t\tmargin: auto;\n\t\t\t}\n\t\t\t#gallery-2 .gallery-item {\n\t\t\t\tfloat: left;\n\t\t\t\tmargin-top: 10px;\n\t\t\t\ttext-align: center;\n\t\t\t\twidth: 20%;\n\t\t\t}\n\t\t\t#gallery-2 img {\n\t\t\t\tborder: 2px solid #cfcfcf;\n\t\t\t}\n\t\t\t#gallery-2 .gallery-caption {\n\t\t\t\tmargin-left: 0;\n\t\t\t}\n\t\t\t\/* see gallery_shortcode() in wp-includes\/media.php *\/\n\t\t<\/style>\n\t\t<div id='gallery-2' class='gallery galleryid-2106 gallery-columns-5 gallery-size-thumbnail'><dl class='gallery-item'>\n\t\t\t<dt class='gallery-icon landscape'>\n\t\t\t\t<a href='https:\/\/rene-schmitt.com\/wp-content\/uploads\/Lorraine-OGrady-Cutting-Out-CONYT-A_Haiku_Diptych_01.jpg'><img width=\"75\" height=\"75\" src=\"https:\/\/rene-schmitt.com\/wp-content\/uploads\/Lorraine-OGrady-Cutting-Out-CONYT-A_Haiku_Diptych_01-75x75.jpg\" class=\"attachment-thumbnail size-thumbnail\" alt=\"Lorraine O&#039;Grady \u2013 Cutting Out CONYT (A_Haiku_Diptych_01)\" loading=\"lazy\" srcset=\"https:\/\/rene-schmitt.com\/wp-content\/uploads\/Lorraine-OGrady-Cutting-Out-CONYT-A_Haiku_Diptych_01-75x75.jpg 75w, https:\/\/rene-schmitt.com\/wp-content\/uploads\/Lorraine-OGrady-Cutting-Out-CONYT-A_Haiku_Diptych_01-125x125.jpg 125w\" sizes=\"(max-width: 75px) 100vw, 75px\" \/><\/a>\n\t\t\t<\/dt><\/dl><dl class='gallery-item'>\n\t\t\t<dt class='gallery-icon landscape'>\n\t\t\t\t<a href='https:\/\/rene-schmitt.com\/wp-content\/uploads\/Lorraine-OGrady-Cutting-Out-CONYT-A_Haiku_Diptych_02.jpg'><img width=\"75\" height=\"75\" src=\"https:\/\/rene-schmitt.com\/wp-content\/uploads\/Lorraine-OGrady-Cutting-Out-CONYT-A_Haiku_Diptych_02-75x75.jpg\" class=\"attachment-thumbnail size-thumbnail\" alt=\"Lorraine O&#039;Grady \u2013 Cutting Out CONYT (A_Haiku_Diptych_02)\" loading=\"lazy\" srcset=\"https:\/\/rene-schmitt.com\/wp-content\/uploads\/Lorraine-OGrady-Cutting-Out-CONYT-A_Haiku_Diptych_02-75x75.jpg 75w, https:\/\/rene-schmitt.com\/wp-content\/uploads\/Lorraine-OGrady-Cutting-Out-CONYT-A_Haiku_Diptych_02-125x125.jpg 125w\" sizes=\"(max-width: 75px) 100vw, 75px\" \/><\/a>\n\t\t\t<\/dt><\/dl><dl class='gallery-item'>\n\t\t\t<dt class='gallery-icon landscape'>\n\t\t\t\t<a href='https:\/\/rene-schmitt.com\/wp-content\/uploads\/Lorraine-OGrady-Cutting-Out-CONYT-A_Haiku_Diptych_03.jpg'><img width=\"75\" height=\"75\" src=\"https:\/\/rene-schmitt.com\/wp-content\/uploads\/Lorraine-OGrady-Cutting-Out-CONYT-A_Haiku_Diptych_03-75x75.jpg\" class=\"attachment-thumbnail size-thumbnail\" alt=\"Lorraine O&#039;Grady \u2013 Cutting Out CONYT (A_Haiku_Diptych_03)\" loading=\"lazy\" srcset=\"https:\/\/rene-schmitt.com\/wp-content\/uploads\/Lorraine-OGrady-Cutting-Out-CONYT-A_Haiku_Diptych_03-75x75.jpg 75w, https:\/\/rene-schmitt.com\/wp-content\/uploads\/Lorraine-OGrady-Cutting-Out-CONYT-A_Haiku_Diptych_03-125x125.jpg 125w\" sizes=\"(max-width: 75px) 100vw, 75px\" \/><\/a>\n\t\t\t<\/dt><\/dl><dl class='gallery-item'>\n\t\t\t<dt class='gallery-icon landscape'>\n\t\t\t\t<a href='https:\/\/rene-schmitt.com\/wp-content\/uploads\/Lorraine-OGrady-Cutting-Out-CONYT-A_Haiku_Diptych_04.jpg'><img width=\"75\" height=\"75\" src=\"https:\/\/rene-schmitt.com\/wp-content\/uploads\/Lorraine-OGrady-Cutting-Out-CONYT-A_Haiku_Diptych_04-75x75.jpg\" class=\"attachment-thumbnail size-thumbnail\" alt=\"Lorraine O&#039;Grady \u2013 Cutting Out CONYT (A_Haiku_Diptych_04)\" loading=\"lazy\" srcset=\"https:\/\/rene-schmitt.com\/wp-content\/uploads\/Lorraine-OGrady-Cutting-Out-CONYT-A_Haiku_Diptych_04-75x75.jpg 75w, https:\/\/rene-schmitt.com\/wp-content\/uploads\/Lorraine-OGrady-Cutting-Out-CONYT-A_Haiku_Diptych_04-125x125.jpg 125w\" sizes=\"(max-width: 75px) 100vw, 75px\" \/><\/a>\n\t\t\t<\/dt><\/dl><dl class='gallery-item'>\n\t\t\t<dt class='gallery-icon landscape'>\n\t\t\t\t<a href='https:\/\/rene-schmitt.com\/wp-content\/uploads\/Lorraine-OGrady-Cutting-Out-CONYT-B_Haiku_Diptych_05.jpg'><img width=\"75\" height=\"75\" src=\"https:\/\/rene-schmitt.com\/wp-content\/uploads\/Lorraine-OGrady-Cutting-Out-CONYT-B_Haiku_Diptych_05-75x75.jpg\" class=\"attachment-thumbnail size-thumbnail\" alt=\"Lorraine O&#039;Grady \u2013 Cutting Out CONYT (B_Haiku_Diptych_05)\" loading=\"lazy\" srcset=\"https:\/\/rene-schmitt.com\/wp-content\/uploads\/Lorraine-OGrady-Cutting-Out-CONYT-B_Haiku_Diptych_05-75x75.jpg 75w, https:\/\/rene-schmitt.com\/wp-content\/uploads\/Lorraine-OGrady-Cutting-Out-CONYT-B_Haiku_Diptych_05-125x125.jpg 125w\" sizes=\"(max-width: 75px) 100vw, 75px\" \/><\/a>\n\t\t\t<\/dt><\/dl><br style=\"clear: both\" \/>\n\t\t<\/div>\n\n<p>&nbsp;<\/p>\n\n\t\t<style type=\"text\/css\">\n\t\t\t#gallery-3 {\n\t\t\t\tmargin: auto;\n\t\t\t}\n\t\t\t#gallery-3 .gallery-item {\n\t\t\t\tfloat: left;\n\t\t\t\tmargin-top: 10px;\n\t\t\t\ttext-align: center;\n\t\t\t\twidth: 20%;\n\t\t\t}\n\t\t\t#gallery-3 img {\n\t\t\t\tborder: 2px solid #cfcfcf;\n\t\t\t}\n\t\t\t#gallery-3 .gallery-caption {\n\t\t\t\tmargin-left: 0;\n\t\t\t}\n\t\t\t\/* see gallery_shortcode() in wp-includes\/media.php *\/\n\t\t<\/style>\n\t\t<div id='gallery-3' class='gallery galleryid-2106 gallery-columns-5 gallery-size-thumbnail'><dl class='gallery-item'>\n\t\t\t<dt class='gallery-icon landscape'>\n\t\t\t\t<a href='https:\/\/rene-schmitt.com\/wp-content\/uploads\/Lorraine-OGrady-Cutting-Out-CONYT-B_Haiku_Diptych_06.jpg'><img width=\"75\" height=\"75\" src=\"https:\/\/rene-schmitt.com\/wp-content\/uploads\/Lorraine-OGrady-Cutting-Out-CONYT-B_Haiku_Diptych_06-75x75.jpg\" class=\"attachment-thumbnail size-thumbnail\" alt=\"Lorraine O&#039;Grady \u2013 Cutting Out CONYT (B_Haiku_Diptych_06)\" loading=\"lazy\" srcset=\"https:\/\/rene-schmitt.com\/wp-content\/uploads\/Lorraine-OGrady-Cutting-Out-CONYT-B_Haiku_Diptych_06-75x75.jpg 75w, https:\/\/rene-schmitt.com\/wp-content\/uploads\/Lorraine-OGrady-Cutting-Out-CONYT-B_Haiku_Diptych_06-125x125.jpg 125w\" sizes=\"(max-width: 75px) 100vw, 75px\" \/><\/a>\n\t\t\t<\/dt><\/dl><dl class='gallery-item'>\n\t\t\t<dt class='gallery-icon landscape'>\n\t\t\t\t<a href='https:\/\/rene-schmitt.com\/wp-content\/uploads\/Lorraine-OGrady-Cutting-Out-CONYT-B_Haiku_Diptych_07.jpg'><img width=\"75\" height=\"75\" src=\"https:\/\/rene-schmitt.com\/wp-content\/uploads\/Lorraine-OGrady-Cutting-Out-CONYT-B_Haiku_Diptych_07-75x75.jpg\" class=\"attachment-thumbnail size-thumbnail\" alt=\"Lorraine O&#039;Grady \u2013 Cutting Out CONYT (B_Haiku_Diptych_07)\" loading=\"lazy\" srcset=\"https:\/\/rene-schmitt.com\/wp-content\/uploads\/Lorraine-OGrady-Cutting-Out-CONYT-B_Haiku_Diptych_07-75x75.jpg 75w, https:\/\/rene-schmitt.com\/wp-content\/uploads\/Lorraine-OGrady-Cutting-Out-CONYT-B_Haiku_Diptych_07-125x125.jpg 125w\" sizes=\"(max-width: 75px) 100vw, 75px\" \/><\/a>\n\t\t\t<\/dt><\/dl><dl class='gallery-item'>\n\t\t\t<dt class='gallery-icon landscape'>\n\t\t\t\t<a href='https:\/\/rene-schmitt.com\/wp-content\/uploads\/Lorraine-OGrady-Cutting-Out-CONYT-B_Haiku_Diptych_08.jpg'><img width=\"75\" height=\"75\" src=\"https:\/\/rene-schmitt.com\/wp-content\/uploads\/Lorraine-OGrady-Cutting-Out-CONYT-B_Haiku_Diptych_08-75x75.jpg\" class=\"attachment-thumbnail size-thumbnail\" alt=\"Lorraine O&#039;Grady \u2013 Cutting Out CONYT (B_Haiku_Diptych_08)\" loading=\"lazy\" srcset=\"https:\/\/rene-schmitt.com\/wp-content\/uploads\/Lorraine-OGrady-Cutting-Out-CONYT-B_Haiku_Diptych_08-75x75.jpg 75w, https:\/\/rene-schmitt.com\/wp-content\/uploads\/Lorraine-OGrady-Cutting-Out-CONYT-B_Haiku_Diptych_08-125x125.jpg 125w\" sizes=\"(max-width: 75px) 100vw, 75px\" \/><\/a>\n\t\t\t<\/dt><\/dl><dl class='gallery-item'>\n\t\t\t<dt class='gallery-icon landscape'>\n\t\t\t\t<a href='https:\/\/rene-schmitt.com\/wp-content\/uploads\/Lorraine-OGrady-Cutting-Out-CONYT-C_Haiku_Diptych_09.jpg'><img width=\"75\" height=\"75\" src=\"https:\/\/rene-schmitt.com\/wp-content\/uploads\/Lorraine-OGrady-Cutting-Out-CONYT-C_Haiku_Diptych_09-75x75.jpg\" class=\"attachment-thumbnail size-thumbnail\" alt=\"Lorraine O&#039;Grady \u2013 Cutting Out CONYT (C_Haiku_Diptych_09)\" loading=\"lazy\" srcset=\"https:\/\/rene-schmitt.com\/wp-content\/uploads\/Lorraine-OGrady-Cutting-Out-CONYT-C_Haiku_Diptych_09-75x75.jpg 75w, https:\/\/rene-schmitt.com\/wp-content\/uploads\/Lorraine-OGrady-Cutting-Out-CONYT-C_Haiku_Diptych_09-125x125.jpg 125w\" sizes=\"(max-width: 75px) 100vw, 75px\" \/><\/a>\n\t\t\t<\/dt><\/dl><dl class='gallery-item'>\n\t\t\t<dt class='gallery-icon landscape'>\n\t\t\t\t<a href='https:\/\/rene-schmitt.com\/wp-content\/uploads\/Lorraine-OGrady-Cutting-Out-CONYT-C_Haiku_Diptych_10.jpg'><img width=\"75\" height=\"75\" src=\"https:\/\/rene-schmitt.com\/wp-content\/uploads\/Lorraine-OGrady-Cutting-Out-CONYT-C_Haiku_Diptych_10-75x75.jpg\" class=\"attachment-thumbnail size-thumbnail\" alt=\"Lorraine O&#039;Grady \u2013 Cutting Out CONYT (C_Haiku_Diptych_10)\" loading=\"lazy\" srcset=\"https:\/\/rene-schmitt.com\/wp-content\/uploads\/Lorraine-OGrady-Cutting-Out-CONYT-C_Haiku_Diptych_10-75x75.jpg 75w, https:\/\/rene-schmitt.com\/wp-content\/uploads\/Lorraine-OGrady-Cutting-Out-CONYT-C_Haiku_Diptych_10-125x125.jpg 125w\" sizes=\"(max-width: 75px) 100vw, 75px\" \/><\/a>\n\t\t\t<\/dt><\/dl><br style=\"clear: both\" \/>\n\t\t<\/div>\n\n<div id=\"description\">\n<h3>Cutting Out CONYT (1977\/2017)<\/h3>\n<p>25 Diptychen und 1 Manifest<br \/>\nLetterpress Druck auf Japanpapier, Cut-Out, Collage auf B\u00fcttenpapier<br \/>\nGr\u00f6\u00dfe: jeweils 106 x 76 cm<br \/>\nAuflage: 12 + 1 (Editionsnummern 1, 2, 8 und 9 nur als Komplettset erh\u00e4ltlich)<br \/>\nJedes Blatt handsigniert, nummeriert und datiert<br \/>\nGedruckt bei Atelier f\u00fcr Druckgraphik, Deutschland<br \/>\n&nbsp;<br \/>\n<u>Preis<\/u><br \/>\nDiptychen:&nbsp;&nbsp;&nbsp;&nbsp;&nbsp;&nbsp;&nbsp;&nbsp;&nbsp;&nbsp;&nbsp;&nbsp;USD 20.000 (je Editionsnummer)<br \/>\nIndividual Panel:&nbsp;USD 20.000 (je Editionsnummer)<br \/>\nKomplettserie:&nbsp;&nbsp;&nbsp;&nbsp;&nbsp;&nbsp;PAA<br \/>\n&nbsp;<br \/>\n<a class=\"popmake-4147\" onclick=\"_paq.push(['trackGoal',4]);\"><strong>\u00bb Kaufanfrage<\/strong><\/a><br \/>\n&nbsp;<br \/>\n&nbsp;<br \/>\n<a class=\"popmake-4440\" onclick=\"_paq.push(['trackGoal',8]);\"><strong>\u00bb Ausstellung<\/strong><\/a><br \/>\n&nbsp;<\/p>\n<div id=\"edition\"><a href=\"https:\/\/rene-schmitt.com\/de\/kuenstler\/lorraine-ogrady\/cutting-out-conyt-bilder\/\"><strong>\u00bb Mehr<\/strong> Bilder (Lorraine O&#8217;Grady \u2013 Cutting Out CONYT)<\/a><\/div>\n<div id=\"edition\"><a href=\"https:\/\/rene-schmitt.com\/de\/kuenstler\/lorraine-ogrady\/\"><strong>\u00bb Alle<\/strong> Editionen von Lorraine O&#8217;Grady<\/a><\/div>\n<\/div>\n<\/div>\n<div class='clear'><\/div>\n","protected":false},"excerpt":{"rendered":"<p>Lorraine O&#8217;Grady \u2013 Cutting Out CONYT &nbsp; Cutting Out CONYT (1977\/2017) 25 Diptychen und 1 Manifest Letterpress Druck auf Japanpapier, Cut-Out, Collage auf B\u00fcttenpapier Gr\u00f6\u00dfe: jeweils 106 x 76 cm Auflage: 12 + 1 (Editionsnummern 1, 2, 8 und 9 nur als Komplettset erh\u00e4ltlich) Jedes Blatt handsigniert, nummeriert und datiert Gedruckt bei Atelier f\u00fcr Druckgraphik, [&hellip;]<\/p>\n","protected":false},"author":1,"featured_media":0,"parent":2108,"menu_order":0,"comment_status":"closed","ping_status":"closed","template":"page-fullwidth.php","meta":[],"_links":{"self":[{"href":"https:\/\/rene-schmitt.com\/de\/wp-json\/wp\/v2\/pages\/2106"}],"collection":[{"href":"https:\/\/rene-schmitt.com\/de\/wp-json\/wp\/v2\/pages"}],"about":[{"href":"https:\/\/rene-schmitt.com\/de\/wp-json\/wp\/v2\/types\/page"}],"author":[{"embeddable":true,"href":"https:\/\/rene-schmitt.com\/de\/wp-json\/wp\/v2\/users\/1"}],"replies":[{"embeddable":true,"href":"https:\/\/rene-schmitt.com\/de\/wp-json\/wp\/v2\/comments?post=2106"}],"version-history":[{"count":10,"href":"https:\/\/rene-schmitt.com\/de\/wp-json\/wp\/v2\/pages\/2106\/revisions"}],"predecessor-version":[{"id":4616,"href":"https:\/\/rene-schmitt.com\/de\/wp-json\/wp\/v2\/pages\/2106\/revisions\/4616"}],"up":[{"embeddable":true,"href":"https:\/\/rene-schmitt.com\/de\/wp-json\/wp\/v2\/pages\/2108"}],"wp:attachment":[{"href":"https:\/\/rene-schmitt.com\/de\/wp-json\/wp\/v2\/media?parent=2106"}],"curies":[{"name":"wp","href":"https:\/\/api.w.org\/{rel}","templated":true}]}}