{"id":2477,"date":"2018-06-11T00:00:21","date_gmt":"2018-06-10T22:00:21","guid":{"rendered":"https:\/\/rene-schmitt.com\/?page_id=2477"},"modified":"2022-02-21T02:52:06","modified_gmt":"2022-02-21T01:52:06","slug":"zwei-naegel-tuns-auch","status":"publish","type":"page","link":"https:\/\/rene-schmitt.com\/de\/kuenstler\/michael-mueller\/zwei-naegel-tuns-auch\/","title":{"rendered":"Michael M\u00fcller \u2013 Zwei N\u00e4gel tun\u2019s auch (2018)"},"content":{"rendered":"<h1><a href=\"https:\/\/rene-schmitt.com\/de\/kuenstler\/michael-mueller\/\">Michael M\u00fcller<\/a> &#8211; Zwei N\u00e4gel tun\u2019s auch<\/h1>\n<div class='grid_6 alpha'>\n\n\t\t<style type=\"text\/css\">\n\t\t\t#gallery-1 {\n\t\t\t\tmargin: auto;\n\t\t\t}\n\t\t\t#gallery-1 .gallery-item {\n\t\t\t\tfloat: left;\n\t\t\t\tmargin-top: 10px;\n\t\t\t\ttext-align: center;\n\t\t\t\twidth: 100%;\n\t\t\t}\n\t\t\t#gallery-1 img {\n\t\t\t\tborder: 2px solid #cfcfcf;\n\t\t\t}\n\t\t\t#gallery-1 .gallery-caption {\n\t\t\t\tmargin-left: 0;\n\t\t\t}\n\t\t\t\/* see gallery_shortcode() in wp-includes\/media.php *\/\n\t\t<\/style>\n\t\t<div id='gallery-1' class='gallery galleryid-2477 gallery-columns-1 gallery-size-medium'><dl class='gallery-item'>\n\t\t\t<dt class='gallery-icon portrait'>\n\t\t\t\t<a href='https:\/\/rene-schmitt.com\/wp-content\/uploads\/Michael-Mueller-Portrait.jpg'><img width=\"333\" height=\"500\" src=\"https:\/\/rene-schmitt.com\/wp-content\/uploads\/Michael-Mueller-Portrait-333x500.jpg\" class=\"attachment-medium size-medium\" alt=\"Michael Mueller \u2013 Portrait\" loading=\"lazy\" srcset=\"https:\/\/rene-schmitt.com\/wp-content\/uploads\/Michael-Mueller-Portrait-333x500.jpg 333w, https:\/\/rene-schmitt.com\/wp-content\/uploads\/Michael-Mueller-Portrait-768x1152.jpg 768w, https:\/\/rene-schmitt.com\/wp-content\/uploads\/Michael-Mueller-Portrait-682x1024.jpg 682w, https:\/\/rene-schmitt.com\/wp-content\/uploads\/Michael-Mueller-Portrait-642x963.jpg 642w, https:\/\/rene-schmitt.com\/wp-content\/uploads\/Michael-Mueller-Portrait.jpg 853w\" sizes=\"(max-width: 333px) 100vw, 333px\" \/><\/a>\n\t\t\t<\/dt><\/dl><br style=\"clear: both\" \/>\n\t\t<\/div>\n\n<\/div>\n<div class='grid_6 omega'>\n\n\t\t<style type=\"text\/css\">\n\t\t\t#gallery-2 {\n\t\t\t\tmargin: auto;\n\t\t\t}\n\t\t\t#gallery-2 .gallery-item {\n\t\t\t\tfloat: left;\n\t\t\t\tmargin-top: 10px;\n\t\t\t\ttext-align: center;\n\t\t\t\twidth: 20%;\n\t\t\t}\n\t\t\t#gallery-2 img {\n\t\t\t\tborder: 2px solid #cfcfcf;\n\t\t\t}\n\t\t\t#gallery-2 .gallery-caption {\n\t\t\t\tmargin-left: 0;\n\t\t\t}\n\t\t\t\/* see gallery_shortcode() in wp-includes\/media.php *\/\n\t\t<\/style>\n\t\t<div id='gallery-2' class='gallery galleryid-2477 gallery-columns-5 gallery-size-thumbnail'><dl class='gallery-item'>\n\t\t\t<dt class='gallery-icon landscape'>\n\t\t\t\t<a href='https:\/\/rene-schmitt.com\/wp-content\/uploads\/Michael-Mueller-Zwei-Naegel-tuns-auch-01.jpg'><img width=\"75\" height=\"75\" src=\"https:\/\/rene-schmitt.com\/wp-content\/uploads\/Michael-Mueller-Zwei-Naegel-tuns-auch-01-75x75.jpg\" class=\"attachment-thumbnail size-thumbnail\" alt=\"Michael Mueller \u2013 Zwei Naegel tun&#039;s auch (01)\" loading=\"lazy\" srcset=\"https:\/\/rene-schmitt.com\/wp-content\/uploads\/Michael-Mueller-Zwei-Naegel-tuns-auch-01-75x75.jpg 75w, https:\/\/rene-schmitt.com\/wp-content\/uploads\/Michael-Mueller-Zwei-Naegel-tuns-auch-01-125x125.jpg 125w\" sizes=\"(max-width: 75px) 100vw, 75px\" \/><\/a>\n\t\t\t<\/dt><\/dl><dl class='gallery-item'>\n\t\t\t<dt class='gallery-icon landscape'>\n\t\t\t\t<a href='https:\/\/rene-schmitt.com\/wp-content\/uploads\/Michael-Mueller-Zwei-Naegel-tuns-auch-02.jpg'><img width=\"75\" height=\"75\" src=\"https:\/\/rene-schmitt.com\/wp-content\/uploads\/Michael-Mueller-Zwei-Naegel-tuns-auch-02-75x75.jpg\" class=\"attachment-thumbnail size-thumbnail\" alt=\"Michael Mueller \u2013 Zwei Naegel tun&#039;s auch (02)\" loading=\"lazy\" srcset=\"https:\/\/rene-schmitt.com\/wp-content\/uploads\/Michael-Mueller-Zwei-Naegel-tuns-auch-02-75x75.jpg 75w, https:\/\/rene-schmitt.com\/wp-content\/uploads\/Michael-Mueller-Zwei-Naegel-tuns-auch-02-125x125.jpg 125w\" sizes=\"(max-width: 75px) 100vw, 75px\" \/><\/a>\n\t\t\t<\/dt><\/dl><dl class='gallery-item'>\n\t\t\t<dt class='gallery-icon landscape'>\n\t\t\t\t<a href='https:\/\/rene-schmitt.com\/wp-content\/uploads\/Michael-Mueller-Zwei-Naegel-tuns-auch-03.jpg'><img width=\"75\" height=\"75\" src=\"https:\/\/rene-schmitt.com\/wp-content\/uploads\/Michael-Mueller-Zwei-Naegel-tuns-auch-03-75x75.jpg\" class=\"attachment-thumbnail size-thumbnail\" alt=\"Michael Mueller \u2013 Zwei Naegel tun&#039;s auch (03)\" loading=\"lazy\" srcset=\"https:\/\/rene-schmitt.com\/wp-content\/uploads\/Michael-Mueller-Zwei-Naegel-tuns-auch-03-75x75.jpg 75w, https:\/\/rene-schmitt.com\/wp-content\/uploads\/Michael-Mueller-Zwei-Naegel-tuns-auch-03-125x125.jpg 125w\" sizes=\"(max-width: 75px) 100vw, 75px\" \/><\/a>\n\t\t\t<\/dt><\/dl><dl class='gallery-item'>\n\t\t\t<dt class='gallery-icon landscape'>\n\t\t\t\t<a href='https:\/\/rene-schmitt.com\/wp-content\/uploads\/Michael-Mueller-Zwei-Naegel-tuns-auch-04.jpg'><img width=\"75\" height=\"75\" src=\"https:\/\/rene-schmitt.com\/wp-content\/uploads\/Michael-Mueller-Zwei-Naegel-tuns-auch-04-75x75.jpg\" class=\"attachment-thumbnail size-thumbnail\" alt=\"Michael Mueller \u2013 Zwei Naegel tun&#039;s auch (04)\" loading=\"lazy\" srcset=\"https:\/\/rene-schmitt.com\/wp-content\/uploads\/Michael-Mueller-Zwei-Naegel-tuns-auch-04-75x75.jpg 75w, https:\/\/rene-schmitt.com\/wp-content\/uploads\/Michael-Mueller-Zwei-Naegel-tuns-auch-04-125x125.jpg 125w\" sizes=\"(max-width: 75px) 100vw, 75px\" \/><\/a>\n\t\t\t<\/dt><\/dl><dl class='gallery-item'>\n\t\t\t<dt class='gallery-icon landscape'>\n\t\t\t\t<a href='https:\/\/rene-schmitt.com\/wp-content\/uploads\/Michael-Mueller-Zwei-Naegel-tuns-auch-05.jpg'><img width=\"75\" height=\"75\" src=\"https:\/\/rene-schmitt.com\/wp-content\/uploads\/Michael-Mueller-Zwei-Naegel-tuns-auch-05-75x75.jpg\" class=\"attachment-thumbnail size-thumbnail\" alt=\"Michael Mueller \u2013 Zwei Naegel tun&#039;s auch (05)\" loading=\"lazy\" srcset=\"https:\/\/rene-schmitt.com\/wp-content\/uploads\/Michael-Mueller-Zwei-Naegel-tuns-auch-05-75x75.jpg 75w, https:\/\/rene-schmitt.com\/wp-content\/uploads\/Michael-Mueller-Zwei-Naegel-tuns-auch-05-125x125.jpg 125w\" sizes=\"(max-width: 75px) 100vw, 75px\" \/><\/a>\n\t\t\t<\/dt><\/dl><br style=\"clear: both\" \/>\n\t\t<\/div>\n\n<div id=\"description\">\n<h3>Zwei N\u00e4gel tun\u2019s auch (2018)<\/h3>\n<p>Bronze und zwei Holzn\u00e4gel<br \/>\nSpeziell entwickelte Bronze im Rohverfahren im Ver\u00e4nderungsprozess<br \/>\n(Ver\u00e4nderung und Unikat sind Konzept der Auflage.)<br \/>\nGr\u00f6\u00dfe: jeweils 48 x 42 x 10 cm<br \/>\nAuflage: 6 + 1<br \/>\nJeweils signiert, punziert und nummeriert<br \/>\n&nbsp;<br \/>\nPreis: EUR 35.000<br \/>\n&nbsp;<br \/>\n<a class=\"popmake-4147\" onclick=\"_paq.push(['trackGoal',4]);\"><strong>\u00bb Kaufanfrage<\/strong><\/a><br \/>\n&nbsp;<br \/>\n&nbsp;<br \/>\n<a class=\"popmake-4439\" onclick=\"_paq.push(['trackGoal',8]);\"><strong>\u00bb Ausstellung<\/strong><\/a><br \/>\n&nbsp;<br \/>\n&nbsp;<br \/>\n&nbsp;<br \/>\n&nbsp;<br \/>\n&nbsp;<br \/>\n&nbsp;<br \/>\n&nbsp;<br \/>\n&nbsp;<br \/>\n&nbsp;<br \/>\n&nbsp;<br \/>\n&nbsp;<\/p>\n<div id=\"edition\"><a href=\"https:\/\/rene-schmitt.com\/de\/kuenstler\/michael-mueller\/\"><strong>\u00bb Alle<\/strong> Editionen von Michael M\u00fcller<\/a><\/div>\n<\/div>\n<\/div>\n<div class='clear'><\/div>\n","protected":false},"excerpt":{"rendered":"<p>Michael M\u00fcller &#8211; Zwei N\u00e4gel tun\u2019s auch Zwei N\u00e4gel tun\u2019s auch (2018) Bronze und zwei Holzn\u00e4gel Speziell entwickelte Bronze im Rohverfahren im Ver\u00e4nderungsprozess (Ver\u00e4nderung und Unikat sind Konzept der Auflage.) Gr\u00f6\u00dfe: jeweils 48 x 42 x 10 cm Auflage: 6 + 1 Jeweils signiert, punziert und nummeriert &nbsp; Preis: EUR 35.000 &nbsp; \u00bb Kaufanfrage &nbsp; [&hellip;]<\/p>\n","protected":false},"author":1,"featured_media":0,"parent":1700,"menu_order":34,"comment_status":"closed","ping_status":"closed","template":"page-fullwidth.php","meta":[],"_links":{"self":[{"href":"https:\/\/rene-schmitt.com\/de\/wp-json\/wp\/v2\/pages\/2477"}],"collection":[{"href":"https:\/\/rene-schmitt.com\/de\/wp-json\/wp\/v2\/pages"}],"about":[{"href":"https:\/\/rene-schmitt.com\/de\/wp-json\/wp\/v2\/types\/page"}],"author":[{"embeddable":true,"href":"https:\/\/rene-schmitt.com\/de\/wp-json\/wp\/v2\/users\/1"}],"replies":[{"embeddable":true,"href":"https:\/\/rene-schmitt.com\/de\/wp-json\/wp\/v2\/comments?post=2477"}],"version-history":[{"count":3,"href":"https:\/\/rene-schmitt.com\/de\/wp-json\/wp\/v2\/pages\/2477\/revisions"}],"predecessor-version":[{"id":4795,"href":"https:\/\/rene-schmitt.com\/de\/wp-json\/wp\/v2\/pages\/2477\/revisions\/4795"}],"up":[{"embeddable":true,"href":"https:\/\/rene-schmitt.com\/de\/wp-json\/wp\/v2\/pages\/1700"}],"wp:attachment":[{"href":"https:\/\/rene-schmitt.com\/de\/wp-json\/wp\/v2\/media?parent=2477"}],"curies":[{"name":"wp","href":"https:\/\/api.w.org\/{rel}","templated":true}]}}