{"id":2632,"date":"2018-12-10T00:00:21","date_gmt":"2018-12-09T23:00:21","guid":{"rendered":"https:\/\/rene-schmitt.com\/?page_id=2632"},"modified":"2022-02-19T02:55:53","modified_gmt":"2022-02-19T01:55:53","slug":"pulled-glass","status":"publish","type":"page","link":"https:\/\/rene-schmitt.com\/de\/kuenstler\/karin-sander\/pulled-glass\/","title":{"rendered":"Karin Sander \u2013 Pulled Glass (2018)"},"content":{"rendered":"<h1><a href=\"https:\/\/rene-schmitt.com\/de\/kuenstler\/karin-sander\/\">Karin Sander<\/a> &#8211; Pulled Glass<\/h1>\n<div class='grid_6 alpha'>\n\n\t\t<style type=\"text\/css\">\n\t\t\t#gallery-1 {\n\t\t\t\tmargin: auto;\n\t\t\t}\n\t\t\t#gallery-1 .gallery-item {\n\t\t\t\tfloat: left;\n\t\t\t\tmargin-top: 10px;\n\t\t\t\ttext-align: center;\n\t\t\t\twidth: 100%;\n\t\t\t}\n\t\t\t#gallery-1 img {\n\t\t\t\tborder: 2px solid #cfcfcf;\n\t\t\t}\n\t\t\t#gallery-1 .gallery-caption {\n\t\t\t\tmargin-left: 0;\n\t\t\t}\n\t\t\t\/* see gallery_shortcode() in wp-includes\/media.php *\/\n\t\t<\/style>\n\t\t<div id='gallery-1' class='gallery galleryid-2632 gallery-columns-1 gallery-size-medium'><dl class='gallery-item'>\n\t\t\t<dt class='gallery-icon portrait'>\n\t\t\t\t<a href='https:\/\/rene-schmitt.com\/wp-content\/uploads\/Karin-Sander-Portrait.jpg'><img width=\"399\" height=\"500\" src=\"https:\/\/rene-schmitt.com\/wp-content\/uploads\/Karin-Sander-Portrait-399x500.jpg\" class=\"attachment-medium size-medium\" alt=\"Karin Sander \u2013 Portrait\" loading=\"lazy\" srcset=\"https:\/\/rene-schmitt.com\/wp-content\/uploads\/Karin-Sander-Portrait-399x500.jpg 399w, https:\/\/rene-schmitt.com\/wp-content\/uploads\/Karin-Sander-Portrait-768x963.jpg 768w, https:\/\/rene-schmitt.com\/wp-content\/uploads\/Karin-Sander-Portrait-817x1024.jpg 817w, https:\/\/rene-schmitt.com\/wp-content\/uploads\/Karin-Sander-Portrait-642x805.jpg 642w, https:\/\/rene-schmitt.com\/wp-content\/uploads\/Karin-Sander-Portrait-978x1226.jpg 978w, https:\/\/rene-schmitt.com\/wp-content\/uploads\/Karin-Sander-Portrait.jpg 1021w\" sizes=\"(max-width: 399px) 100vw, 399px\" \/><\/a>\n\t\t\t<\/dt><\/dl><br style=\"clear: both\" \/>\n\t\t<\/div>\n\n<\/div>\n<div class='grid_6 omega'>\n\n\t\t<style type=\"text\/css\">\n\t\t\t#gallery-2 {\n\t\t\t\tmargin: auto;\n\t\t\t}\n\t\t\t#gallery-2 .gallery-item {\n\t\t\t\tfloat: left;\n\t\t\t\tmargin-top: 10px;\n\t\t\t\ttext-align: center;\n\t\t\t\twidth: 20%;\n\t\t\t}\n\t\t\t#gallery-2 img {\n\t\t\t\tborder: 2px solid #cfcfcf;\n\t\t\t}\n\t\t\t#gallery-2 .gallery-caption {\n\t\t\t\tmargin-left: 0;\n\t\t\t}\n\t\t\t\/* see gallery_shortcode() in wp-includes\/media.php *\/\n\t\t<\/style>\n\t\t<div id='gallery-2' class='gallery galleryid-2632 gallery-columns-5 gallery-size-thumbnail'><dl class='gallery-item'>\n\t\t\t<dt class='gallery-icon landscape'>\n\t\t\t\t<a href='https:\/\/rene-schmitt.com\/wp-content\/uploads\/Karin-Sander-Pulled-Glass-1-Glass.jpg'><img width=\"75\" height=\"75\" src=\"https:\/\/rene-schmitt.com\/wp-content\/uploads\/Karin-Sander-Pulled-Glass-1-Glass-75x75.jpg\" class=\"attachment-thumbnail size-thumbnail\" alt=\"Karin Sander \u2013 Pulled Glass (1.Glass)\" loading=\"lazy\" srcset=\"https:\/\/rene-schmitt.com\/wp-content\/uploads\/Karin-Sander-Pulled-Glass-1-Glass-75x75.jpg 75w, https:\/\/rene-schmitt.com\/wp-content\/uploads\/Karin-Sander-Pulled-Glass-1-Glass-125x125.jpg 125w\" sizes=\"(max-width: 75px) 100vw, 75px\" \/><\/a>\n\t\t\t<\/dt><\/dl><dl class='gallery-item'>\n\t\t\t<dt class='gallery-icon landscape'>\n\t\t\t\t<a href='https:\/\/rene-schmitt.com\/wp-content\/uploads\/Karin-Sander-Pulled-Glass-1-1.jpg'><img width=\"75\" height=\"75\" src=\"https:\/\/rene-schmitt.com\/wp-content\/uploads\/Karin-Sander-Pulled-Glass-1-1-75x75.jpg\" class=\"attachment-thumbnail size-thumbnail\" alt=\"Karin Sander \u2013 Pulled Glass (1.1)\" loading=\"lazy\" srcset=\"https:\/\/rene-schmitt.com\/wp-content\/uploads\/Karin-Sander-Pulled-Glass-1-1-75x75.jpg 75w, https:\/\/rene-schmitt.com\/wp-content\/uploads\/Karin-Sander-Pulled-Glass-1-1-125x125.jpg 125w\" sizes=\"(max-width: 75px) 100vw, 75px\" \/><\/a>\n\t\t\t<\/dt><\/dl><dl class='gallery-item'>\n\t\t\t<dt class='gallery-icon landscape'>\n\t\t\t\t<a href='https:\/\/rene-schmitt.com\/wp-content\/uploads\/Karin-Sander-Pulled-Glass-1-2.jpg'><img width=\"75\" height=\"75\" src=\"https:\/\/rene-schmitt.com\/wp-content\/uploads\/Karin-Sander-Pulled-Glass-1-2-75x75.jpg\" class=\"attachment-thumbnail size-thumbnail\" alt=\"Karin Sander \u2013 Pulled Glass (1.2)\" loading=\"lazy\" srcset=\"https:\/\/rene-schmitt.com\/wp-content\/uploads\/Karin-Sander-Pulled-Glass-1-2-75x75.jpg 75w, https:\/\/rene-schmitt.com\/wp-content\/uploads\/Karin-Sander-Pulled-Glass-1-2-125x125.jpg 125w\" sizes=\"(max-width: 75px) 100vw, 75px\" \/><\/a>\n\t\t\t<\/dt><\/dl><dl class='gallery-item'>\n\t\t\t<dt class='gallery-icon landscape'>\n\t\t\t\t<a href='https:\/\/rene-schmitt.com\/wp-content\/uploads\/Karin-Sander-Pulled-Glass-1-3.jpg'><img width=\"75\" height=\"75\" src=\"https:\/\/rene-schmitt.com\/wp-content\/uploads\/Karin-Sander-Pulled-Glass-1-3-75x75.jpg\" class=\"attachment-thumbnail size-thumbnail\" alt=\"Karin Sander \u2013 Pulled Glass (1.3)\" loading=\"lazy\" srcset=\"https:\/\/rene-schmitt.com\/wp-content\/uploads\/Karin-Sander-Pulled-Glass-1-3-75x75.jpg 75w, https:\/\/rene-schmitt.com\/wp-content\/uploads\/Karin-Sander-Pulled-Glass-1-3-125x125.jpg 125w\" sizes=\"(max-width: 75px) 100vw, 75px\" \/><\/a>\n\t\t\t<\/dt><\/dl><dl class='gallery-item'>\n\t\t\t<dt class='gallery-icon landscape'>\n\t\t\t\t<a href='https:\/\/rene-schmitt.com\/wp-content\/uploads\/Karin-Sander-Pulled-Glass-1-4.jpg'><img width=\"75\" height=\"75\" src=\"https:\/\/rene-schmitt.com\/wp-content\/uploads\/Karin-Sander-Pulled-Glass-1-4-75x75.jpg\" class=\"attachment-thumbnail size-thumbnail\" alt=\"Karin Sander \u2013 Pulled Glass (1.4)\" loading=\"lazy\" srcset=\"https:\/\/rene-schmitt.com\/wp-content\/uploads\/Karin-Sander-Pulled-Glass-1-4-75x75.jpg 75w, https:\/\/rene-schmitt.com\/wp-content\/uploads\/Karin-Sander-Pulled-Glass-1-4-125x125.jpg 125w\" sizes=\"(max-width: 75px) 100vw, 75px\" \/><\/a>\n\t\t\t<\/dt><\/dl><br style=\"clear: both\" \/>\n\t\t<\/div>\n\n<p>&nbsp;<\/p>\n\n\t\t<style type=\"text\/css\">\n\t\t\t#gallery-3 {\n\t\t\t\tmargin: auto;\n\t\t\t}\n\t\t\t#gallery-3 .gallery-item {\n\t\t\t\tfloat: left;\n\t\t\t\tmargin-top: 10px;\n\t\t\t\ttext-align: center;\n\t\t\t\twidth: 20%;\n\t\t\t}\n\t\t\t#gallery-3 img {\n\t\t\t\tborder: 2px solid #cfcfcf;\n\t\t\t}\n\t\t\t#gallery-3 .gallery-caption {\n\t\t\t\tmargin-left: 0;\n\t\t\t}\n\t\t\t\/* see gallery_shortcode() in wp-includes\/media.php *\/\n\t\t<\/style>\n\t\t<div id='gallery-3' class='gallery galleryid-2632 gallery-columns-5 gallery-size-thumbnail'><dl class='gallery-item'>\n\t\t\t<dt class='gallery-icon landscape'>\n\t\t\t\t<a href='https:\/\/rene-schmitt.com\/wp-content\/uploads\/Karin-Sander-Pulled-Glass-1-5.jpg'><img width=\"75\" height=\"75\" src=\"https:\/\/rene-schmitt.com\/wp-content\/uploads\/Karin-Sander-Pulled-Glass-1-5-75x75.jpg\" class=\"attachment-thumbnail size-thumbnail\" alt=\"Karin Sander \u2013 Pulled Glass (1.5)\" loading=\"lazy\" srcset=\"https:\/\/rene-schmitt.com\/wp-content\/uploads\/Karin-Sander-Pulled-Glass-1-5-75x75.jpg 75w, https:\/\/rene-schmitt.com\/wp-content\/uploads\/Karin-Sander-Pulled-Glass-1-5-125x125.jpg 125w\" sizes=\"(max-width: 75px) 100vw, 75px\" \/><\/a>\n\t\t\t<\/dt><\/dl><dl class='gallery-item'>\n\t\t\t<dt class='gallery-icon landscape'>\n\t\t\t\t<a href='https:\/\/rene-schmitt.com\/wp-content\/uploads\/Karin-Sander-Pulled-Glass-1-6.jpg'><img width=\"75\" height=\"75\" src=\"https:\/\/rene-schmitt.com\/wp-content\/uploads\/Karin-Sander-Pulled-Glass-1-6-75x75.jpg\" class=\"attachment-thumbnail size-thumbnail\" alt=\"Karin Sander \u2013 Pulled Glass (1.6)\" loading=\"lazy\" srcset=\"https:\/\/rene-schmitt.com\/wp-content\/uploads\/Karin-Sander-Pulled-Glass-1-6-75x75.jpg 75w, https:\/\/rene-schmitt.com\/wp-content\/uploads\/Karin-Sander-Pulled-Glass-1-6-125x125.jpg 125w\" sizes=\"(max-width: 75px) 100vw, 75px\" \/><\/a>\n\t\t\t<\/dt><\/dl><dl class='gallery-item'>\n\t\t\t<dt class='gallery-icon landscape'>\n\t\t\t\t<a href='https:\/\/rene-schmitt.com\/wp-content\/uploads\/Karin-Sander-Pulled-Glass-1-7.jpg'><img width=\"75\" height=\"75\" src=\"https:\/\/rene-schmitt.com\/wp-content\/uploads\/Karin-Sander-Pulled-Glass-1-7-75x75.jpg\" class=\"attachment-thumbnail size-thumbnail\" alt=\"Karin Sander \u2013 Pulled Glass (1.7)\" loading=\"lazy\" srcset=\"https:\/\/rene-schmitt.com\/wp-content\/uploads\/Karin-Sander-Pulled-Glass-1-7-75x75.jpg 75w, https:\/\/rene-schmitt.com\/wp-content\/uploads\/Karin-Sander-Pulled-Glass-1-7-125x125.jpg 125w\" sizes=\"(max-width: 75px) 100vw, 75px\" \/><\/a>\n\t\t\t<\/dt><\/dl><dl class='gallery-item'>\n\t\t\t<dt class='gallery-icon landscape'>\n\t\t\t\t<a href='https:\/\/rene-schmitt.com\/wp-content\/uploads\/Karin-Sander-Pulled-Glass-1-8.jpg'><img width=\"75\" height=\"75\" src=\"https:\/\/rene-schmitt.com\/wp-content\/uploads\/Karin-Sander-Pulled-Glass-1-8-75x75.jpg\" class=\"attachment-thumbnail size-thumbnail\" alt=\"Karin Sander \u2013 Pulled Glass (1.8)\" loading=\"lazy\" srcset=\"https:\/\/rene-schmitt.com\/wp-content\/uploads\/Karin-Sander-Pulled-Glass-1-8-75x75.jpg 75w, https:\/\/rene-schmitt.com\/wp-content\/uploads\/Karin-Sander-Pulled-Glass-1-8-125x125.jpg 125w\" sizes=\"(max-width: 75px) 100vw, 75px\" \/><\/a>\n\t\t\t<\/dt><\/dl><dl class='gallery-item'>\n\t\t\t<dt class='gallery-icon landscape'>\n\t\t\t\t<a href='https:\/\/rene-schmitt.com\/wp-content\/uploads\/Karin-Sander-Pulled-Glass-2-Glass.jpg'><img width=\"75\" height=\"75\" src=\"https:\/\/rene-schmitt.com\/wp-content\/uploads\/Karin-Sander-Pulled-Glass-2-Glass-75x75.jpg\" class=\"attachment-thumbnail size-thumbnail\" alt=\"Karin Sander \u2013 Pulled Glass (2.Glass)\" loading=\"lazy\" srcset=\"https:\/\/rene-schmitt.com\/wp-content\/uploads\/Karin-Sander-Pulled-Glass-2-Glass-75x75.jpg 75w, https:\/\/rene-schmitt.com\/wp-content\/uploads\/Karin-Sander-Pulled-Glass-2-Glass-125x125.jpg 125w\" sizes=\"(max-width: 75px) 100vw, 75px\" \/><\/a>\n\t\t\t<\/dt><\/dl><br style=\"clear: both\" \/>\n\t\t<\/div>\n\n<p>&nbsp;<\/p>\n\n\t\t<style type=\"text\/css\">\n\t\t\t#gallery-4 {\n\t\t\t\tmargin: auto;\n\t\t\t}\n\t\t\t#gallery-4 .gallery-item {\n\t\t\t\tfloat: left;\n\t\t\t\tmargin-top: 10px;\n\t\t\t\ttext-align: center;\n\t\t\t\twidth: 20%;\n\t\t\t}\n\t\t\t#gallery-4 img {\n\t\t\t\tborder: 2px solid #cfcfcf;\n\t\t\t}\n\t\t\t#gallery-4 .gallery-caption {\n\t\t\t\tmargin-left: 0;\n\t\t\t}\n\t\t\t\/* see gallery_shortcode() in wp-includes\/media.php *\/\n\t\t<\/style>\n\t\t<div id='gallery-4' class='gallery galleryid-2632 gallery-columns-5 gallery-size-thumbnail'><dl class='gallery-item'>\n\t\t\t<dt class='gallery-icon landscape'>\n\t\t\t\t<a href='https:\/\/rene-schmitt.com\/wp-content\/uploads\/Karin-Sander-Pulled-Glass-2-1.jpg'><img width=\"75\" height=\"75\" src=\"https:\/\/rene-schmitt.com\/wp-content\/uploads\/Karin-Sander-Pulled-Glass-2-1-75x75.jpg\" class=\"attachment-thumbnail size-thumbnail\" alt=\"Karin Sander \u2013 Pulled Glass (2.1)\" loading=\"lazy\" srcset=\"https:\/\/rene-schmitt.com\/wp-content\/uploads\/Karin-Sander-Pulled-Glass-2-1-75x75.jpg 75w, https:\/\/rene-schmitt.com\/wp-content\/uploads\/Karin-Sander-Pulled-Glass-2-1-125x125.jpg 125w\" sizes=\"(max-width: 75px) 100vw, 75px\" \/><\/a>\n\t\t\t<\/dt><\/dl><dl class='gallery-item'>\n\t\t\t<dt class='gallery-icon landscape'>\n\t\t\t\t<a href='https:\/\/rene-schmitt.com\/wp-content\/uploads\/Karin-Sander-Pulled-Glass-2-2.jpg'><img width=\"75\" height=\"75\" src=\"https:\/\/rene-schmitt.com\/wp-content\/uploads\/Karin-Sander-Pulled-Glass-2-2-75x75.jpg\" class=\"attachment-thumbnail size-thumbnail\" alt=\"Karin Sander \u2013 Pulled Glass (2.2)\" loading=\"lazy\" srcset=\"https:\/\/rene-schmitt.com\/wp-content\/uploads\/Karin-Sander-Pulled-Glass-2-2-75x75.jpg 75w, https:\/\/rene-schmitt.com\/wp-content\/uploads\/Karin-Sander-Pulled-Glass-2-2-125x125.jpg 125w\" sizes=\"(max-width: 75px) 100vw, 75px\" \/><\/a>\n\t\t\t<\/dt><\/dl><dl class='gallery-item'>\n\t\t\t<dt class='gallery-icon landscape'>\n\t\t\t\t<a href='https:\/\/rene-schmitt.com\/wp-content\/uploads\/Karin-Sander-Pulled-Glass-2-3.jpg'><img width=\"75\" height=\"75\" src=\"https:\/\/rene-schmitt.com\/wp-content\/uploads\/Karin-Sander-Pulled-Glass-2-3-75x75.jpg\" class=\"attachment-thumbnail size-thumbnail\" alt=\"Karin Sander \u2013 Pulled Glass (2.3)\" loading=\"lazy\" srcset=\"https:\/\/rene-schmitt.com\/wp-content\/uploads\/Karin-Sander-Pulled-Glass-2-3-75x75.jpg 75w, https:\/\/rene-schmitt.com\/wp-content\/uploads\/Karin-Sander-Pulled-Glass-2-3-125x125.jpg 125w\" sizes=\"(max-width: 75px) 100vw, 75px\" \/><\/a>\n\t\t\t<\/dt><\/dl><dl class='gallery-item'>\n\t\t\t<dt class='gallery-icon landscape'>\n\t\t\t\t<a href='https:\/\/rene-schmitt.com\/wp-content\/uploads\/Karin-Sander-Pulled-Glass-2-4.jpg'><img width=\"75\" height=\"75\" src=\"https:\/\/rene-schmitt.com\/wp-content\/uploads\/Karin-Sander-Pulled-Glass-2-4-75x75.jpg\" class=\"attachment-thumbnail size-thumbnail\" alt=\"Karin Sander \u2013 Pulled Glass (2.4)\" loading=\"lazy\" srcset=\"https:\/\/rene-schmitt.com\/wp-content\/uploads\/Karin-Sander-Pulled-Glass-2-4-75x75.jpg 75w, https:\/\/rene-schmitt.com\/wp-content\/uploads\/Karin-Sander-Pulled-Glass-2-4-125x125.jpg 125w\" sizes=\"(max-width: 75px) 100vw, 75px\" \/><\/a>\n\t\t\t<\/dt><\/dl><dl class='gallery-item'>\n\t\t\t<dt class='gallery-icon landscape'>\n\t\t\t\t<a href='https:\/\/rene-schmitt.com\/wp-content\/uploads\/Karin-Sander-Pulled-Glass-2-5.jpg'><img width=\"75\" height=\"75\" src=\"https:\/\/rene-schmitt.com\/wp-content\/uploads\/Karin-Sander-Pulled-Glass-2-5-75x75.jpg\" class=\"attachment-thumbnail size-thumbnail\" alt=\"Karin Sander \u2013 Pulled Glass (2.5)\" loading=\"lazy\" srcset=\"https:\/\/rene-schmitt.com\/wp-content\/uploads\/Karin-Sander-Pulled-Glass-2-5-75x75.jpg 75w, https:\/\/rene-schmitt.com\/wp-content\/uploads\/Karin-Sander-Pulled-Glass-2-5-125x125.jpg 125w\" sizes=\"(max-width: 75px) 100vw, 75px\" \/><\/a>\n\t\t\t<\/dt><\/dl><br style=\"clear: both\" \/>\n\t\t<\/div>\n\n<p>&nbsp;<\/p>\n\n\t\t<style type=\"text\/css\">\n\t\t\t#gallery-5 {\n\t\t\t\tmargin: auto;\n\t\t\t}\n\t\t\t#gallery-5 .gallery-item {\n\t\t\t\tfloat: left;\n\t\t\t\tmargin-top: 10px;\n\t\t\t\ttext-align: center;\n\t\t\t\twidth: 20%;\n\t\t\t}\n\t\t\t#gallery-5 img {\n\t\t\t\tborder: 2px solid #cfcfcf;\n\t\t\t}\n\t\t\t#gallery-5 .gallery-caption {\n\t\t\t\tmargin-left: 0;\n\t\t\t}\n\t\t\t\/* see gallery_shortcode() in wp-includes\/media.php *\/\n\t\t<\/style>\n\t\t<div id='gallery-5' class='gallery galleryid-2632 gallery-columns-5 gallery-size-thumbnail'><dl class='gallery-item'>\n\t\t\t<dt class='gallery-icon landscape'>\n\t\t\t\t<a href='https:\/\/rene-schmitt.com\/wp-content\/uploads\/Karin-Sander-Pulled-Glass-2-6.jpg'><img width=\"75\" height=\"75\" src=\"https:\/\/rene-schmitt.com\/wp-content\/uploads\/Karin-Sander-Pulled-Glass-2-6-75x75.jpg\" class=\"attachment-thumbnail size-thumbnail\" alt=\"Karin Sander \u2013 Pulled Glass (2.6)\" loading=\"lazy\" srcset=\"https:\/\/rene-schmitt.com\/wp-content\/uploads\/Karin-Sander-Pulled-Glass-2-6-75x75.jpg 75w, https:\/\/rene-schmitt.com\/wp-content\/uploads\/Karin-Sander-Pulled-Glass-2-6-125x125.jpg 125w\" sizes=\"(max-width: 75px) 100vw, 75px\" \/><\/a>\n\t\t\t<\/dt><\/dl><dl class='gallery-item'>\n\t\t\t<dt class='gallery-icon landscape'>\n\t\t\t\t<a href='https:\/\/rene-schmitt.com\/wp-content\/uploads\/Karin-Sander-Pulled-Glass-2-7.jpg'><img width=\"75\" height=\"75\" src=\"https:\/\/rene-schmitt.com\/wp-content\/uploads\/Karin-Sander-Pulled-Glass-2-7-75x75.jpg\" class=\"attachment-thumbnail size-thumbnail\" alt=\"Karin Sander \u2013 Pulled Glass (2.7)\" loading=\"lazy\" srcset=\"https:\/\/rene-schmitt.com\/wp-content\/uploads\/Karin-Sander-Pulled-Glass-2-7-75x75.jpg 75w, https:\/\/rene-schmitt.com\/wp-content\/uploads\/Karin-Sander-Pulled-Glass-2-7-125x125.jpg 125w\" sizes=\"(max-width: 75px) 100vw, 75px\" \/><\/a>\n\t\t\t<\/dt><\/dl><dl class='gallery-item'>\n\t\t\t<dt class='gallery-icon landscape'>\n\t\t\t\t<a href='https:\/\/rene-schmitt.com\/wp-content\/uploads\/Karin-Sander-Pulled-Glass-2-8.jpg'><img width=\"75\" height=\"75\" src=\"https:\/\/rene-schmitt.com\/wp-content\/uploads\/Karin-Sander-Pulled-Glass-2-8-75x75.jpg\" class=\"attachment-thumbnail size-thumbnail\" alt=\"Karin Sander \u2013 Pulled Glass (2.8)\" loading=\"lazy\" srcset=\"https:\/\/rene-schmitt.com\/wp-content\/uploads\/Karin-Sander-Pulled-Glass-2-8-75x75.jpg 75w, https:\/\/rene-schmitt.com\/wp-content\/uploads\/Karin-Sander-Pulled-Glass-2-8-125x125.jpg 125w\" sizes=\"(max-width: 75px) 100vw, 75px\" \/><\/a>\n\t\t\t<\/dt><\/dl><dl class='gallery-item'>\n\t\t\t<dt class='gallery-icon landscape'>\n\t\t\t\t<a href='https:\/\/rene-schmitt.com\/wp-content\/uploads\/Karin-Sander-Pulled-Glass-2-9.jpg'><img width=\"75\" height=\"75\" src=\"https:\/\/rene-schmitt.com\/wp-content\/uploads\/Karin-Sander-Pulled-Glass-2-9-75x75.jpg\" class=\"attachment-thumbnail size-thumbnail\" alt=\"Karin Sander \u2013 Pulled Glass (2.9)\" loading=\"lazy\" srcset=\"https:\/\/rene-schmitt.com\/wp-content\/uploads\/Karin-Sander-Pulled-Glass-2-9-75x75.jpg 75w, https:\/\/rene-schmitt.com\/wp-content\/uploads\/Karin-Sander-Pulled-Glass-2-9-125x125.jpg 125w\" sizes=\"(max-width: 75px) 100vw, 75px\" \/><\/a>\n\t\t\t<\/dt><\/dl><dl class='gallery-item'>\n\t\t\t<dt class='gallery-icon landscape'>\n\t\t\t\t<a href='https:\/\/rene-schmitt.com\/wp-content\/uploads\/Karin-Sander-Pulled-Glass-Hanging.jpg'><img width=\"75\" height=\"75\" src=\"https:\/\/rene-schmitt.com\/wp-content\/uploads\/Karin-Sander-Pulled-Glass-Hanging-75x75.jpg\" class=\"attachment-thumbnail size-thumbnail\" alt=\"Karin Sander \u2013 Pulled Glass (Hanging)\" loading=\"lazy\" srcset=\"https:\/\/rene-schmitt.com\/wp-content\/uploads\/Karin-Sander-Pulled-Glass-Hanging-75x75.jpg 75w, https:\/\/rene-schmitt.com\/wp-content\/uploads\/Karin-Sander-Pulled-Glass-Hanging-125x125.jpg 125w\" sizes=\"(max-width: 75px) 100vw, 75px\" \/><\/a>\n\t\t\t<\/dt><\/dl><br style=\"clear: both\" \/>\n\t\t<\/div>\n\n<div id=\"description\">\n<h3>Pulled Glass (2018)<\/h3>\n<p>1 Glas, zerschlagen<br \/>\n8, 9 oder 11 Papiere, Xerox, 300 Gramm B\u00fctten<br \/>\nGr\u00f6\u00dfe: jeweils 33 x 39 cm<br \/>\nGerahmt<br \/>\nJeweils handsigniert<br \/>\n&nbsp;<br \/>\nPreis: EUR 25.000<br \/>\n&nbsp;<br \/>\n<a class=\"popmake-4147\" onclick=\"_paq.push(['trackGoal',4]);\"><strong>\u00bb Kaufanfrage<\/strong><\/a><br \/>\n&nbsp;<br \/>\n<a class=\"popmake-4443\" onclick=\"_paq.push(['trackGoal',8]);\"><strong>\u00bb Ausstellung<\/strong><\/a>\n<\/div>\n<\/div>\n<div class='clear'><\/div>\n","protected":false},"excerpt":{"rendered":"<p>Karin Sander &#8211; Pulled Glass &nbsp; &nbsp; &nbsp; Pulled Glass (2018) 1 Glas, zerschlagen 8, 9 oder 11 Papiere, Xerox, 300 Gramm B\u00fctten Gr\u00f6\u00dfe: jeweils 33 x 39 cm Gerahmt Jeweils handsigniert &nbsp; Preis: EUR 25.000 &nbsp; \u00bb Kaufanfrage &nbsp; \u00bb Ausstellung<\/p>\n","protected":false},"author":1,"featured_media":0,"parent":2627,"menu_order":29,"comment_status":"closed","ping_status":"closed","template":"page-fullwidth.php","meta":[],"_links":{"self":[{"href":"https:\/\/rene-schmitt.com\/de\/wp-json\/wp\/v2\/pages\/2632"}],"collection":[{"href":"https:\/\/rene-schmitt.com\/de\/wp-json\/wp\/v2\/pages"}],"about":[{"href":"https:\/\/rene-schmitt.com\/de\/wp-json\/wp\/v2\/types\/page"}],"author":[{"embeddable":true,"href":"https:\/\/rene-schmitt.com\/de\/wp-json\/wp\/v2\/users\/1"}],"replies":[{"embeddable":true,"href":"https:\/\/rene-schmitt.com\/de\/wp-json\/wp\/v2\/comments?post=2632"}],"version-history":[{"count":3,"href":"https:\/\/rene-schmitt.com\/de\/wp-json\/wp\/v2\/pages\/2632\/revisions"}],"predecessor-version":[{"id":4574,"href":"https:\/\/rene-schmitt.com\/de\/wp-json\/wp\/v2\/pages\/2632\/revisions\/4574"}],"up":[{"embeddable":true,"href":"https:\/\/rene-schmitt.com\/de\/wp-json\/wp\/v2\/pages\/2627"}],"wp:attachment":[{"href":"https:\/\/rene-schmitt.com\/de\/wp-json\/wp\/v2\/media?parent=2632"}],"curies":[{"name":"wp","href":"https:\/\/api.w.org\/{rel}","templated":true}]}}