{"id":2795,"date":"2019-03-03T00:00:21","date_gmt":"2019-03-02T23:00:21","guid":{"rendered":"https:\/\/rene-schmitt.com\/?page_id=2795"},"modified":"2022-06-06T22:02:09","modified_gmt":"2022-06-06T20:02:09","slug":"10-posters","status":"publish","type":"page","link":"https:\/\/rene-schmitt.com\/de\/kuenstler\/art-and-language\/10-posters\/","title":{"rendered":"Art &#038; Language \u2013 10 Posters (2019)"},"content":{"rendered":"<h1><a href=\"https:\/\/rene-schmitt.com\/de\/kuenstler\/art-and-language\/\">Art &#038; Language<\/a> \u2013 10 Posters<\/h1>\n<div class='grid_6 alpha'>\n\n\t\t<style type=\"text\/css\">\n\t\t\t#gallery-1 {\n\t\t\t\tmargin: auto;\n\t\t\t}\n\t\t\t#gallery-1 .gallery-item {\n\t\t\t\tfloat: left;\n\t\t\t\tmargin-top: 10px;\n\t\t\t\ttext-align: center;\n\t\t\t\twidth: 100%;\n\t\t\t}\n\t\t\t#gallery-1 img {\n\t\t\t\tborder: 2px solid #cfcfcf;\n\t\t\t}\n\t\t\t#gallery-1 .gallery-caption {\n\t\t\t\tmargin-left: 0;\n\t\t\t}\n\t\t\t\/* see gallery_shortcode() in wp-includes\/media.php *\/\n\t\t<\/style>\n\t\t<div id='gallery-1' class='gallery galleryid-2795 gallery-columns-1 gallery-size-medium'><dl class='gallery-item'>\n\t\t\t<dt class='gallery-icon portrait'>\n\t\t\t\t<a href='https:\/\/rene-schmitt.com\/wp-content\/uploads\/Art-and-Language-Portrait.jpg'><img width=\"418\" height=\"500\" src=\"https:\/\/rene-schmitt.com\/wp-content\/uploads\/Art-and-Language-Portrait-418x500.jpg\" class=\"attachment-medium size-medium\" alt=\"Art &amp; Language \u2013 Portrait\" loading=\"lazy\" srcset=\"https:\/\/rene-schmitt.com\/wp-content\/uploads\/Art-and-Language-Portrait-418x500.jpg 418w, https:\/\/rene-schmitt.com\/wp-content\/uploads\/Art-and-Language-Portrait-768x920.jpg 768w, https:\/\/rene-schmitt.com\/wp-content\/uploads\/Art-and-Language-Portrait-855x1024.jpg 855w, https:\/\/rene-schmitt.com\/wp-content\/uploads\/Art-and-Language-Portrait-642x769.jpg 642w, https:\/\/rene-schmitt.com\/wp-content\/uploads\/Art-and-Language-Portrait-978x1171.jpg 978w, https:\/\/rene-schmitt.com\/wp-content\/uploads\/Art-and-Language-Portrait.jpg 1069w\" sizes=\"(max-width: 418px) 100vw, 418px\" \/><\/a>\n\t\t\t<\/dt><\/dl><br style=\"clear: both\" \/>\n\t\t<\/div>\n\n<\/div>\n<div class='grid_6 omega'>\n\n\t\t<style type=\"text\/css\">\n\t\t\t#gallery-2 {\n\t\t\t\tmargin: auto;\n\t\t\t}\n\t\t\t#gallery-2 .gallery-item {\n\t\t\t\tfloat: left;\n\t\t\t\tmargin-top: 10px;\n\t\t\t\ttext-align: center;\n\t\t\t\twidth: 20%;\n\t\t\t}\n\t\t\t#gallery-2 img {\n\t\t\t\tborder: 2px solid #cfcfcf;\n\t\t\t}\n\t\t\t#gallery-2 .gallery-caption {\n\t\t\t\tmargin-left: 0;\n\t\t\t}\n\t\t\t\/* see gallery_shortcode() in wp-includes\/media.php *\/\n\t\t<\/style>\n\t\t<div id='gallery-2' class='gallery galleryid-2795 gallery-columns-5 gallery-size-thumbnail'><dl class='gallery-item'>\n\t\t\t<dt class='gallery-icon portrait'>\n\t\t\t\t<a href='https:\/\/rene-schmitt.com\/wp-content\/uploads\/Art-and-Language-Poster-01.jpg'><img width=\"75\" height=\"75\" src=\"https:\/\/rene-schmitt.com\/wp-content\/uploads\/Art-and-Language-Poster-01-75x75.jpg\" class=\"attachment-thumbnail size-thumbnail\" alt=\"Art &amp; Language \u2013 Poster 01\" loading=\"lazy\" srcset=\"https:\/\/rene-schmitt.com\/wp-content\/uploads\/Art-and-Language-Poster-01-75x75.jpg 75w, https:\/\/rene-schmitt.com\/wp-content\/uploads\/Art-and-Language-Poster-01-125x125.jpg 125w\" sizes=\"(max-width: 75px) 100vw, 75px\" \/><\/a>\n\t\t\t<\/dt><\/dl><dl class='gallery-item'>\n\t\t\t<dt class='gallery-icon portrait'>\n\t\t\t\t<a href='https:\/\/rene-schmitt.com\/wp-content\/uploads\/Art-and-Language-Poster-02.jpg'><img width=\"75\" height=\"75\" src=\"https:\/\/rene-schmitt.com\/wp-content\/uploads\/Art-and-Language-Poster-02-75x75.jpg\" class=\"attachment-thumbnail size-thumbnail\" alt=\"Art &amp; Language \u2013 Poster 02\" loading=\"lazy\" srcset=\"https:\/\/rene-schmitt.com\/wp-content\/uploads\/Art-and-Language-Poster-02-75x75.jpg 75w, https:\/\/rene-schmitt.com\/wp-content\/uploads\/Art-and-Language-Poster-02-125x125.jpg 125w\" sizes=\"(max-width: 75px) 100vw, 75px\" \/><\/a>\n\t\t\t<\/dt><\/dl><dl class='gallery-item'>\n\t\t\t<dt class='gallery-icon portrait'>\n\t\t\t\t<a href='https:\/\/rene-schmitt.com\/wp-content\/uploads\/Art-and-Language-Poster-03.jpg'><img width=\"75\" height=\"75\" src=\"https:\/\/rene-schmitt.com\/wp-content\/uploads\/Art-and-Language-Poster-03-75x75.jpg\" class=\"attachment-thumbnail size-thumbnail\" alt=\"Art &amp; Language \u2013 Poster 03\" loading=\"lazy\" srcset=\"https:\/\/rene-schmitt.com\/wp-content\/uploads\/Art-and-Language-Poster-03-75x75.jpg 75w, https:\/\/rene-schmitt.com\/wp-content\/uploads\/Art-and-Language-Poster-03-125x125.jpg 125w\" sizes=\"(max-width: 75px) 100vw, 75px\" \/><\/a>\n\t\t\t<\/dt><\/dl><dl class='gallery-item'>\n\t\t\t<dt class='gallery-icon portrait'>\n\t\t\t\t<a href='https:\/\/rene-schmitt.com\/wp-content\/uploads\/Art-and-Language-Poster-04.jpg'><img width=\"75\" height=\"75\" src=\"https:\/\/rene-schmitt.com\/wp-content\/uploads\/Art-and-Language-Poster-04-75x75.jpg\" class=\"attachment-thumbnail size-thumbnail\" alt=\"Art &amp; Language \u2013 Poster 04\" loading=\"lazy\" srcset=\"https:\/\/rene-schmitt.com\/wp-content\/uploads\/Art-and-Language-Poster-04-75x75.jpg 75w, https:\/\/rene-schmitt.com\/wp-content\/uploads\/Art-and-Language-Poster-04-125x125.jpg 125w\" sizes=\"(max-width: 75px) 100vw, 75px\" \/><\/a>\n\t\t\t<\/dt><\/dl><dl class='gallery-item'>\n\t\t\t<dt class='gallery-icon portrait'>\n\t\t\t\t<a href='https:\/\/rene-schmitt.com\/wp-content\/uploads\/Art-and-Language-Poster-05.jpg'><img width=\"75\" height=\"75\" src=\"https:\/\/rene-schmitt.com\/wp-content\/uploads\/Art-and-Language-Poster-05-75x75.jpg\" class=\"attachment-thumbnail size-thumbnail\" alt=\"Art &amp; Language \u2013 Poster 05\" loading=\"lazy\" srcset=\"https:\/\/rene-schmitt.com\/wp-content\/uploads\/Art-and-Language-Poster-05-75x75.jpg 75w, https:\/\/rene-schmitt.com\/wp-content\/uploads\/Art-and-Language-Poster-05-125x125.jpg 125w\" sizes=\"(max-width: 75px) 100vw, 75px\" \/><\/a>\n\t\t\t<\/dt><\/dl><br style=\"clear: both\" \/>\n\t\t<\/div>\n\n<p>&nbsp;<\/p>\n\n\t\t<style type=\"text\/css\">\n\t\t\t#gallery-3 {\n\t\t\t\tmargin: auto;\n\t\t\t}\n\t\t\t#gallery-3 .gallery-item {\n\t\t\t\tfloat: left;\n\t\t\t\tmargin-top: 10px;\n\t\t\t\ttext-align: center;\n\t\t\t\twidth: 20%;\n\t\t\t}\n\t\t\t#gallery-3 img {\n\t\t\t\tborder: 2px solid #cfcfcf;\n\t\t\t}\n\t\t\t#gallery-3 .gallery-caption {\n\t\t\t\tmargin-left: 0;\n\t\t\t}\n\t\t\t\/* see gallery_shortcode() in wp-includes\/media.php *\/\n\t\t<\/style>\n\t\t<div id='gallery-3' class='gallery galleryid-2795 gallery-columns-5 gallery-size-thumbnail'><dl class='gallery-item'>\n\t\t\t<dt class='gallery-icon portrait'>\n\t\t\t\t<a href='https:\/\/rene-schmitt.com\/wp-content\/uploads\/Art-and-Language-Poster-06.jpg'><img width=\"75\" height=\"75\" src=\"https:\/\/rene-schmitt.com\/wp-content\/uploads\/Art-and-Language-Poster-06-75x75.jpg\" class=\"attachment-thumbnail size-thumbnail\" alt=\"Art &amp; Language \u2013 Poster 06\" loading=\"lazy\" srcset=\"https:\/\/rene-schmitt.com\/wp-content\/uploads\/Art-and-Language-Poster-06-75x75.jpg 75w, https:\/\/rene-schmitt.com\/wp-content\/uploads\/Art-and-Language-Poster-06-125x125.jpg 125w\" sizes=\"(max-width: 75px) 100vw, 75px\" \/><\/a>\n\t\t\t<\/dt><\/dl><dl class='gallery-item'>\n\t\t\t<dt class='gallery-icon portrait'>\n\t\t\t\t<a href='https:\/\/rene-schmitt.com\/wp-content\/uploads\/Art-and-Language-Poster-07.jpg'><img width=\"75\" height=\"75\" src=\"https:\/\/rene-schmitt.com\/wp-content\/uploads\/Art-and-Language-Poster-07-75x75.jpg\" class=\"attachment-thumbnail size-thumbnail\" alt=\"Art &amp; Language \u2013 Poster 07\" loading=\"lazy\" srcset=\"https:\/\/rene-schmitt.com\/wp-content\/uploads\/Art-and-Language-Poster-07-75x75.jpg 75w, https:\/\/rene-schmitt.com\/wp-content\/uploads\/Art-and-Language-Poster-07-125x125.jpg 125w\" sizes=\"(max-width: 75px) 100vw, 75px\" \/><\/a>\n\t\t\t<\/dt><\/dl><dl class='gallery-item'>\n\t\t\t<dt class='gallery-icon portrait'>\n\t\t\t\t<a href='https:\/\/rene-schmitt.com\/wp-content\/uploads\/Art-and-Language-Poster-08.jpg'><img width=\"75\" height=\"75\" src=\"https:\/\/rene-schmitt.com\/wp-content\/uploads\/Art-and-Language-Poster-08-75x75.jpg\" class=\"attachment-thumbnail size-thumbnail\" alt=\"Art &amp; Language \u2013 Poster 08\" loading=\"lazy\" srcset=\"https:\/\/rene-schmitt.com\/wp-content\/uploads\/Art-and-Language-Poster-08-75x75.jpg 75w, https:\/\/rene-schmitt.com\/wp-content\/uploads\/Art-and-Language-Poster-08-125x125.jpg 125w\" sizes=\"(max-width: 75px) 100vw, 75px\" \/><\/a>\n\t\t\t<\/dt><\/dl><dl class='gallery-item'>\n\t\t\t<dt class='gallery-icon portrait'>\n\t\t\t\t<a href='https:\/\/rene-schmitt.com\/wp-content\/uploads\/Art-and-Language-Poster-09.jpg'><img width=\"75\" height=\"75\" src=\"https:\/\/rene-schmitt.com\/wp-content\/uploads\/Art-and-Language-Poster-09-75x75.jpg\" class=\"attachment-thumbnail size-thumbnail\" alt=\"Art &amp; Language \u2013 Poster 09\" loading=\"lazy\" srcset=\"https:\/\/rene-schmitt.com\/wp-content\/uploads\/Art-and-Language-Poster-09-75x75.jpg 75w, https:\/\/rene-schmitt.com\/wp-content\/uploads\/Art-and-Language-Poster-09-125x125.jpg 125w\" sizes=\"(max-width: 75px) 100vw, 75px\" \/><\/a>\n\t\t\t<\/dt><\/dl><dl class='gallery-item'>\n\t\t\t<dt class='gallery-icon portrait'>\n\t\t\t\t<a href='https:\/\/rene-schmitt.com\/wp-content\/uploads\/Art-and-Language-Poster-10.jpg'><img width=\"75\" height=\"75\" src=\"https:\/\/rene-schmitt.com\/wp-content\/uploads\/Art-and-Language-Poster-10-75x75.jpg\" class=\"attachment-thumbnail size-thumbnail\" alt=\"Art &amp; Language \u2013 Poster 10\" loading=\"lazy\" srcset=\"https:\/\/rene-schmitt.com\/wp-content\/uploads\/Art-and-Language-Poster-10-75x75.jpg 75w, https:\/\/rene-schmitt.com\/wp-content\/uploads\/Art-and-Language-Poster-10-125x125.jpg 125w\" sizes=\"(max-width: 75px) 100vw, 75px\" \/><\/a>\n\t\t\t<\/dt><\/dl><br style=\"clear: both\" \/>\n\t\t<\/div>\n\n<div id=\"description\">\n<h3>10 Posters (2019)<\/h3>\n<p>Portfolio mit 10 Handsiebdrucken<br \/>\nAuf 300 Gramm handgesch\u00f6pftem Hahnem\u00fchle 1584 B\u00fcttenpapier<br \/>\nGr\u00f6\u00dfe: jeweils 120 x 80 cm<br \/>\nAuflage: 30 + 2 h.c.<br \/>\nJeweils handsigniert und mit Art&#038;Language-Stempel versehen<br \/>\nIn Archiv Folder handbetitelt und A&#038;L-gestempelt<br \/>\n&nbsp;<br \/>\nPreis: EUR 16.500<br \/>\n&nbsp;<br \/>\n<a class=\"popmake-4147\" onclick=\"_paq.push(['trackGoal',4]);\"><strong>\u00bb Kaufanfrage<\/strong><\/a><br \/>\n&nbsp;<br \/>\n&nbsp;<br \/>\n<a class=\"popmake-4436\" onclick=\"_paq.push(['trackGoal',8]);\"><strong>\u00bb Ausstellung<\/strong><\/a><br \/>\n&nbsp;<br \/>\n&nbsp;<br \/>\n&nbsp;<br \/>\n&nbsp;<br \/>\n&nbsp;<\/p>\n<div id=\"edition\"><a href=\"https:\/\/rene-schmitt.com\/de\/kuenstler\/art-and-language\/\"><strong>\u00bb Alle<\/strong> Editionen von Art &#038; Language<\/a><\/div>\n<\/div>\n<\/div>\n<div class='clear'><\/div>\n","protected":false},"excerpt":{"rendered":"<p>Art &#038; Language \u2013 10 Posters &nbsp; 10 Posters (2019) Portfolio mit 10 Handsiebdrucken Auf 300 Gramm handgesch\u00f6pftem Hahnem\u00fchle 1584 B\u00fcttenpapier Gr\u00f6\u00dfe: jeweils 120 x 80 cm Auflage: 30 + 2 h.c. Jeweils handsigniert und mit Art&#038;Language-Stempel versehen In Archiv Folder handbetitelt und A&#038;L-gestempelt &nbsp; Preis: EUR 16.500 &nbsp; \u00bb Kaufanfrage &nbsp; &nbsp; \u00bb Ausstellung [&hellip;]<\/p>\n","protected":false},"author":1,"featured_media":0,"parent":1845,"menu_order":29,"comment_status":"closed","ping_status":"closed","template":"page-fullwidth.php","meta":[],"_links":{"self":[{"href":"https:\/\/rene-schmitt.com\/de\/wp-json\/wp\/v2\/pages\/2795"}],"collection":[{"href":"https:\/\/rene-schmitt.com\/de\/wp-json\/wp\/v2\/pages"}],"about":[{"href":"https:\/\/rene-schmitt.com\/de\/wp-json\/wp\/v2\/types\/page"}],"author":[{"embeddable":true,"href":"https:\/\/rene-schmitt.com\/de\/wp-json\/wp\/v2\/users\/1"}],"replies":[{"embeddable":true,"href":"https:\/\/rene-schmitt.com\/de\/wp-json\/wp\/v2\/comments?post=2795"}],"version-history":[{"count":3,"href":"https:\/\/rene-schmitt.com\/de\/wp-json\/wp\/v2\/pages\/2795\/revisions"}],"predecessor-version":[{"id":4872,"href":"https:\/\/rene-schmitt.com\/de\/wp-json\/wp\/v2\/pages\/2795\/revisions\/4872"}],"up":[{"embeddable":true,"href":"https:\/\/rene-schmitt.com\/de\/wp-json\/wp\/v2\/pages\/1845"}],"wp:attachment":[{"href":"https:\/\/rene-schmitt.com\/de\/wp-json\/wp\/v2\/media?parent=2795"}],"curies":[{"name":"wp","href":"https:\/\/api.w.org\/{rel}","templated":true}]}}