{"id":2966,"date":"2019-09-10T00:00:21","date_gmt":"2019-09-09T22:00:21","guid":{"rendered":"https:\/\/rene-schmitt.com\/?page_id=2966"},"modified":"2022-02-20T22:11:22","modified_gmt":"2022-02-20T21:11:22","slug":"howdy-maam","status":"publish","type":"page","link":"https:\/\/rene-schmitt.com\/de\/kuenstler\/kay-rosen\/howdy-maam\/","title":{"rendered":"Kay Rosen \u2013 Howdy Ma\u2019am (2019)"},"content":{"rendered":"<h1><a href=\"https:\/\/rene-schmitt.com\/de\/kuenstler\/kay-rosen\/\">Kay Rosen<\/a> &#8211; Howdy Ma\u2019am<\/h1>\n<div class='grid_6 alpha'>\n\n\t\t<style type=\"text\/css\">\n\t\t\t#gallery-1 {\n\t\t\t\tmargin: auto;\n\t\t\t}\n\t\t\t#gallery-1 .gallery-item {\n\t\t\t\tfloat: left;\n\t\t\t\tmargin-top: 10px;\n\t\t\t\ttext-align: center;\n\t\t\t\twidth: 100%;\n\t\t\t}\n\t\t\t#gallery-1 img {\n\t\t\t\tborder: 2px solid #cfcfcf;\n\t\t\t}\n\t\t\t#gallery-1 .gallery-caption {\n\t\t\t\tmargin-left: 0;\n\t\t\t}\n\t\t\t\/* see gallery_shortcode() in wp-includes\/media.php *\/\n\t\t<\/style>\n\t\t<div id='gallery-1' class='gallery galleryid-2966 gallery-columns-1 gallery-size-medium'><dl class='gallery-item'>\n\t\t\t<dt class='gallery-icon portrait'>\n\t\t\t\t<a href='https:\/\/rene-schmitt.com\/wp-content\/uploads\/Kay-Rosen-Portrait.jpg'><img width=\"335\" height=\"500\" src=\"https:\/\/rene-schmitt.com\/wp-content\/uploads\/Kay-Rosen-Portrait-335x500.jpg\" class=\"attachment-medium size-medium\" alt=\"Kay Rosen \u2013 Portrait\" loading=\"lazy\" srcset=\"https:\/\/rene-schmitt.com\/wp-content\/uploads\/Kay-Rosen-Portrait-335x500.jpg 335w, https:\/\/rene-schmitt.com\/wp-content\/uploads\/Kay-Rosen-Portrait-768x1147.jpg 768w, https:\/\/rene-schmitt.com\/wp-content\/uploads\/Kay-Rosen-Portrait-686x1024.jpg 686w, https:\/\/rene-schmitt.com\/wp-content\/uploads\/Kay-Rosen-Portrait-642x959.jpg 642w, https:\/\/rene-schmitt.com\/wp-content\/uploads\/Kay-Rosen-Portrait.jpg 857w\" sizes=\"(max-width: 335px) 100vw, 335px\" \/><\/a>\n\t\t\t<\/dt><\/dl><br style=\"clear: both\" \/>\n\t\t<\/div>\n\n<\/div>\n<div class='grid_6 omega'>\n\n\t\t<style type=\"text\/css\">\n\t\t\t#gallery-2 {\n\t\t\t\tmargin: auto;\n\t\t\t}\n\t\t\t#gallery-2 .gallery-item {\n\t\t\t\tfloat: left;\n\t\t\t\tmargin-top: 10px;\n\t\t\t\ttext-align: center;\n\t\t\t\twidth: 20%;\n\t\t\t}\n\t\t\t#gallery-2 img {\n\t\t\t\tborder: 2px solid #cfcfcf;\n\t\t\t}\n\t\t\t#gallery-2 .gallery-caption {\n\t\t\t\tmargin-left: 0;\n\t\t\t}\n\t\t\t\/* see gallery_shortcode() in wp-includes\/media.php *\/\n\t\t<\/style>\n\t\t<div id='gallery-2' class='gallery galleryid-2966 gallery-columns-5 gallery-size-thumbnail'><dl class='gallery-item'>\n\t\t\t<dt class='gallery-icon landscape'>\n\t\t\t\t<a href='https:\/\/rene-schmitt.com\/wp-content\/uploads\/Kay-Rosen-Howdy-Maam-01.jpg'><img width=\"75\" height=\"75\" src=\"https:\/\/rene-schmitt.com\/wp-content\/uploads\/Kay-Rosen-Howdy-Maam-01-75x75.jpg\" class=\"attachment-thumbnail size-thumbnail\" alt=\"Kay Rosen \u2013 Howdy Ma\u2019am (01)\" loading=\"lazy\" srcset=\"https:\/\/rene-schmitt.com\/wp-content\/uploads\/Kay-Rosen-Howdy-Maam-01-75x75.jpg 75w, https:\/\/rene-schmitt.com\/wp-content\/uploads\/Kay-Rosen-Howdy-Maam-01-125x125.jpg 125w\" sizes=\"(max-width: 75px) 100vw, 75px\" \/><\/a>\n\t\t\t<\/dt><\/dl><dl class='gallery-item'>\n\t\t\t<dt class='gallery-icon landscape'>\n\t\t\t\t<a href='https:\/\/rene-schmitt.com\/wp-content\/uploads\/Kay-Rosen-Howdy-Maam-02.jpg'><img width=\"75\" height=\"75\" src=\"https:\/\/rene-schmitt.com\/wp-content\/uploads\/Kay-Rosen-Howdy-Maam-02-75x75.jpg\" class=\"attachment-thumbnail size-thumbnail\" alt=\"Kay Rosen \u2013 Howdy Ma\u2019am (02)\" loading=\"lazy\" srcset=\"https:\/\/rene-schmitt.com\/wp-content\/uploads\/Kay-Rosen-Howdy-Maam-02-75x75.jpg 75w, https:\/\/rene-schmitt.com\/wp-content\/uploads\/Kay-Rosen-Howdy-Maam-02-125x125.jpg 125w\" sizes=\"(max-width: 75px) 100vw, 75px\" \/><\/a>\n\t\t\t<\/dt><\/dl><dl class='gallery-item'>\n\t\t\t<dt class='gallery-icon landscape'>\n\t\t\t\t<a href='https:\/\/rene-schmitt.com\/wp-content\/uploads\/Kay-Rosen-Howdy-Maam-03.jpg'><img width=\"75\" height=\"75\" src=\"https:\/\/rene-schmitt.com\/wp-content\/uploads\/Kay-Rosen-Howdy-Maam-03-75x75.jpg\" class=\"attachment-thumbnail size-thumbnail\" alt=\"Kay Rosen \u2013 Howdy Ma\u2019am (03)\" loading=\"lazy\" srcset=\"https:\/\/rene-schmitt.com\/wp-content\/uploads\/Kay-Rosen-Howdy-Maam-03-75x75.jpg 75w, https:\/\/rene-schmitt.com\/wp-content\/uploads\/Kay-Rosen-Howdy-Maam-03-125x125.jpg 125w\" sizes=\"(max-width: 75px) 100vw, 75px\" \/><\/a>\n\t\t\t<\/dt><\/dl><dl class='gallery-item'>\n\t\t\t<dt class='gallery-icon landscape'>\n\t\t\t\t<a href='https:\/\/rene-schmitt.com\/wp-content\/uploads\/Kay-Rosen-Howdy-Maam-04.jpg'><img width=\"75\" height=\"75\" src=\"https:\/\/rene-schmitt.com\/wp-content\/uploads\/Kay-Rosen-Howdy-Maam-04-75x75.jpg\" class=\"attachment-thumbnail size-thumbnail\" alt=\"Kay Rosen \u2013 Howdy Ma\u2019am (04)\" loading=\"lazy\" srcset=\"https:\/\/rene-schmitt.com\/wp-content\/uploads\/Kay-Rosen-Howdy-Maam-04-75x75.jpg 75w, https:\/\/rene-schmitt.com\/wp-content\/uploads\/Kay-Rosen-Howdy-Maam-04-125x125.jpg 125w\" sizes=\"(max-width: 75px) 100vw, 75px\" \/><\/a>\n\t\t\t<\/dt><\/dl><dl class='gallery-item'>\n\t\t\t<dt class='gallery-icon landscape'>\n\t\t\t\t<a href='https:\/\/rene-schmitt.com\/wp-content\/uploads\/Kay-Rosen-Howdy-Maam-05.jpg'><img width=\"75\" height=\"75\" src=\"https:\/\/rene-schmitt.com\/wp-content\/uploads\/Kay-Rosen-Howdy-Maam-05-75x75.jpg\" class=\"attachment-thumbnail size-thumbnail\" alt=\"Kay Rosen \u2013 Howdy Ma\u2019am (05)\" loading=\"lazy\" srcset=\"https:\/\/rene-schmitt.com\/wp-content\/uploads\/Kay-Rosen-Howdy-Maam-05-75x75.jpg 75w, https:\/\/rene-schmitt.com\/wp-content\/uploads\/Kay-Rosen-Howdy-Maam-05-125x125.jpg 125w\" sizes=\"(max-width: 75px) 100vw, 75px\" \/><\/a>\n\t\t\t<\/dt><\/dl><br style=\"clear: both\" \/>\n\t\t<\/div>\n\n<p>&nbsp;<\/p>\n\n\t\t<style type=\"text\/css\">\n\t\t\t#gallery-3 {\n\t\t\t\tmargin: auto;\n\t\t\t}\n\t\t\t#gallery-3 .gallery-item {\n\t\t\t\tfloat: left;\n\t\t\t\tmargin-top: 10px;\n\t\t\t\ttext-align: center;\n\t\t\t\twidth: 20%;\n\t\t\t}\n\t\t\t#gallery-3 img {\n\t\t\t\tborder: 2px solid #cfcfcf;\n\t\t\t}\n\t\t\t#gallery-3 .gallery-caption {\n\t\t\t\tmargin-left: 0;\n\t\t\t}\n\t\t\t\/* see gallery_shortcode() in wp-includes\/media.php *\/\n\t\t<\/style>\n\t\t<div id='gallery-3' class='gallery galleryid-2966 gallery-columns-5 gallery-size-thumbnail'><dl class='gallery-item'>\n\t\t\t<dt class='gallery-icon landscape'>\n\t\t\t\t<a href='https:\/\/rene-schmitt.com\/wp-content\/uploads\/Kay-Rosen-Howdy-Maam-06.jpg'><img width=\"75\" height=\"75\" src=\"https:\/\/rene-schmitt.com\/wp-content\/uploads\/Kay-Rosen-Howdy-Maam-06-75x75.jpg\" class=\"attachment-thumbnail size-thumbnail\" alt=\"Kay Rosen \u2013 Howdy Ma\u2019am (06)\" loading=\"lazy\" srcset=\"https:\/\/rene-schmitt.com\/wp-content\/uploads\/Kay-Rosen-Howdy-Maam-06-75x75.jpg 75w, https:\/\/rene-schmitt.com\/wp-content\/uploads\/Kay-Rosen-Howdy-Maam-06-125x125.jpg 125w\" sizes=\"(max-width: 75px) 100vw, 75px\" \/><\/a>\n\t\t\t<\/dt><\/dl><dl class='gallery-item'>\n\t\t\t<dt class='gallery-icon landscape'>\n\t\t\t\t<a href='https:\/\/rene-schmitt.com\/wp-content\/uploads\/Kay-Rosen-Howdy-Maam-07.jpg'><img width=\"75\" height=\"75\" src=\"https:\/\/rene-schmitt.com\/wp-content\/uploads\/Kay-Rosen-Howdy-Maam-07-75x75.jpg\" class=\"attachment-thumbnail size-thumbnail\" alt=\"Kay Rosen \u2013 Howdy Ma\u2019am (07)\" loading=\"lazy\" srcset=\"https:\/\/rene-schmitt.com\/wp-content\/uploads\/Kay-Rosen-Howdy-Maam-07-75x75.jpg 75w, https:\/\/rene-schmitt.com\/wp-content\/uploads\/Kay-Rosen-Howdy-Maam-07-125x125.jpg 125w\" sizes=\"(max-width: 75px) 100vw, 75px\" \/><\/a>\n\t\t\t<\/dt><\/dl><dl class='gallery-item'>\n\t\t\t<dt class='gallery-icon landscape'>\n\t\t\t\t<a href='https:\/\/rene-schmitt.com\/wp-content\/uploads\/Kay-Rosen-Howdy-Maam-08.jpg'><img width=\"75\" height=\"75\" src=\"https:\/\/rene-schmitt.com\/wp-content\/uploads\/Kay-Rosen-Howdy-Maam-08-75x75.jpg\" class=\"attachment-thumbnail size-thumbnail\" alt=\"Kay Rosen \u2013 Howdy Ma\u2019am (08)\" loading=\"lazy\" srcset=\"https:\/\/rene-schmitt.com\/wp-content\/uploads\/Kay-Rosen-Howdy-Maam-08-75x75.jpg 75w, https:\/\/rene-schmitt.com\/wp-content\/uploads\/Kay-Rosen-Howdy-Maam-08-125x125.jpg 125w\" sizes=\"(max-width: 75px) 100vw, 75px\" \/><\/a>\n\t\t\t<\/dt><\/dl><dl class='gallery-item'>\n\t\t\t<dt class='gallery-icon landscape'>\n\t\t\t\t<a href='https:\/\/rene-schmitt.com\/wp-content\/uploads\/Kay-Rosen-Howdy-Maam-09.jpg'><img width=\"75\" height=\"75\" src=\"https:\/\/rene-schmitt.com\/wp-content\/uploads\/Kay-Rosen-Howdy-Maam-09-75x75.jpg\" class=\"attachment-thumbnail size-thumbnail\" alt=\"Kay Rosen \u2013 Howdy Ma\u2019am (09)\" loading=\"lazy\" srcset=\"https:\/\/rene-schmitt.com\/wp-content\/uploads\/Kay-Rosen-Howdy-Maam-09-75x75.jpg 75w, https:\/\/rene-schmitt.com\/wp-content\/uploads\/Kay-Rosen-Howdy-Maam-09-125x125.jpg 125w\" sizes=\"(max-width: 75px) 100vw, 75px\" \/><\/a>\n\t\t\t<\/dt><\/dl><dl class='gallery-item'>\n\t\t\t<dt class='gallery-icon landscape'>\n\t\t\t\t<a href='https:\/\/rene-schmitt.com\/wp-content\/uploads\/Kay-Rosen-Howdy-Maam-10.jpg'><img width=\"75\" height=\"75\" src=\"https:\/\/rene-schmitt.com\/wp-content\/uploads\/Kay-Rosen-Howdy-Maam-10-75x75.jpg\" class=\"attachment-thumbnail size-thumbnail\" alt=\"Kay Rosen \u2013 Howdy Ma\u2019am (10)\" loading=\"lazy\" srcset=\"https:\/\/rene-schmitt.com\/wp-content\/uploads\/Kay-Rosen-Howdy-Maam-10-75x75.jpg 75w, https:\/\/rene-schmitt.com\/wp-content\/uploads\/Kay-Rosen-Howdy-Maam-10-125x125.jpg 125w\" sizes=\"(max-width: 75px) 100vw, 75px\" \/><\/a>\n\t\t\t<\/dt><\/dl><br style=\"clear: both\" \/>\n\t\t<\/div>\n\n<p>&nbsp;<\/p>\n\n\t\t<style type=\"text\/css\">\n\t\t\t#gallery-4 {\n\t\t\t\tmargin: auto;\n\t\t\t}\n\t\t\t#gallery-4 .gallery-item {\n\t\t\t\tfloat: left;\n\t\t\t\tmargin-top: 10px;\n\t\t\t\ttext-align: center;\n\t\t\t\twidth: 20%;\n\t\t\t}\n\t\t\t#gallery-4 img {\n\t\t\t\tborder: 2px solid #cfcfcf;\n\t\t\t}\n\t\t\t#gallery-4 .gallery-caption {\n\t\t\t\tmargin-left: 0;\n\t\t\t}\n\t\t\t\/* see gallery_shortcode() in wp-includes\/media.php *\/\n\t\t<\/style>\n\t\t<div id='gallery-4' class='gallery galleryid-2966 gallery-columns-5 gallery-size-thumbnail'><dl class='gallery-item'>\n\t\t\t<dt class='gallery-icon landscape'>\n\t\t\t\t<a href='https:\/\/rene-schmitt.com\/wp-content\/uploads\/Kay-Rosen-Howdy-Maam-11.jpg'><img width=\"75\" height=\"75\" src=\"https:\/\/rene-schmitt.com\/wp-content\/uploads\/Kay-Rosen-Howdy-Maam-11-75x75.jpg\" class=\"attachment-thumbnail size-thumbnail\" alt=\"Kay Rosen \u2013 Howdy Ma\u2019am (11)\" loading=\"lazy\" srcset=\"https:\/\/rene-schmitt.com\/wp-content\/uploads\/Kay-Rosen-Howdy-Maam-11-75x75.jpg 75w, https:\/\/rene-schmitt.com\/wp-content\/uploads\/Kay-Rosen-Howdy-Maam-11-125x125.jpg 125w\" sizes=\"(max-width: 75px) 100vw, 75px\" \/><\/a>\n\t\t\t<\/dt><\/dl><dl class='gallery-item'>\n\t\t\t<dt class='gallery-icon landscape'>\n\t\t\t\t<a href='https:\/\/rene-schmitt.com\/wp-content\/uploads\/Kay-Rosen-Howdy-Maam-12.jpg'><img width=\"75\" height=\"75\" src=\"https:\/\/rene-schmitt.com\/wp-content\/uploads\/Kay-Rosen-Howdy-Maam-12-75x75.jpg\" class=\"attachment-thumbnail size-thumbnail\" alt=\"Kay Rosen \u2013 Howdy Ma\u2019am (12)\" loading=\"lazy\" srcset=\"https:\/\/rene-schmitt.com\/wp-content\/uploads\/Kay-Rosen-Howdy-Maam-12-75x75.jpg 75w, https:\/\/rene-schmitt.com\/wp-content\/uploads\/Kay-Rosen-Howdy-Maam-12-125x125.jpg 125w\" sizes=\"(max-width: 75px) 100vw, 75px\" \/><\/a>\n\t\t\t<\/dt><\/dl><dl class='gallery-item'>\n\t\t\t<dt class='gallery-icon landscape'>\n\t\t\t\t<a href='https:\/\/rene-schmitt.com\/wp-content\/uploads\/Kay-Rosen-Howdy-Maam-13.jpg'><img width=\"75\" height=\"75\" src=\"https:\/\/rene-schmitt.com\/wp-content\/uploads\/Kay-Rosen-Howdy-Maam-13-75x75.jpg\" class=\"attachment-thumbnail size-thumbnail\" alt=\"Kay Rosen \u2013 Howdy Ma\u2019am (13)\" loading=\"lazy\" srcset=\"https:\/\/rene-schmitt.com\/wp-content\/uploads\/Kay-Rosen-Howdy-Maam-13-75x75.jpg 75w, https:\/\/rene-schmitt.com\/wp-content\/uploads\/Kay-Rosen-Howdy-Maam-13-125x125.jpg 125w\" sizes=\"(max-width: 75px) 100vw, 75px\" \/><\/a>\n\t\t\t<\/dt><\/dl><dl class='gallery-item'>\n\t\t\t<dt class='gallery-icon landscape'>\n\t\t\t\t<a href='https:\/\/rene-schmitt.com\/wp-content\/uploads\/Kay-Rosen-Howdy-Maam-14.jpg'><img width=\"75\" height=\"75\" src=\"https:\/\/rene-schmitt.com\/wp-content\/uploads\/Kay-Rosen-Howdy-Maam-14-75x75.jpg\" class=\"attachment-thumbnail size-thumbnail\" alt=\"Kay Rosen \u2013 Howdy Ma\u2019am (14)\" loading=\"lazy\" srcset=\"https:\/\/rene-schmitt.com\/wp-content\/uploads\/Kay-Rosen-Howdy-Maam-14-75x75.jpg 75w, https:\/\/rene-schmitt.com\/wp-content\/uploads\/Kay-Rosen-Howdy-Maam-14-125x125.jpg 125w\" sizes=\"(max-width: 75px) 100vw, 75px\" \/><\/a>\n\t\t\t<\/dt><\/dl><dl class='gallery-item'>\n\t\t\t<dt class='gallery-icon landscape'>\n\t\t\t\t<a href='https:\/\/rene-schmitt.com\/wp-content\/uploads\/Kay-Rosen-Howdy-Maam-15.jpg'><img width=\"75\" height=\"75\" src=\"https:\/\/rene-schmitt.com\/wp-content\/uploads\/Kay-Rosen-Howdy-Maam-15-75x75.jpg\" class=\"attachment-thumbnail size-thumbnail\" alt=\"Kay Rosen \u2013 Howdy Ma\u2019am (15)\" loading=\"lazy\" srcset=\"https:\/\/rene-schmitt.com\/wp-content\/uploads\/Kay-Rosen-Howdy-Maam-15-75x75.jpg 75w, https:\/\/rene-schmitt.com\/wp-content\/uploads\/Kay-Rosen-Howdy-Maam-15-125x125.jpg 125w\" sizes=\"(max-width: 75px) 100vw, 75px\" \/><\/a>\n\t\t\t<\/dt><\/dl><br style=\"clear: both\" \/>\n\t\t<\/div>\n\n<div id=\"description\">\n<h3>Howdy Ma\u2019am (2019)<\/h3>\n<p>Siebdruck auf 300 Gramm Hahnem\u00fchle 1584 B\u00fcttenpapier<br \/>\nGr\u00f6\u00dfe: jeweils 324,8 x 553,4 mm<br \/>\nAuflage: 15 + 3 h.c.<br \/>\nJeweils handsigniert, nummeriert\u200e und datiert<br \/>\n&nbsp;<br \/>\nPreis: USD 12.500<br \/>\n&nbsp;<br \/>\n<a class=\"popmake-4147\" onclick=\"_paq.push(['trackGoal',4]);\"><strong>\u00bb Kaufanfrage<\/strong><\/a><br \/>\n&nbsp;<br \/>\n&nbsp;<br \/>\n<a class=\"popmake-4442\" onclick=\"_paq.push(['trackGoal',8]);\"><strong>\u00bb Ausstellung<\/strong><\/a><br \/>\n&nbsp;<\/p>\n<div id=\"edition\"><a href=\"https:\/\/rene-schmitt.com\/de\/kuenstler\/kay-rosen\/\"><strong>\u00bb Alle<\/strong> Editionen von Kay Rosen<\/a><\/div>\n<\/div>\n<\/div>\n<div class='clear'><\/div>\n","protected":false},"excerpt":{"rendered":"<p>Kay Rosen &#8211; Howdy Ma\u2019am &nbsp; &nbsp; Howdy Ma\u2019am (2019) Siebdruck auf 300 Gramm Hahnem\u00fchle 1584 B\u00fcttenpapier Gr\u00f6\u00dfe: jeweils 324,8 x 553,4 mm Auflage: 15 + 3 h.c. Jeweils handsigniert, nummeriert\u200e und datiert &nbsp; Preis: USD 12.500 &nbsp; \u00bb Kaufanfrage &nbsp; &nbsp; \u00bb Ausstellung &nbsp; \u00bb Alle Editionen von Kay Rosen<\/p>\n","protected":false},"author":1,"featured_media":0,"parent":2947,"menu_order":29,"comment_status":"closed","ping_status":"closed","template":"page-fullwidth.php","meta":[],"_links":{"self":[{"href":"https:\/\/rene-schmitt.com\/de\/wp-json\/wp\/v2\/pages\/2966"}],"collection":[{"href":"https:\/\/rene-schmitt.com\/de\/wp-json\/wp\/v2\/pages"}],"about":[{"href":"https:\/\/rene-schmitt.com\/de\/wp-json\/wp\/v2\/types\/page"}],"author":[{"embeddable":true,"href":"https:\/\/rene-schmitt.com\/de\/wp-json\/wp\/v2\/users\/1"}],"replies":[{"embeddable":true,"href":"https:\/\/rene-schmitt.com\/de\/wp-json\/wp\/v2\/comments?post=2966"}],"version-history":[{"count":4,"href":"https:\/\/rene-schmitt.com\/de\/wp-json\/wp\/v2\/pages\/2966\/revisions"}],"predecessor-version":[{"id":4784,"href":"https:\/\/rene-schmitt.com\/de\/wp-json\/wp\/v2\/pages\/2966\/revisions\/4784"}],"up":[{"embeddable":true,"href":"https:\/\/rene-schmitt.com\/de\/wp-json\/wp\/v2\/pages\/2947"}],"wp:attachment":[{"href":"https:\/\/rene-schmitt.com\/de\/wp-json\/wp\/v2\/media?parent=2966"}],"curies":[{"name":"wp","href":"https:\/\/api.w.org\/{rel}","templated":true}]}}