{"id":3005,"date":"2019-09-10T00:00:21","date_gmt":"2019-09-09T22:00:21","guid":{"rendered":"https:\/\/rene-schmitt.com\/?page_id=3005"},"modified":"2022-02-20T15:23:28","modified_gmt":"2022-02-20T14:23:28","slug":"mappings","status":"publish","type":"page","link":"https:\/\/rene-schmitt.com\/de\/kuenstler\/kay-rosen\/mappings\/","title":{"rendered":"Kay Rosen \u2013 Mappings (2019)"},"content":{"rendered":"<h1><a href=\"https:\/\/rene-schmitt.com\/de\/kuenstler\/kay-rosen\/\">Kay Rosen<\/a> &#8211; Mappings<\/h1>\n<div class='grid_6 alpha'>\n\n\t\t<style type=\"text\/css\">\n\t\t\t#gallery-1 {\n\t\t\t\tmargin: auto;\n\t\t\t}\n\t\t\t#gallery-1 .gallery-item {\n\t\t\t\tfloat: left;\n\t\t\t\tmargin-top: 10px;\n\t\t\t\ttext-align: center;\n\t\t\t\twidth: 100%;\n\t\t\t}\n\t\t\t#gallery-1 img {\n\t\t\t\tborder: 2px solid #cfcfcf;\n\t\t\t}\n\t\t\t#gallery-1 .gallery-caption {\n\t\t\t\tmargin-left: 0;\n\t\t\t}\n\t\t\t\/* see gallery_shortcode() in wp-includes\/media.php *\/\n\t\t<\/style>\n\t\t<div id='gallery-1' class='gallery galleryid-3005 gallery-columns-1 gallery-size-medium'><dl class='gallery-item'>\n\t\t\t<dt class='gallery-icon portrait'>\n\t\t\t\t<a href='https:\/\/rene-schmitt.com\/wp-content\/uploads\/Kay-Rosen-Portrait.jpg'><img width=\"335\" height=\"500\" src=\"https:\/\/rene-schmitt.com\/wp-content\/uploads\/Kay-Rosen-Portrait-335x500.jpg\" class=\"attachment-medium size-medium\" alt=\"Kay Rosen \u2013 Portrait\" loading=\"lazy\" srcset=\"https:\/\/rene-schmitt.com\/wp-content\/uploads\/Kay-Rosen-Portrait-335x500.jpg 335w, https:\/\/rene-schmitt.com\/wp-content\/uploads\/Kay-Rosen-Portrait-768x1147.jpg 768w, https:\/\/rene-schmitt.com\/wp-content\/uploads\/Kay-Rosen-Portrait-686x1024.jpg 686w, https:\/\/rene-schmitt.com\/wp-content\/uploads\/Kay-Rosen-Portrait-642x959.jpg 642w, https:\/\/rene-schmitt.com\/wp-content\/uploads\/Kay-Rosen-Portrait.jpg 857w\" sizes=\"(max-width: 335px) 100vw, 335px\" \/><\/a>\n\t\t\t<\/dt><\/dl><br style=\"clear: both\" \/>\n\t\t<\/div>\n\n<\/div>\n<div class='grid_6 omega'>\n\n\t\t<style type=\"text\/css\">\n\t\t\t#gallery-2 {\n\t\t\t\tmargin: auto;\n\t\t\t}\n\t\t\t#gallery-2 .gallery-item {\n\t\t\t\tfloat: left;\n\t\t\t\tmargin-top: 10px;\n\t\t\t\ttext-align: center;\n\t\t\t\twidth: 20%;\n\t\t\t}\n\t\t\t#gallery-2 img {\n\t\t\t\tborder: 2px solid #cfcfcf;\n\t\t\t}\n\t\t\t#gallery-2 .gallery-caption {\n\t\t\t\tmargin-left: 0;\n\t\t\t}\n\t\t\t\/* see gallery_shortcode() in wp-includes\/media.php *\/\n\t\t<\/style>\n\t\t<div id='gallery-2' class='gallery galleryid-3005 gallery-columns-5 gallery-size-thumbnail'><dl class='gallery-item'>\n\t\t\t<dt class='gallery-icon portrait'>\n\t\t\t\t<a href='https:\/\/rene-schmitt.com\/wp-content\/uploads\/Kay-Rosen-Mappings-alphabet_EVERY-LAST-ONE.jpg'><img width=\"75\" height=\"75\" src=\"https:\/\/rene-schmitt.com\/wp-content\/uploads\/Kay-Rosen-Mappings-alphabet_EVERY-LAST-ONE-75x75.jpg\" class=\"attachment-thumbnail size-thumbnail\" alt=\"Kay Rosen \u2013 Mappings (EVERY LAST ONE)\" loading=\"lazy\" srcset=\"https:\/\/rene-schmitt.com\/wp-content\/uploads\/Kay-Rosen-Mappings-alphabet_EVERY-LAST-ONE-75x75.jpg 75w, https:\/\/rene-schmitt.com\/wp-content\/uploads\/Kay-Rosen-Mappings-alphabet_EVERY-LAST-ONE-125x125.jpg 125w\" sizes=\"(max-width: 75px) 100vw, 75px\" \/><\/a>\n\t\t\t<\/dt><\/dl><dl class='gallery-item'>\n\t\t\t<dt class='gallery-icon portrait'>\n\t\t\t\t<a href='https:\/\/rene-schmitt.com\/wp-content\/uploads\/Kay-Rosen-Mappings-alphabet_FUCK-OFF.jpg'><img width=\"75\" height=\"75\" src=\"https:\/\/rene-schmitt.com\/wp-content\/uploads\/Kay-Rosen-Mappings-alphabet_FUCK-OFF-75x75.jpg\" class=\"attachment-thumbnail size-thumbnail\" alt=\"Kay Rosen \u2013 Mappings (FUCK OFF)\" loading=\"lazy\" srcset=\"https:\/\/rene-schmitt.com\/wp-content\/uploads\/Kay-Rosen-Mappings-alphabet_FUCK-OFF-75x75.jpg 75w, https:\/\/rene-schmitt.com\/wp-content\/uploads\/Kay-Rosen-Mappings-alphabet_FUCK-OFF-125x125.jpg 125w\" sizes=\"(max-width: 75px) 100vw, 75px\" \/><\/a>\n\t\t\t<\/dt><\/dl><dl class='gallery-item'>\n\t\t\t<dt class='gallery-icon portrait'>\n\t\t\t\t<a href='https:\/\/rene-schmitt.com\/wp-content\/uploads\/Kay-Rosen-Mappings-alphabet_KNOCK-KNOCK.jpg'><img width=\"75\" height=\"75\" src=\"https:\/\/rene-schmitt.com\/wp-content\/uploads\/Kay-Rosen-Mappings-alphabet_KNOCK-KNOCK-75x75.jpg\" class=\"attachment-thumbnail size-thumbnail\" alt=\"Kay Rosen \u2013 Mappings (KNOCK KNOCK)\" loading=\"lazy\" srcset=\"https:\/\/rene-schmitt.com\/wp-content\/uploads\/Kay-Rosen-Mappings-alphabet_KNOCK-KNOCK-75x75.jpg 75w, https:\/\/rene-schmitt.com\/wp-content\/uploads\/Kay-Rosen-Mappings-alphabet_KNOCK-KNOCK-125x125.jpg 125w\" sizes=\"(max-width: 75px) 100vw, 75px\" \/><\/a>\n\t\t\t<\/dt><\/dl><dl class='gallery-item'>\n\t\t\t<dt class='gallery-icon portrait'>\n\t\t\t\t<a href='https:\/\/rene-schmitt.com\/wp-content\/uploads\/Kay-Rosen-Mappings-alphabet_ORFEO-AND-EURIDICE.jpg'><img width=\"75\" height=\"75\" src=\"https:\/\/rene-schmitt.com\/wp-content\/uploads\/Kay-Rosen-Mappings-alphabet_ORFEO-AND-EURIDICE-75x75.jpg\" class=\"attachment-thumbnail size-thumbnail\" alt=\"Kay Rosen \u2013 Mappings (ORFEO AND EURIDICE)\" loading=\"lazy\" srcset=\"https:\/\/rene-schmitt.com\/wp-content\/uploads\/Kay-Rosen-Mappings-alphabet_ORFEO-AND-EURIDICE-75x75.jpg 75w, https:\/\/rene-schmitt.com\/wp-content\/uploads\/Kay-Rosen-Mappings-alphabet_ORFEO-AND-EURIDICE-125x125.jpg 125w\" sizes=\"(max-width: 75px) 100vw, 75px\" \/><\/a>\n\t\t\t<\/dt><\/dl><dl class='gallery-item'>\n\t\t\t<dt class='gallery-icon portrait'>\n\t\t\t\t<a href='https:\/\/rene-schmitt.com\/wp-content\/uploads\/Kay-Rosen-Mappings-alphabet_TIGHT-KNIT.jpg'><img width=\"75\" height=\"75\" src=\"https:\/\/rene-schmitt.com\/wp-content\/uploads\/Kay-Rosen-Mappings-alphabet_TIGHT-KNIT-75x75.jpg\" class=\"attachment-thumbnail size-thumbnail\" alt=\"Kay Rosen \u2013 Mappings (TIGHT KNIT)\" loading=\"lazy\" srcset=\"https:\/\/rene-schmitt.com\/wp-content\/uploads\/Kay-Rosen-Mappings-alphabet_TIGHT-KNIT-75x75.jpg 75w, https:\/\/rene-schmitt.com\/wp-content\/uploads\/Kay-Rosen-Mappings-alphabet_TIGHT-KNIT-125x125.jpg 125w\" sizes=\"(max-width: 75px) 100vw, 75px\" \/><\/a>\n\t\t\t<\/dt><\/dl><br style=\"clear: both\" \/>\n\t\t<\/div>\n\n<div id=\"description\">\n<h3>Mappings (2019)<\/h3>\n<p>Pigment Fine Art Druck und Collage auf 300 Gramm Hahnem\u00fchle 1584 B\u00fcttenpapier<br \/>\nGr\u00f6\u00dfe: jeweils 166 x 124 cm<br \/>\nAuflage: 2 + 1 h.c.<br \/>\nHandsigniert und nummeriert auf Zertifikat<br \/>\n&nbsp;<br \/>\nPreis: jeweils USD 15.000<br \/>\n&nbsp;<br \/>\n<a class=\"popmake-4147\" onclick=\"_paq.push(['trackGoal',4]);\"><strong>\u00bb Kaufanfrage<\/strong><\/a><br \/>\n&nbsp;<br \/>\n&nbsp;<br \/>\n<a class=\"popmake-4442\" onclick=\"_paq.push(['trackGoal',8]);\"><strong>\u00bb Ausstellung<\/strong><\/a><br \/>\n&nbsp;<br \/>\n&nbsp;<br \/>\n&nbsp;<br \/>\n&nbsp;<br \/>\n&nbsp;<br \/>\n&nbsp;<br \/>\n&nbsp;<br \/>\n&nbsp;<br \/>\n&nbsp;<br \/>\n&nbsp;<br \/>\n&nbsp;<br \/>\n&nbsp;<br \/>\n&nbsp;<br \/>\n&nbsp;<\/p>\n<div id=\"edition\"><a href=\"https:\/\/rene-schmitt.com\/de\/kuenstler\/kay-rosen\/\"><strong>\u00bb Alle<\/strong> Editionen von Kay Rosen<\/a><\/div>\n<\/div>\n<\/div>\n<div class='clear'><\/div>\n","protected":false},"excerpt":{"rendered":"<p>Kay Rosen &#8211; Mappings Mappings (2019) Pigment Fine Art Druck und Collage auf 300 Gramm Hahnem\u00fchle 1584 B\u00fcttenpapier Gr\u00f6\u00dfe: jeweils 166 x 124 cm Auflage: 2 + 1 h.c. Handsigniert und nummeriert auf Zertifikat &nbsp; Preis: jeweils USD 15.000 &nbsp; \u00bb Kaufanfrage &nbsp; &nbsp; \u00bb Ausstellung &nbsp; &nbsp; &nbsp; &nbsp; &nbsp; &nbsp; &nbsp; &nbsp; &nbsp; [&hellip;]<\/p>\n","protected":false},"author":1,"featured_media":0,"parent":2947,"menu_order":29,"comment_status":"closed","ping_status":"closed","template":"page-fullwidth.php","meta":[],"_links":{"self":[{"href":"https:\/\/rene-schmitt.com\/de\/wp-json\/wp\/v2\/pages\/3005"}],"collection":[{"href":"https:\/\/rene-schmitt.com\/de\/wp-json\/wp\/v2\/pages"}],"about":[{"href":"https:\/\/rene-schmitt.com\/de\/wp-json\/wp\/v2\/types\/page"}],"author":[{"embeddable":true,"href":"https:\/\/rene-schmitt.com\/de\/wp-json\/wp\/v2\/users\/1"}],"replies":[{"embeddable":true,"href":"https:\/\/rene-schmitt.com\/de\/wp-json\/wp\/v2\/comments?post=3005"}],"version-history":[{"count":4,"href":"https:\/\/rene-schmitt.com\/de\/wp-json\/wp\/v2\/pages\/3005\/revisions"}],"predecessor-version":[{"id":4688,"href":"https:\/\/rene-schmitt.com\/de\/wp-json\/wp\/v2\/pages\/3005\/revisions\/4688"}],"up":[{"embeddable":true,"href":"https:\/\/rene-schmitt.com\/de\/wp-json\/wp\/v2\/pages\/2947"}],"wp:attachment":[{"href":"https:\/\/rene-schmitt.com\/de\/wp-json\/wp\/v2\/media?parent=3005"}],"curies":[{"name":"wp","href":"https:\/\/api.w.org\/{rel}","templated":true}]}}