{"id":3188,"date":"2019-10-29T00:00:21","date_gmt":"2019-10-28T23:00:21","guid":{"rendered":"https:\/\/rene-schmitt.com\/?page_id=3188"},"modified":"2023-05-09T21:16:04","modified_gmt":"2023-05-09T19:16:04","slug":"girl-now-meets-girl-then","status":"publish","type":"page","link":"https:\/\/rene-schmitt.com\/de\/kuenstler\/rose-wylie\/girl-now-meets-girl-then\/","title":{"rendered":"Rose Wylie \u2013 Girl Now meets Girl Then (2019)"},"content":{"rendered":"<h1><a href=\"https:\/\/rene-schmitt.com\/de\/kuenstler\/rose-wylie\/\">Rose Wylie<\/a> \u2013 Girl Now meets Girl Then<\/h1>\n<div class='grid_6 alpha'>\n\n\t\t<style type=\"text\/css\">\n\t\t\t#gallery-1 {\n\t\t\t\tmargin: auto;\n\t\t\t}\n\t\t\t#gallery-1 .gallery-item {\n\t\t\t\tfloat: left;\n\t\t\t\tmargin-top: 10px;\n\t\t\t\ttext-align: center;\n\t\t\t\twidth: 100%;\n\t\t\t}\n\t\t\t#gallery-1 img {\n\t\t\t\tborder: 2px solid #cfcfcf;\n\t\t\t}\n\t\t\t#gallery-1 .gallery-caption {\n\t\t\t\tmargin-left: 0;\n\t\t\t}\n\t\t\t\/* see gallery_shortcode() in wp-includes\/media.php *\/\n\t\t<\/style>\n\t\t<div id='gallery-1' class='gallery galleryid-3188 gallery-columns-1 gallery-size-medium'><dl class='gallery-item'>\n\t\t\t<dt class='gallery-icon portrait'>\n\t\t\t\t<a href='https:\/\/rene-schmitt.com\/wp-content\/uploads\/Rose-Wylie-Portrait.jpg'><img width=\"389\" height=\"500\" src=\"https:\/\/rene-schmitt.com\/wp-content\/uploads\/Rose-Wylie-Portrait-389x500.jpg\" class=\"attachment-medium size-medium\" alt=\"Rose Wylie \u2013 Portrait\" loading=\"lazy\" srcset=\"https:\/\/rene-schmitt.com\/wp-content\/uploads\/Rose-Wylie-Portrait-389x500.jpg 389w, https:\/\/rene-schmitt.com\/wp-content\/uploads\/Rose-Wylie-Portrait-768x987.jpg 768w, https:\/\/rene-schmitt.com\/wp-content\/uploads\/Rose-Wylie-Portrait-797x1024.jpg 797w, https:\/\/rene-schmitt.com\/wp-content\/uploads\/Rose-Wylie-Portrait-642x825.jpg 642w, https:\/\/rene-schmitt.com\/wp-content\/uploads\/Rose-Wylie-Portrait-978x1257.jpg 978w, https:\/\/rene-schmitt.com\/wp-content\/uploads\/Rose-Wylie-Portrait.jpg 996w\" sizes=\"(max-width: 389px) 100vw, 389px\" \/><\/a>\n\t\t\t<\/dt><\/dl><br style=\"clear: both\" \/>\n\t\t<\/div>\n\n<\/div>\n<div class='grid_6 omega'>\n\n\t\t<style type=\"text\/css\">\n\t\t\t#gallery-2 {\n\t\t\t\tmargin: auto;\n\t\t\t}\n\t\t\t#gallery-2 .gallery-item {\n\t\t\t\tfloat: left;\n\t\t\t\tmargin-top: 10px;\n\t\t\t\ttext-align: center;\n\t\t\t\twidth: 20%;\n\t\t\t}\n\t\t\t#gallery-2 img {\n\t\t\t\tborder: 2px solid #cfcfcf;\n\t\t\t}\n\t\t\t#gallery-2 .gallery-caption {\n\t\t\t\tmargin-left: 0;\n\t\t\t}\n\t\t\t\/* see gallery_shortcode() in wp-includes\/media.php *\/\n\t\t<\/style>\n\t\t<div id='gallery-2' class='gallery galleryid-3188 gallery-columns-5 gallery-size-thumbnail'><dl class='gallery-item'>\n\t\t\t<dt class='gallery-icon portrait'>\n\t\t\t\t<a href='https:\/\/rene-schmitt.com\/wp-content\/uploads\/Rose-Wylie-Girl-Now-meets-Girl-Then-01.jpg'><img width=\"75\" height=\"75\" src=\"https:\/\/rene-schmitt.com\/wp-content\/uploads\/Rose-Wylie-Girl-Now-meets-Girl-Then-01-75x75.jpg\" class=\"attachment-thumbnail size-thumbnail\" alt=\"Rose Wylie \u2013 Girl Now meets Girl Then (01)\" loading=\"lazy\" srcset=\"https:\/\/rene-schmitt.com\/wp-content\/uploads\/Rose-Wylie-Girl-Now-meets-Girl-Then-01-75x75.jpg 75w, https:\/\/rene-schmitt.com\/wp-content\/uploads\/Rose-Wylie-Girl-Now-meets-Girl-Then-01-125x125.jpg 125w\" sizes=\"(max-width: 75px) 100vw, 75px\" \/><\/a>\n\t\t\t<\/dt><\/dl><dl class='gallery-item'>\n\t\t\t<dt class='gallery-icon portrait'>\n\t\t\t\t<a href='https:\/\/rene-schmitt.com\/wp-content\/uploads\/Rose-Wylie-Girl-Now-meets-Girl-Then-02.jpg'><img width=\"75\" height=\"75\" src=\"https:\/\/rene-schmitt.com\/wp-content\/uploads\/Rose-Wylie-Girl-Now-meets-Girl-Then-02-75x75.jpg\" class=\"attachment-thumbnail size-thumbnail\" alt=\"Rose Wylie \u2013 Girl Now meets Girl Then (02)\" loading=\"lazy\" srcset=\"https:\/\/rene-schmitt.com\/wp-content\/uploads\/Rose-Wylie-Girl-Now-meets-Girl-Then-02-75x75.jpg 75w, https:\/\/rene-schmitt.com\/wp-content\/uploads\/Rose-Wylie-Girl-Now-meets-Girl-Then-02-125x125.jpg 125w\" sizes=\"(max-width: 75px) 100vw, 75px\" \/><\/a>\n\t\t\t<\/dt><\/dl><dl class='gallery-item'>\n\t\t\t<dt class='gallery-icon portrait'>\n\t\t\t\t<a href='https:\/\/rene-schmitt.com\/wp-content\/uploads\/Rose-Wylie-Girl-Now-meets-Girl-Then-03.jpg'><img width=\"75\" height=\"75\" src=\"https:\/\/rene-schmitt.com\/wp-content\/uploads\/Rose-Wylie-Girl-Now-meets-Girl-Then-03-75x75.jpg\" class=\"attachment-thumbnail size-thumbnail\" alt=\"Rose Wylie \u2013 Girl Now meets Girl Then (03)\" loading=\"lazy\" srcset=\"https:\/\/rene-schmitt.com\/wp-content\/uploads\/Rose-Wylie-Girl-Now-meets-Girl-Then-03-75x75.jpg 75w, https:\/\/rene-schmitt.com\/wp-content\/uploads\/Rose-Wylie-Girl-Now-meets-Girl-Then-03-125x125.jpg 125w\" sizes=\"(max-width: 75px) 100vw, 75px\" \/><\/a>\n\t\t\t<\/dt><\/dl><dl class='gallery-item'>\n\t\t\t<dt class='gallery-icon portrait'>\n\t\t\t\t<a href='https:\/\/rene-schmitt.com\/wp-content\/uploads\/Rose-Wylie-Girl-Now-meets-Girl-Then-04.jpg'><img width=\"75\" height=\"75\" src=\"https:\/\/rene-schmitt.com\/wp-content\/uploads\/Rose-Wylie-Girl-Now-meets-Girl-Then-04-75x75.jpg\" class=\"attachment-thumbnail size-thumbnail\" alt=\"Rose Wylie \u2013 Girl Now meets Girl Then (04)\" loading=\"lazy\" srcset=\"https:\/\/rene-schmitt.com\/wp-content\/uploads\/Rose-Wylie-Girl-Now-meets-Girl-Then-04-75x75.jpg 75w, https:\/\/rene-schmitt.com\/wp-content\/uploads\/Rose-Wylie-Girl-Now-meets-Girl-Then-04-125x125.jpg 125w\" sizes=\"(max-width: 75px) 100vw, 75px\" \/><\/a>\n\t\t\t<\/dt><\/dl><dl class='gallery-item'>\n\t\t\t<dt class='gallery-icon portrait'>\n\t\t\t\t<a href='https:\/\/rene-schmitt.com\/wp-content\/uploads\/Rose-Wylie-Girl-Now-meets-Girl-Then-05.jpg'><img width=\"75\" height=\"75\" src=\"https:\/\/rene-schmitt.com\/wp-content\/uploads\/Rose-Wylie-Girl-Now-meets-Girl-Then-05-75x75.jpg\" class=\"attachment-thumbnail size-thumbnail\" alt=\"Rose Wylie \u2013 Girl Now meets Girl Then (05)\" loading=\"lazy\" srcset=\"https:\/\/rene-schmitt.com\/wp-content\/uploads\/Rose-Wylie-Girl-Now-meets-Girl-Then-05-75x75.jpg 75w, https:\/\/rene-schmitt.com\/wp-content\/uploads\/Rose-Wylie-Girl-Now-meets-Girl-Then-05-125x125.jpg 125w\" sizes=\"(max-width: 75px) 100vw, 75px\" \/><\/a>\n\t\t\t<\/dt><\/dl><br style=\"clear: both\" \/>\n\t\t<\/div>\n\n<p>&nbsp;<\/p>\n\n\t\t<style type=\"text\/css\">\n\t\t\t#gallery-3 {\n\t\t\t\tmargin: auto;\n\t\t\t}\n\t\t\t#gallery-3 .gallery-item {\n\t\t\t\tfloat: left;\n\t\t\t\tmargin-top: 10px;\n\t\t\t\ttext-align: center;\n\t\t\t\twidth: 20%;\n\t\t\t}\n\t\t\t#gallery-3 img {\n\t\t\t\tborder: 2px solid #cfcfcf;\n\t\t\t}\n\t\t\t#gallery-3 .gallery-caption {\n\t\t\t\tmargin-left: 0;\n\t\t\t}\n\t\t\t\/* see gallery_shortcode() in wp-includes\/media.php *\/\n\t\t<\/style>\n\t\t<div id='gallery-3' class='gallery galleryid-3188 gallery-columns-5 gallery-size-thumbnail'><dl class='gallery-item'>\n\t\t\t<dt class='gallery-icon portrait'>\n\t\t\t\t<a href='https:\/\/rene-schmitt.com\/wp-content\/uploads\/Rose-Wylie-Girl-Now-meets-Girl-Then-06.jpg'><img width=\"75\" height=\"75\" src=\"https:\/\/rene-schmitt.com\/wp-content\/uploads\/Rose-Wylie-Girl-Now-meets-Girl-Then-06-75x75.jpg\" class=\"attachment-thumbnail size-thumbnail\" alt=\"Rose Wylie \u2013 Girl Now meets Girl Then (06)\" loading=\"lazy\" srcset=\"https:\/\/rene-schmitt.com\/wp-content\/uploads\/Rose-Wylie-Girl-Now-meets-Girl-Then-06-75x75.jpg 75w, https:\/\/rene-schmitt.com\/wp-content\/uploads\/Rose-Wylie-Girl-Now-meets-Girl-Then-06-125x125.jpg 125w\" sizes=\"(max-width: 75px) 100vw, 75px\" \/><\/a>\n\t\t\t<\/dt><\/dl><dl class='gallery-item'>\n\t\t\t<dt class='gallery-icon portrait'>\n\t\t\t\t<a href='https:\/\/rene-schmitt.com\/wp-content\/uploads\/Rose-Wylie-Girl-Now-meets-Girl-Then-07.jpg'><img width=\"75\" height=\"75\" src=\"https:\/\/rene-schmitt.com\/wp-content\/uploads\/Rose-Wylie-Girl-Now-meets-Girl-Then-07-75x75.jpg\" class=\"attachment-thumbnail size-thumbnail\" alt=\"Rose Wylie \u2013 Girl Now meets Girl Then (07)\" loading=\"lazy\" srcset=\"https:\/\/rene-schmitt.com\/wp-content\/uploads\/Rose-Wylie-Girl-Now-meets-Girl-Then-07-75x75.jpg 75w, https:\/\/rene-schmitt.com\/wp-content\/uploads\/Rose-Wylie-Girl-Now-meets-Girl-Then-07-125x125.jpg 125w\" sizes=\"(max-width: 75px) 100vw, 75px\" \/><\/a>\n\t\t\t<\/dt><\/dl><dl class='gallery-item'>\n\t\t\t<dt class='gallery-icon portrait'>\n\t\t\t\t<a href='https:\/\/rene-schmitt.com\/wp-content\/uploads\/Rose-Wylie-Girl-Now-meets-Girl-Then-08.jpg'><img width=\"75\" height=\"75\" src=\"https:\/\/rene-schmitt.com\/wp-content\/uploads\/Rose-Wylie-Girl-Now-meets-Girl-Then-08-75x75.jpg\" class=\"attachment-thumbnail size-thumbnail\" alt=\"Rose Wylie \u2013 Girl Now meets Girl Then (08)\" loading=\"lazy\" srcset=\"https:\/\/rene-schmitt.com\/wp-content\/uploads\/Rose-Wylie-Girl-Now-meets-Girl-Then-08-75x75.jpg 75w, https:\/\/rene-schmitt.com\/wp-content\/uploads\/Rose-Wylie-Girl-Now-meets-Girl-Then-08-125x125.jpg 125w\" sizes=\"(max-width: 75px) 100vw, 75px\" \/><\/a>\n\t\t\t<\/dt><\/dl><dl class='gallery-item'>\n\t\t\t<dt class='gallery-icon portrait'>\n\t\t\t\t<a href='https:\/\/rene-schmitt.com\/wp-content\/uploads\/Rose-Wylie-Girl-Now-meets-Girl-Then-09.jpg'><img width=\"75\" height=\"75\" src=\"https:\/\/rene-schmitt.com\/wp-content\/uploads\/Rose-Wylie-Girl-Now-meets-Girl-Then-09-75x75.jpg\" class=\"attachment-thumbnail size-thumbnail\" alt=\"Rose Wylie \u2013 Girl Now meets Girl Then (09)\" loading=\"lazy\" srcset=\"https:\/\/rene-schmitt.com\/wp-content\/uploads\/Rose-Wylie-Girl-Now-meets-Girl-Then-09-75x75.jpg 75w, https:\/\/rene-schmitt.com\/wp-content\/uploads\/Rose-Wylie-Girl-Now-meets-Girl-Then-09-125x125.jpg 125w\" sizes=\"(max-width: 75px) 100vw, 75px\" \/><\/a>\n\t\t\t<\/dt><\/dl><dl class='gallery-item'>\n\t\t\t<dt class='gallery-icon portrait'>\n\t\t\t\t<a href='https:\/\/rene-schmitt.com\/wp-content\/uploads\/Rose-Wylie-Girl-Now-meets-Girl-Then-10.jpg'><img width=\"75\" height=\"75\" src=\"https:\/\/rene-schmitt.com\/wp-content\/uploads\/Rose-Wylie-Girl-Now-meets-Girl-Then-10-75x75.jpg\" class=\"attachment-thumbnail size-thumbnail\" alt=\"Rose Wylie \u2013 Girl Now meets Girl Then (10)\" loading=\"lazy\" srcset=\"https:\/\/rene-schmitt.com\/wp-content\/uploads\/Rose-Wylie-Girl-Now-meets-Girl-Then-10-75x75.jpg 75w, https:\/\/rene-schmitt.com\/wp-content\/uploads\/Rose-Wylie-Girl-Now-meets-Girl-Then-10-125x125.jpg 125w\" sizes=\"(max-width: 75px) 100vw, 75px\" \/><\/a>\n\t\t\t<\/dt><\/dl><br style=\"clear: both\" \/>\n\t\t<\/div>\n\n<p>&nbsp;<\/p>\n\n\t\t<style type=\"text\/css\">\n\t\t\t#gallery-4 {\n\t\t\t\tmargin: auto;\n\t\t\t}\n\t\t\t#gallery-4 .gallery-item {\n\t\t\t\tfloat: left;\n\t\t\t\tmargin-top: 10px;\n\t\t\t\ttext-align: center;\n\t\t\t\twidth: 20%;\n\t\t\t}\n\t\t\t#gallery-4 img {\n\t\t\t\tborder: 2px solid #cfcfcf;\n\t\t\t}\n\t\t\t#gallery-4 .gallery-caption {\n\t\t\t\tmargin-left: 0;\n\t\t\t}\n\t\t\t\/* see gallery_shortcode() in wp-includes\/media.php *\/\n\t\t<\/style>\n\t\t<div id='gallery-4' class='gallery galleryid-3188 gallery-columns-5 gallery-size-thumbnail'><dl class='gallery-item'>\n\t\t\t<dt class='gallery-icon portrait'>\n\t\t\t\t<a href='https:\/\/rene-schmitt.com\/wp-content\/uploads\/Rose-Wylie-Girl-Now-meets-Girl-Then-11.jpg'><img width=\"75\" height=\"75\" src=\"https:\/\/rene-schmitt.com\/wp-content\/uploads\/Rose-Wylie-Girl-Now-meets-Girl-Then-11-75x75.jpg\" class=\"attachment-thumbnail size-thumbnail\" alt=\"Rose Wylie \u2013 Girl Now meets Girl Then (11)\" loading=\"lazy\" srcset=\"https:\/\/rene-schmitt.com\/wp-content\/uploads\/Rose-Wylie-Girl-Now-meets-Girl-Then-11-75x75.jpg 75w, https:\/\/rene-schmitt.com\/wp-content\/uploads\/Rose-Wylie-Girl-Now-meets-Girl-Then-11-125x125.jpg 125w\" sizes=\"(max-width: 75px) 100vw, 75px\" \/><\/a>\n\t\t\t<\/dt><\/dl><dl class='gallery-item'>\n\t\t\t<dt class='gallery-icon portrait'>\n\t\t\t\t<a href='https:\/\/rene-schmitt.com\/wp-content\/uploads\/Rose-Wylie-Girl-Now-meets-Girl-Then-12.jpg'><img width=\"75\" height=\"75\" src=\"https:\/\/rene-schmitt.com\/wp-content\/uploads\/Rose-Wylie-Girl-Now-meets-Girl-Then-12-75x75.jpg\" class=\"attachment-thumbnail size-thumbnail\" alt=\"Rose Wylie \u2013 Girl Now meets Girl Then (12)\" loading=\"lazy\" srcset=\"https:\/\/rene-schmitt.com\/wp-content\/uploads\/Rose-Wylie-Girl-Now-meets-Girl-Then-12-75x75.jpg 75w, https:\/\/rene-schmitt.com\/wp-content\/uploads\/Rose-Wylie-Girl-Now-meets-Girl-Then-12-125x125.jpg 125w\" sizes=\"(max-width: 75px) 100vw, 75px\" \/><\/a>\n\t\t\t<\/dt><\/dl><dl class='gallery-item'>\n\t\t\t<dt class='gallery-icon portrait'>\n\t\t\t\t<a href='https:\/\/rene-schmitt.com\/wp-content\/uploads\/Rose-Wylie-Girl-Now-meets-Girl-Then-13.jpg'><img width=\"75\" height=\"75\" src=\"https:\/\/rene-schmitt.com\/wp-content\/uploads\/Rose-Wylie-Girl-Now-meets-Girl-Then-13-75x75.jpg\" class=\"attachment-thumbnail size-thumbnail\" alt=\"Rose Wylie \u2013 Girl Now meets Girl Then (13)\" loading=\"lazy\" srcset=\"https:\/\/rene-schmitt.com\/wp-content\/uploads\/Rose-Wylie-Girl-Now-meets-Girl-Then-13-75x75.jpg 75w, https:\/\/rene-schmitt.com\/wp-content\/uploads\/Rose-Wylie-Girl-Now-meets-Girl-Then-13-125x125.jpg 125w\" sizes=\"(max-width: 75px) 100vw, 75px\" \/><\/a>\n\t\t\t<\/dt><\/dl><dl class='gallery-item'>\n\t\t\t<dt class='gallery-icon portrait'>\n\t\t\t\t<a href='https:\/\/rene-schmitt.com\/wp-content\/uploads\/Rose-Wylie-Girl-Now-meets-Girl-Then-14.jpg'><img width=\"75\" height=\"75\" src=\"https:\/\/rene-schmitt.com\/wp-content\/uploads\/Rose-Wylie-Girl-Now-meets-Girl-Then-14-75x75.jpg\" class=\"attachment-thumbnail size-thumbnail\" alt=\"Rose Wylie \u2013 Girl Now meets Girl Then (14)\" loading=\"lazy\" srcset=\"https:\/\/rene-schmitt.com\/wp-content\/uploads\/Rose-Wylie-Girl-Now-meets-Girl-Then-14-75x75.jpg 75w, https:\/\/rene-schmitt.com\/wp-content\/uploads\/Rose-Wylie-Girl-Now-meets-Girl-Then-14-125x125.jpg 125w\" sizes=\"(max-width: 75px) 100vw, 75px\" \/><\/a>\n\t\t\t<\/dt><\/dl><dl class='gallery-item'>\n\t\t\t<dt class='gallery-icon portrait'>\n\t\t\t\t<a href='https:\/\/rene-schmitt.com\/wp-content\/uploads\/Rose-Wylie-Girl-Now-meets-Girl-Then-15.jpg'><img width=\"75\" height=\"75\" src=\"https:\/\/rene-schmitt.com\/wp-content\/uploads\/Rose-Wylie-Girl-Now-meets-Girl-Then-15-75x75.jpg\" class=\"attachment-thumbnail size-thumbnail\" alt=\"Rose Wylie \u2013 Girl Now meets Girl Then (15)\" loading=\"lazy\" srcset=\"https:\/\/rene-schmitt.com\/wp-content\/uploads\/Rose-Wylie-Girl-Now-meets-Girl-Then-15-75x75.jpg 75w, https:\/\/rene-schmitt.com\/wp-content\/uploads\/Rose-Wylie-Girl-Now-meets-Girl-Then-15-125x125.jpg 125w\" sizes=\"(max-width: 75px) 100vw, 75px\" \/><\/a>\n\t\t\t<\/dt><\/dl><br style=\"clear: both\" \/>\n\t\t<\/div>\n\n<div id=\"description\">\n<h3>Girl Now meets Girl Then (2019)<\/h3>\n<p>22 individuelle Arbeiten auf Papier<br \/>\nAcryl bzw. Acryl-Tusche und Aquarell-Tusche \u00fcber Pigment Fine Art Druck<br \/>\nHahnem\u00fchle 1584 B\u00fcttenpapier 300 Gramm<br \/>\nGr\u00f6\u00dfe: jeweils 120 x 80 cm<br \/>\nEdition: 10&nbsp;&nbsp;(Aufgrund des \u00dcbermalungsprozesses alle Arbeiten unikat\u00e4r)<br \/>\nJeweils handsigniert und Archiv-nummeriert in Bleistift auf der R\u00fcckseite<br \/>\n&nbsp;<br \/>\nPreis: je EUR 14.300<br \/>\n&nbsp;<br \/>\n<a class=\"popmake-4147\" onclick=\"_paq.push(['trackGoal',4]);\"><strong>\u00bb Kaufanfrage<\/strong><\/a><br \/>\n&nbsp;<br \/>\n<a class=\"popmake-4447\" onclick=\"_paq.push(['trackGoal',8]);\"><strong>\u00bb Ausstellung<\/strong><\/a><\/p>\n<div id=\"edition\"><a href=\"https:\/\/rene-schmitt.com\/de\/kuenstler\/rose-wylie\/girl-now-meets-girl-then-bilder\/\"><strong>\u00bb Mehr<\/strong> Bilder (Rose Wylie \u2013 Girl Now meets Girl Then)<\/a><\/div>\n<div id=\"edition\"><a href=\"https:\/\/rene-schmitt.com\/de\/kuenstler\/rose-wylie\/\"><strong>\u00bb Alle<\/strong> Editionen von Rose Wylie<\/a><\/div>\n<\/div>\n<\/div>\n<div class='clear'><\/div>\n","protected":false},"excerpt":{"rendered":"<p>Rose Wylie \u2013 Girl Now meets Girl Then &nbsp; &nbsp; Girl Now meets Girl Then (2019) 22 individuelle Arbeiten auf Papier Acryl bzw. Acryl-Tusche und Aquarell-Tusche \u00fcber Pigment Fine Art Druck Hahnem\u00fchle 1584 B\u00fcttenpapier 300 Gramm Gr\u00f6\u00dfe: jeweils 120 x 80 cm Edition: 10&nbsp;&nbsp;(Aufgrund des \u00dcbermalungsprozesses alle Arbeiten unikat\u00e4r) Jeweils handsigniert und Archiv-nummeriert in Bleistift [&hellip;]<\/p>\n","protected":false},"author":1,"featured_media":0,"parent":808,"menu_order":34,"comment_status":"closed","ping_status":"closed","template":"page-fullwidth.php","meta":[],"_links":{"self":[{"href":"https:\/\/rene-schmitt.com\/de\/wp-json\/wp\/v2\/pages\/3188"}],"collection":[{"href":"https:\/\/rene-schmitt.com\/de\/wp-json\/wp\/v2\/pages"}],"about":[{"href":"https:\/\/rene-schmitt.com\/de\/wp-json\/wp\/v2\/types\/page"}],"author":[{"embeddable":true,"href":"https:\/\/rene-schmitt.com\/de\/wp-json\/wp\/v2\/users\/1"}],"replies":[{"embeddable":true,"href":"https:\/\/rene-schmitt.com\/de\/wp-json\/wp\/v2\/comments?post=3188"}],"version-history":[{"count":6,"href":"https:\/\/rene-schmitt.com\/de\/wp-json\/wp\/v2\/pages\/3188\/revisions"}],"predecessor-version":[{"id":4980,"href":"https:\/\/rene-schmitt.com\/de\/wp-json\/wp\/v2\/pages\/3188\/revisions\/4980"}],"up":[{"embeddable":true,"href":"https:\/\/rene-schmitt.com\/de\/wp-json\/wp\/v2\/pages\/808"}],"wp:attachment":[{"href":"https:\/\/rene-schmitt.com\/de\/wp-json\/wp\/v2\/media?parent=3188"}],"curies":[{"name":"wp","href":"https:\/\/api.w.org\/{rel}","templated":true}]}}