{"id":3500,"date":"2021-04-05T00:00:21","date_gmt":"2021-04-04T22:00:21","guid":{"rendered":"https:\/\/rene-schmitt.com\/?page_id=3500"},"modified":"2026-04-12T14:46:18","modified_gmt":"2026-04-12T12:46:18","slug":"untitled-flowers","status":"publish","type":"page","link":"https:\/\/rene-schmitt.com\/de\/kuenstler\/tal-r\/untitled-flowers\/","title":{"rendered":"Tal R \u2013 Untitled Flowers (2020)"},"content":{"rendered":"<h1><a href=\"https:\/\/rene-schmitt.com\/de\/kuenstler\/tal-r\/\">Tal R<\/a> \u2013 Untitled Flowers<\/h1>\n<div class='grid_6 alpha'>\n\n\t\t<style type=\"text\/css\">\n\t\t\t#gallery-1 {\n\t\t\t\tmargin: auto;\n\t\t\t}\n\t\t\t#gallery-1 .gallery-item {\n\t\t\t\tfloat: left;\n\t\t\t\tmargin-top: 10px;\n\t\t\t\ttext-align: center;\n\t\t\t\twidth: 100%;\n\t\t\t}\n\t\t\t#gallery-1 img {\n\t\t\t\tborder: 2px solid #cfcfcf;\n\t\t\t}\n\t\t\t#gallery-1 .gallery-caption {\n\t\t\t\tmargin-left: 0;\n\t\t\t}\n\t\t\t\/* see gallery_shortcode() in wp-includes\/media.php *\/\n\t\t<\/style>\n\t\t<div id='gallery-1' class='gallery galleryid-3500 gallery-columns-1 gallery-size-medium'><dl class='gallery-item'>\n\t\t\t<dt class='gallery-icon portrait'>\n\t\t\t\t<a href='https:\/\/rene-schmitt.com\/wp-content\/uploads\/Tal-R-Portrait.jpg'><img width=\"416\" height=\"500\" src=\"https:\/\/rene-schmitt.com\/wp-content\/uploads\/Tal-R-Portrait-416x500.jpg\" class=\"attachment-medium size-medium\" alt=\"Tal R \u2013 Portrait\" loading=\"lazy\" srcset=\"https:\/\/rene-schmitt.com\/wp-content\/uploads\/Tal-R-Portrait-416x500.jpg 416w, https:\/\/rene-schmitt.com\/wp-content\/uploads\/Tal-R-Portrait-768x922.jpg 768w, https:\/\/rene-schmitt.com\/wp-content\/uploads\/Tal-R-Portrait-853x1024.jpg 853w, https:\/\/rene-schmitt.com\/wp-content\/uploads\/Tal-R-Portrait-642x771.jpg 642w, https:\/\/rene-schmitt.com\/wp-content\/uploads\/Tal-R-Portrait-978x1174.jpg 978w, https:\/\/rene-schmitt.com\/wp-content\/uploads\/Tal-R-Portrait.jpg 1066w\" sizes=\"(max-width: 416px) 100vw, 416px\" \/><\/a>\n\t\t\t<\/dt><\/dl><br style=\"clear: both\" \/>\n\t\t<\/div>\n\n<\/div>\n<div class='grid_6 omega'>\n\n\t\t<style type=\"text\/css\">\n\t\t\t#gallery-2 {\n\t\t\t\tmargin: auto;\n\t\t\t}\n\t\t\t#gallery-2 .gallery-item {\n\t\t\t\tfloat: left;\n\t\t\t\tmargin-top: 10px;\n\t\t\t\ttext-align: center;\n\t\t\t\twidth: 20%;\n\t\t\t}\n\t\t\t#gallery-2 img {\n\t\t\t\tborder: 2px solid #cfcfcf;\n\t\t\t}\n\t\t\t#gallery-2 .gallery-caption {\n\t\t\t\tmargin-left: 0;\n\t\t\t}\n\t\t\t\/* see gallery_shortcode() in wp-includes\/media.php *\/\n\t\t<\/style>\n\t\t<div id='gallery-2' class='gallery galleryid-3500 gallery-columns-5 gallery-size-thumbnail'><dl class='gallery-item'>\n\t\t\t<dt class='gallery-icon portrait'>\n\t\t\t\t<a href='https:\/\/rene-schmitt.com\/wp-content\/uploads\/TalR-Untitled-Flowers-Flower-1.jpg'><img width=\"75\" height=\"75\" src=\"https:\/\/rene-schmitt.com\/wp-content\/uploads\/TalR-Untitled-Flowers-Flower-1-75x75.jpg\" class=\"attachment-thumbnail size-thumbnail\" alt=\"Tal R \u2013 Untitled Flowers (Flower 1)\" loading=\"lazy\" srcset=\"https:\/\/rene-schmitt.com\/wp-content\/uploads\/TalR-Untitled-Flowers-Flower-1-75x75.jpg 75w, https:\/\/rene-schmitt.com\/wp-content\/uploads\/TalR-Untitled-Flowers-Flower-1-125x125.jpg 125w\" sizes=\"(max-width: 75px) 100vw, 75px\" \/><\/a>\n\t\t\t<\/dt><\/dl><dl class='gallery-item'>\n\t\t\t<dt class='gallery-icon portrait'>\n\t\t\t\t<a href='https:\/\/rene-schmitt.com\/wp-content\/uploads\/TalR-Untitled-Flowers-Flower-2.jpg'><img width=\"75\" height=\"75\" src=\"https:\/\/rene-schmitt.com\/wp-content\/uploads\/TalR-Untitled-Flowers-Flower-2-75x75.jpg\" class=\"attachment-thumbnail size-thumbnail\" alt=\"Tal R \u2013 Untitled Flowers (Flower 2)\" loading=\"lazy\" srcset=\"https:\/\/rene-schmitt.com\/wp-content\/uploads\/TalR-Untitled-Flowers-Flower-2-75x75.jpg 75w, https:\/\/rene-schmitt.com\/wp-content\/uploads\/TalR-Untitled-Flowers-Flower-2-125x125.jpg 125w\" sizes=\"(max-width: 75px) 100vw, 75px\" \/><\/a>\n\t\t\t<\/dt><\/dl><dl class='gallery-item'>\n\t\t\t<dt class='gallery-icon portrait'>\n\t\t\t\t<a href='https:\/\/rene-schmitt.com\/wp-content\/uploads\/TalR-Untitled-Flowers-Flower-3.jpg'><img width=\"75\" height=\"75\" src=\"https:\/\/rene-schmitt.com\/wp-content\/uploads\/TalR-Untitled-Flowers-Flower-3-75x75.jpg\" class=\"attachment-thumbnail size-thumbnail\" alt=\"Tal R \u2013 Untitled Flowers (Flower 3)\" loading=\"lazy\" srcset=\"https:\/\/rene-schmitt.com\/wp-content\/uploads\/TalR-Untitled-Flowers-Flower-3-75x75.jpg 75w, https:\/\/rene-schmitt.com\/wp-content\/uploads\/TalR-Untitled-Flowers-Flower-3-125x125.jpg 125w\" sizes=\"(max-width: 75px) 100vw, 75px\" \/><\/a>\n\t\t\t<\/dt><\/dl><dl class='gallery-item'>\n\t\t\t<dt class='gallery-icon portrait'>\n\t\t\t\t<a href='https:\/\/rene-schmitt.com\/wp-content\/uploads\/TalR-Untitled-Flowers-Flower-4.jpg'><img width=\"75\" height=\"75\" src=\"https:\/\/rene-schmitt.com\/wp-content\/uploads\/TalR-Untitled-Flowers-Flower-4-75x75.jpg\" class=\"attachment-thumbnail size-thumbnail\" alt=\"Tal R \u2013 Untitled Flowers (Flower 4)\" loading=\"lazy\" srcset=\"https:\/\/rene-schmitt.com\/wp-content\/uploads\/TalR-Untitled-Flowers-Flower-4-75x75.jpg 75w, https:\/\/rene-schmitt.com\/wp-content\/uploads\/TalR-Untitled-Flowers-Flower-4-125x125.jpg 125w\" sizes=\"(max-width: 75px) 100vw, 75px\" \/><\/a>\n\t\t\t<\/dt><\/dl><dl class='gallery-item'>\n\t\t\t<dt class='gallery-icon portrait'>\n\t\t\t\t<a href='https:\/\/rene-schmitt.com\/wp-content\/uploads\/TalR-Untitled-Flowers-Flower-5.jpg'><img width=\"75\" height=\"75\" src=\"https:\/\/rene-schmitt.com\/wp-content\/uploads\/TalR-Untitled-Flowers-Flower-5-75x75.jpg\" class=\"attachment-thumbnail size-thumbnail\" alt=\"Tal R \u2013 Untitled Flowers (Flower 5)\" loading=\"lazy\" srcset=\"https:\/\/rene-schmitt.com\/wp-content\/uploads\/TalR-Untitled-Flowers-Flower-5-75x75.jpg 75w, https:\/\/rene-schmitt.com\/wp-content\/uploads\/TalR-Untitled-Flowers-Flower-5-125x125.jpg 125w\" sizes=\"(max-width: 75px) 100vw, 75px\" \/><\/a>\n\t\t\t<\/dt><\/dl><br style=\"clear: both\" \/>\n\t\t<\/div>\n\n<p>&nbsp;<\/p>\n\n\t\t<style type=\"text\/css\">\n\t\t\t#gallery-3 {\n\t\t\t\tmargin: auto;\n\t\t\t}\n\t\t\t#gallery-3 .gallery-item {\n\t\t\t\tfloat: left;\n\t\t\t\tmargin-top: 10px;\n\t\t\t\ttext-align: center;\n\t\t\t\twidth: 33%;\n\t\t\t}\n\t\t\t#gallery-3 img {\n\t\t\t\tborder: 2px solid #cfcfcf;\n\t\t\t}\n\t\t\t#gallery-3 .gallery-caption {\n\t\t\t\tmargin-left: 0;\n\t\t\t}\n\t\t\t\/* see gallery_shortcode() in wp-includes\/media.php *\/\n\t\t<\/style>\n\t\t<div id='gallery-3' class='gallery galleryid-3500 gallery-columns-3 gallery-size-thumbnail'><dl class='gallery-item'>\n\t\t\t<dt class='gallery-icon portrait'>\n\t\t\t\t<a href='https:\/\/rene-schmitt.com\/wp-content\/uploads\/TalR-Untitled-Flowers-Flower-6.jpg'><img width=\"75\" height=\"75\" src=\"https:\/\/rene-schmitt.com\/wp-content\/uploads\/TalR-Untitled-Flowers-Flower-6-75x75.jpg\" class=\"attachment-thumbnail size-thumbnail\" alt=\"Tal R \u2013 Untitled Flowers (Flower 6)\" loading=\"lazy\" srcset=\"https:\/\/rene-schmitt.com\/wp-content\/uploads\/TalR-Untitled-Flowers-Flower-6-75x75.jpg 75w, https:\/\/rene-schmitt.com\/wp-content\/uploads\/TalR-Untitled-Flowers-Flower-6-125x125.jpg 125w\" sizes=\"(max-width: 75px) 100vw, 75px\" \/><\/a>\n\t\t\t<\/dt><\/dl><dl class='gallery-item'>\n\t\t\t<dt class='gallery-icon landscape'>\n\t\t\t\t<a href='https:\/\/rene-schmitt.com\/wp-content\/uploads\/TalR-Untitled-Flowers-General-View-1.jpg'><img width=\"75\" height=\"75\" src=\"https:\/\/rene-schmitt.com\/wp-content\/uploads\/TalR-Untitled-Flowers-General-View-1-75x75.jpg\" class=\"attachment-thumbnail size-thumbnail\" alt=\"Tal R \u2013 Untitled Flowers (General View 1)\" loading=\"lazy\" srcset=\"https:\/\/rene-schmitt.com\/wp-content\/uploads\/TalR-Untitled-Flowers-General-View-1-75x75.jpg 75w, https:\/\/rene-schmitt.com\/wp-content\/uploads\/TalR-Untitled-Flowers-General-View-1-125x125.jpg 125w\" sizes=\"(max-width: 75px) 100vw, 75px\" \/><\/a>\n\t\t\t<\/dt><\/dl><dl class='gallery-item'>\n\t\t\t<dt class='gallery-icon landscape'>\n\t\t\t\t<a href='https:\/\/rene-schmitt.com\/wp-content\/uploads\/TalR-Untitled-Flowers-General-View-2.jpg'><img width=\"75\" height=\"75\" src=\"https:\/\/rene-schmitt.com\/wp-content\/uploads\/TalR-Untitled-Flowers-General-View-2-75x75.jpg\" class=\"attachment-thumbnail size-thumbnail\" alt=\"Tal R \u2013 Untitled Flowers (General View 2)\" loading=\"lazy\" srcset=\"https:\/\/rene-schmitt.com\/wp-content\/uploads\/TalR-Untitled-Flowers-General-View-2-75x75.jpg 75w, https:\/\/rene-schmitt.com\/wp-content\/uploads\/TalR-Untitled-Flowers-General-View-2-125x125.jpg 125w\" sizes=\"(max-width: 75px) 100vw, 75px\" \/><\/a>\n\t\t\t<\/dt><\/dl><br style=\"clear: both\" \/>\n\t\t<\/div>\n\n<div id=\"description\">\n<h3>Untitled Flowers (2020)<\/h3>\n<p>Linolschnitt \u00fcber Acryl-Malerei auf 300 Gramm B\u00fcttenpapier<br \/>\nGr\u00f6\u00dfe: 140 x 96 cm<br \/>\nAuflage: 8 unikat\u00e4re Arbeiten (Aufgrund des \u00dcbermalungsprozesses alle Arbeiten unikat\u00e4r)<br \/>\nJeweils handsigniert und nummeriert<br \/>\n&nbsp;<br \/>\nPreis (einzeln):\u00a0\u00a0\u00a0\u00a0\u00a0EUR\u00a0\u00a0 4.800<br \/>\nPreis (Set von 6): EUR 25.000<br \/>\n&nbsp;<br \/>\n<a class=\"popmake-4147\"><strong>\u00bb Kaufanfrage<\/strong><\/a><br \/>\n&nbsp;<br \/>\n&nbsp;<br \/>\n&nbsp;<a class=\"popmake-4441\"><strong>\u00bb Ausstellung<\/strong><\/a><br \/>\n&nbsp;<br \/>\n&nbsp;<br \/>\n&nbsp;<br \/>\n&nbsp;<br \/>\n&nbsp;<\/p>\n<div id=\"edition\"><a href=\"https:\/\/rene-schmitt.com\/de\/kuenstler\/tal-r\/untitled-flowers-bilder\/\"><strong>\u00bb Mehr<\/strong> Bilder (Tal R \u2013 Untitled Flowers)<\/a><\/div>\n<div id=\"edition\"><a href=\"https:\/\/rene-schmitt.com\/de\/kuenstler\/tal-r\/\"><strong>\u00bb Alle<\/strong> Editionen von Tal R<\/a><\/div>\n<\/div>\n<\/div>\n<div class='clear'><\/div>\n","protected":false},"excerpt":{"rendered":"<p>Tal R \u2013 Untitled Flowers &nbsp; Untitled Flowers (2020) Linolschnitt \u00fcber Acryl-Malerei auf 300 Gramm B\u00fcttenpapier Gr\u00f6\u00dfe: 140 x 96 cm Auflage: 8 unikat\u00e4re Arbeiten (Aufgrund des \u00dcbermalungsprozesses alle Arbeiten unikat\u00e4r) Jeweils handsigniert und nummeriert &nbsp; Preis (einzeln):\u00a0\u00a0\u00a0\u00a0\u00a0EUR\u00a0\u00a0 4.800 Preis (Set von 6): EUR 25.000 &nbsp; \u00bb Kaufanfrage &nbsp; &nbsp; &nbsp;\u00bb Ausstellung &nbsp; &nbsp; &nbsp; [&hellip;]<\/p>\n","protected":false},"author":1,"featured_media":0,"parent":1502,"menu_order":5,"comment_status":"closed","ping_status":"closed","template":"page-fullwidth.php","meta":[],"_links":{"self":[{"href":"https:\/\/rene-schmitt.com\/de\/wp-json\/wp\/v2\/pages\/3500"}],"collection":[{"href":"https:\/\/rene-schmitt.com\/de\/wp-json\/wp\/v2\/pages"}],"about":[{"href":"https:\/\/rene-schmitt.com\/de\/wp-json\/wp\/v2\/types\/page"}],"author":[{"embeddable":true,"href":"https:\/\/rene-schmitt.com\/de\/wp-json\/wp\/v2\/users\/1"}],"replies":[{"embeddable":true,"href":"https:\/\/rene-schmitt.com\/de\/wp-json\/wp\/v2\/comments?post=3500"}],"version-history":[{"count":12,"href":"https:\/\/rene-schmitt.com\/de\/wp-json\/wp\/v2\/pages\/3500\/revisions"}],"predecessor-version":[{"id":5789,"href":"https:\/\/rene-schmitt.com\/de\/wp-json\/wp\/v2\/pages\/3500\/revisions\/5789"}],"up":[{"embeddable":true,"href":"https:\/\/rene-schmitt.com\/de\/wp-json\/wp\/v2\/pages\/1502"}],"wp:attachment":[{"href":"https:\/\/rene-schmitt.com\/de\/wp-json\/wp\/v2\/media?parent=3500"}],"curies":[{"name":"wp","href":"https:\/\/api.w.org\/{rel}","templated":true}]}}