{"id":4843,"date":"2022-06-06T12:00:53","date_gmt":"2022-06-06T10:00:53","guid":{"rendered":"https:\/\/rene-schmitt.com\/?page_id=4843"},"modified":"2022-06-10T19:08:32","modified_gmt":"2022-06-10T17:08:32","slug":"the-great-split","status":"publish","type":"page","link":"https:\/\/rene-schmitt.com\/de\/kuenstler\/via-lewandowsky\/the-great-split\/","title":{"rendered":"Via Lewandowsky \u2013 The Great Split (2022)"},"content":{"rendered":"<h1><a href=\"https:\/\/rene-schmitt.com\/de\/kuenstler\/via-lewandowsky\/\">Via Lewandowsky<\/a> \u2013 The Great Split<\/h1>\n<div class='grid_6 alpha'>\n\n\t\t<style type=\"text\/css\">\n\t\t\t#gallery-1 {\n\t\t\t\tmargin: auto;\n\t\t\t}\n\t\t\t#gallery-1 .gallery-item {\n\t\t\t\tfloat: left;\n\t\t\t\tmargin-top: 10px;\n\t\t\t\ttext-align: center;\n\t\t\t\twidth: 100%;\n\t\t\t}\n\t\t\t#gallery-1 img {\n\t\t\t\tborder: 2px solid #cfcfcf;\n\t\t\t}\n\t\t\t#gallery-1 .gallery-caption {\n\t\t\t\tmargin-left: 0;\n\t\t\t}\n\t\t\t\/* see gallery_shortcode() in wp-includes\/media.php *\/\n\t\t<\/style>\n\t\t<div id='gallery-1' class='gallery galleryid-4843 gallery-columns-1 gallery-size-medium'><dl class='gallery-item'>\n\t\t\t<dt class='gallery-icon portrait'>\n\t\t\t\t<a href='https:\/\/rene-schmitt.com\/wp-content\/uploads\/Via-Lewandowsky-Portrait.jpg'><img width=\"363\" height=\"500\" src=\"https:\/\/rene-schmitt.com\/wp-content\/uploads\/Via-Lewandowsky-Portrait-363x500.jpg\" class=\"attachment-medium size-medium\" alt=\"Via Lewandowsky \u2013 Portrait\" loading=\"lazy\" srcset=\"https:\/\/rene-schmitt.com\/wp-content\/uploads\/Via-Lewandowsky-Portrait-363x500.jpg 363w, https:\/\/rene-schmitt.com\/wp-content\/uploads\/Via-Lewandowsky-Portrait-642x884.jpg 642w, https:\/\/rene-schmitt.com\/wp-content\/uploads\/Via-Lewandowsky-Portrait.jpg 683w\" sizes=\"(max-width: 363px) 100vw, 363px\" \/><\/a>\n\t\t\t<\/dt><\/dl><br style=\"clear: both\" \/>\n\t\t<\/div>\n\n<\/div>\n<div class='grid_6 omega'>\n\n\t\t<style type=\"text\/css\">\n\t\t\t#gallery-2 {\n\t\t\t\tmargin: auto;\n\t\t\t}\n\t\t\t#gallery-2 .gallery-item {\n\t\t\t\tfloat: left;\n\t\t\t\tmargin-top: 10px;\n\t\t\t\ttext-align: center;\n\t\t\t\twidth: 20%;\n\t\t\t}\n\t\t\t#gallery-2 img {\n\t\t\t\tborder: 2px solid #cfcfcf;\n\t\t\t}\n\t\t\t#gallery-2 .gallery-caption {\n\t\t\t\tmargin-left: 0;\n\t\t\t}\n\t\t\t\/* see gallery_shortcode() in wp-includes\/media.php *\/\n\t\t<\/style>\n\t\t<div id='gallery-2' class='gallery galleryid-4843 gallery-columns-5 gallery-size-thumbnail'><dl class='gallery-item'>\n\t\t\t<dt class='gallery-icon landscape'>\n\t\t\t\t<a href='https:\/\/rene-schmitt.com\/wp-content\/uploads\/Via-Lewandowsky-The-Great-Split-01.jpg'><img width=\"75\" height=\"75\" src=\"https:\/\/rene-schmitt.com\/wp-content\/uploads\/Via-Lewandowsky-The-Great-Split-01-75x75.jpg\" class=\"attachment-thumbnail size-thumbnail\" alt=\"Via Lewandowsky \u2013 The Great Split (01)\" loading=\"lazy\" srcset=\"https:\/\/rene-schmitt.com\/wp-content\/uploads\/Via-Lewandowsky-The-Great-Split-01-75x75.jpg 75w, https:\/\/rene-schmitt.com\/wp-content\/uploads\/Via-Lewandowsky-The-Great-Split-01-125x125.jpg 125w\" sizes=\"(max-width: 75px) 100vw, 75px\" \/><\/a>\n\t\t\t<\/dt><\/dl><dl class='gallery-item'>\n\t\t\t<dt class='gallery-icon landscape'>\n\t\t\t\t<a href='https:\/\/rene-schmitt.com\/wp-content\/uploads\/Via-Lewandowsky-The-Great-Split-02.jpg'><img width=\"75\" height=\"75\" src=\"https:\/\/rene-schmitt.com\/wp-content\/uploads\/Via-Lewandowsky-The-Great-Split-02-75x75.jpg\" class=\"attachment-thumbnail size-thumbnail\" alt=\"Via Lewandowsky \u2013 The Great Split (02)\" loading=\"lazy\" srcset=\"https:\/\/rene-schmitt.com\/wp-content\/uploads\/Via-Lewandowsky-The-Great-Split-02-75x75.jpg 75w, https:\/\/rene-schmitt.com\/wp-content\/uploads\/Via-Lewandowsky-The-Great-Split-02-125x125.jpg 125w\" sizes=\"(max-width: 75px) 100vw, 75px\" \/><\/a>\n\t\t\t<\/dt><\/dl><dl class='gallery-item'>\n\t\t\t<dt class='gallery-icon landscape'>\n\t\t\t\t<a href='https:\/\/rene-schmitt.com\/wp-content\/uploads\/Via-Lewandowsky-The-Great-Split-03.jpg'><img width=\"75\" height=\"75\" src=\"https:\/\/rene-schmitt.com\/wp-content\/uploads\/Via-Lewandowsky-The-Great-Split-03-75x75.jpg\" class=\"attachment-thumbnail size-thumbnail\" alt=\"Via Lewandowsky \u2013 The Great Split (03)\" loading=\"lazy\" srcset=\"https:\/\/rene-schmitt.com\/wp-content\/uploads\/Via-Lewandowsky-The-Great-Split-03-75x75.jpg 75w, https:\/\/rene-schmitt.com\/wp-content\/uploads\/Via-Lewandowsky-The-Great-Split-03-125x125.jpg 125w\" sizes=\"(max-width: 75px) 100vw, 75px\" \/><\/a>\n\t\t\t<\/dt><\/dl><dl class='gallery-item'>\n\t\t\t<dt class='gallery-icon landscape'>\n\t\t\t\t<a href='https:\/\/rene-schmitt.com\/wp-content\/uploads\/Via-Lewandowsky-The-Great-Split-04.jpg'><img width=\"75\" height=\"75\" src=\"https:\/\/rene-schmitt.com\/wp-content\/uploads\/Via-Lewandowsky-The-Great-Split-04-75x75.jpg\" class=\"attachment-thumbnail size-thumbnail\" alt=\"Via Lewandowsky \u2013 The Great Split (04)\" loading=\"lazy\" srcset=\"https:\/\/rene-schmitt.com\/wp-content\/uploads\/Via-Lewandowsky-The-Great-Split-04-75x75.jpg 75w, https:\/\/rene-schmitt.com\/wp-content\/uploads\/Via-Lewandowsky-The-Great-Split-04-125x125.jpg 125w\" sizes=\"(max-width: 75px) 100vw, 75px\" \/><\/a>\n\t\t\t<\/dt><\/dl><dl class='gallery-item'>\n\t\t\t<dt class='gallery-icon landscape'>\n\t\t\t\t<a href='https:\/\/rene-schmitt.com\/wp-content\/uploads\/Via-Lewandowsky-The-Great-Split-05.jpg'><img width=\"75\" height=\"75\" src=\"https:\/\/rene-schmitt.com\/wp-content\/uploads\/Via-Lewandowsky-The-Great-Split-05-75x75.jpg\" class=\"attachment-thumbnail size-thumbnail\" alt=\"Via Lewandowsky \u2013 The Great Split (05)\" loading=\"lazy\" srcset=\"https:\/\/rene-schmitt.com\/wp-content\/uploads\/Via-Lewandowsky-The-Great-Split-05-75x75.jpg 75w, https:\/\/rene-schmitt.com\/wp-content\/uploads\/Via-Lewandowsky-The-Great-Split-05-125x125.jpg 125w\" sizes=\"(max-width: 75px) 100vw, 75px\" \/><\/a>\n\t\t\t<\/dt><\/dl><br style=\"clear: both\" \/>\n\t\t<\/div>\n\n<p>&nbsp;<\/p>\n\n\t\t<style type=\"text\/css\">\n\t\t\t#gallery-3 {\n\t\t\t\tmargin: auto;\n\t\t\t}\n\t\t\t#gallery-3 .gallery-item {\n\t\t\t\tfloat: left;\n\t\t\t\tmargin-top: 10px;\n\t\t\t\ttext-align: center;\n\t\t\t\twidth: 50%;\n\t\t\t}\n\t\t\t#gallery-3 img {\n\t\t\t\tborder: 2px solid #cfcfcf;\n\t\t\t}\n\t\t\t#gallery-3 .gallery-caption {\n\t\t\t\tmargin-left: 0;\n\t\t\t}\n\t\t\t\/* see gallery_shortcode() in wp-includes\/media.php *\/\n\t\t<\/style>\n\t\t<div id='gallery-3' class='gallery galleryid-4843 gallery-columns-2 gallery-size-thumbnail'><dl class='gallery-item'>\n\t\t\t<dt class='gallery-icon landscape'>\n\t\t\t\t<a href='https:\/\/rene-schmitt.com\/wp-content\/uploads\/Via-Lewandowsky-The-Great-Split-06.jpg'><img width=\"75\" height=\"75\" src=\"https:\/\/rene-schmitt.com\/wp-content\/uploads\/Via-Lewandowsky-The-Great-Split-06-75x75.jpg\" class=\"attachment-thumbnail size-thumbnail\" alt=\"Via Lewandowsky \u2013 The Great Split (06)\" loading=\"lazy\" srcset=\"https:\/\/rene-schmitt.com\/wp-content\/uploads\/Via-Lewandowsky-The-Great-Split-06-75x75.jpg 75w, https:\/\/rene-schmitt.com\/wp-content\/uploads\/Via-Lewandowsky-The-Great-Split-06-125x125.jpg 125w\" sizes=\"(max-width: 75px) 100vw, 75px\" \/><\/a>\n\t\t\t<\/dt><\/dl><dl class='gallery-item'>\n\t\t\t<dt class='gallery-icon landscape'>\n\t\t\t\t<a href='https:\/\/rene-schmitt.com\/wp-content\/uploads\/Via-Lewandowsky-The-Great-Split-07.jpg'><img width=\"75\" height=\"75\" src=\"https:\/\/rene-schmitt.com\/wp-content\/uploads\/Via-Lewandowsky-The-Great-Split-07-75x75.jpg\" class=\"attachment-thumbnail size-thumbnail\" alt=\"Via Lewandowsky \u2013 The Great Split (07)\" loading=\"lazy\" srcset=\"https:\/\/rene-schmitt.com\/wp-content\/uploads\/Via-Lewandowsky-The-Great-Split-07-75x75.jpg 75w, https:\/\/rene-schmitt.com\/wp-content\/uploads\/Via-Lewandowsky-The-Great-Split-07-125x125.jpg 125w\" sizes=\"(max-width: 75px) 100vw, 75px\" \/><\/a>\n\t\t\t<\/dt><\/dl><br style=\"clear: both\" \/>\n\t\t<\/div>\n\n<p>&nbsp;<\/p>\n<div id=\"description\">\n<h3>The Great Split (2022)<\/h3>\n<p>Serie von 7 Handsiebdrucken, jeweils \u00fcbermalt<br \/>\nGr\u00f6\u00dfe: 85 x 120 cm<br \/>\nAuflage: 10 Unikate<br \/>\nJeweils handsigniert<br \/>\n&nbsp;<br \/>\nPreis jeweils (1 Arbeit): EUR 4.800<br \/>\nPreis komplette Serie (7 Arbeiten): EUR 25.000<br \/>\n&nbsp;<br \/>\n<a class=\"popmake-4147\" onclick=\"_paq.push(['trackGoal',4]);\"><strong>\u00bb Kaufanfrage<\/strong><\/a><br \/>\n&nbsp;<br \/>\n&nbsp;<br \/>\n<a class=\"popmake-4438\" onclick=\"_paq.push(['trackGoal',8]);\"><strong>\u00bb Ausstellung<\/strong><\/a><br \/>\n&nbsp;<\/p>\n<div id=\"edition\"><a href=\"https:\/\/rene-schmitt.com\/de\/kuenstler\/via-lewandowsky\/\"><strong>\u00bb Alle<\/strong> Editionen von Via Lewandowsky<\/a><\/div>\n<\/div>\n<\/div>\n<div class='clear'><\/div>\n","protected":false},"excerpt":{"rendered":"<p>Via Lewandowsky \u2013 The Great Split &nbsp; &nbsp; The Great Split (2022) Serie von 7 Handsiebdrucken, jeweils \u00fcbermalt Gr\u00f6\u00dfe: 85 x 120 cm Auflage: 10 Unikate Jeweils handsigniert &nbsp; Preis jeweils (1 Arbeit): EUR 4.800 Preis komplette Serie (7 Arbeiten): EUR 25.000 &nbsp; \u00bb Kaufanfrage &nbsp; &nbsp; \u00bb Ausstellung &nbsp; \u00bb Alle Editionen von Via [&hellip;]<\/p>\n","protected":false},"author":1,"featured_media":0,"parent":3969,"menu_order":12,"comment_status":"closed","ping_status":"closed","template":"page-fullwidth.php","meta":[],"_links":{"self":[{"href":"https:\/\/rene-schmitt.com\/de\/wp-json\/wp\/v2\/pages\/4843"}],"collection":[{"href":"https:\/\/rene-schmitt.com\/de\/wp-json\/wp\/v2\/pages"}],"about":[{"href":"https:\/\/rene-schmitt.com\/de\/wp-json\/wp\/v2\/types\/page"}],"author":[{"embeddable":true,"href":"https:\/\/rene-schmitt.com\/de\/wp-json\/wp\/v2\/users\/1"}],"replies":[{"embeddable":true,"href":"https:\/\/rene-schmitt.com\/de\/wp-json\/wp\/v2\/comments?post=4843"}],"version-history":[{"count":10,"href":"https:\/\/rene-schmitt.com\/de\/wp-json\/wp\/v2\/pages\/4843\/revisions"}],"predecessor-version":[{"id":4962,"href":"https:\/\/rene-schmitt.com\/de\/wp-json\/wp\/v2\/pages\/4843\/revisions\/4962"}],"up":[{"embeddable":true,"href":"https:\/\/rene-schmitt.com\/de\/wp-json\/wp\/v2\/pages\/3969"}],"wp:attachment":[{"href":"https:\/\/rene-schmitt.com\/de\/wp-json\/wp\/v2\/media?parent=4843"}],"curies":[{"name":"wp","href":"https:\/\/api.w.org\/{rel}","templated":true}]}}