{"id":5084,"date":"2024-05-30T03:03:54","date_gmt":"2024-05-30T01:03:54","guid":{"rendered":"https:\/\/rene-schmitt.com\/?page_id=5084"},"modified":"2025-09-02T16:48:24","modified_gmt":"2025-09-02T14:48:24","slug":"verteilung-der-beute","status":"publish","type":"page","link":"https:\/\/rene-schmitt.com\/de\/kuenstler\/ar-penck\/verteilung-der-beute\/","title":{"rendered":"A.R. Penck \u2013 Verteilung der Beute (1992)"},"content":{"rendered":"<h1><a href=\"https:\/\/rene-schmitt.com\/de\/kuenstler\/ar-penck\/\">A.R. Penck<\/a> \u2013 Verteilung der Beute<\/h1>\n<div class='grid_6 alpha'>\n\n\t\t<style type=\"text\/css\">\n\t\t\t#gallery-1 {\n\t\t\t\tmargin: auto;\n\t\t\t}\n\t\t\t#gallery-1 .gallery-item {\n\t\t\t\tfloat: left;\n\t\t\t\tmargin-top: 10px;\n\t\t\t\ttext-align: center;\n\t\t\t\twidth: 100%;\n\t\t\t}\n\t\t\t#gallery-1 img {\n\t\t\t\tborder: 2px solid #cfcfcf;\n\t\t\t}\n\t\t\t#gallery-1 .gallery-caption {\n\t\t\t\tmargin-left: 0;\n\t\t\t}\n\t\t\t\/* see gallery_shortcode() in wp-includes\/media.php *\/\n\t\t<\/style>\n\t\t<div id='gallery-1' class='gallery galleryid-5084 gallery-columns-1 gallery-size-medium'><dl class='gallery-item'>\n\t\t\t<dt class='gallery-icon portrait'>\n\t\t\t\t<a href='https:\/\/rene-schmitt.com\/wp-content\/uploads\/A.R.-Penck-Schriftzug.jpg'><img width=\"380\" height=\"500\" src=\"https:\/\/rene-schmitt.com\/wp-content\/uploads\/A.R.-Penck-Schriftzug.jpg\" class=\"attachment-medium size-medium\" alt=\"A.R. Penck\" loading=\"lazy\" \/><\/a>\n\t\t\t<\/dt><\/dl><br style=\"clear: both\" \/>\n\t\t<\/div>\n\n<\/div>\n<div class='grid_6 omega'>\n\n\t\t<style type=\"text\/css\">\n\t\t\t#gallery-2 {\n\t\t\t\tmargin: auto;\n\t\t\t}\n\t\t\t#gallery-2 .gallery-item {\n\t\t\t\tfloat: left;\n\t\t\t\tmargin-top: 10px;\n\t\t\t\ttext-align: center;\n\t\t\t\twidth: 20%;\n\t\t\t}\n\t\t\t#gallery-2 img {\n\t\t\t\tborder: 2px solid #cfcfcf;\n\t\t\t}\n\t\t\t#gallery-2 .gallery-caption {\n\t\t\t\tmargin-left: 0;\n\t\t\t}\n\t\t\t\/* see gallery_shortcode() in wp-includes\/media.php *\/\n\t\t<\/style>\n\t\t<div id='gallery-2' class='gallery galleryid-5084 gallery-columns-5 gallery-size-thumbnail'><dl class='gallery-item'>\n\t\t\t<dt class='gallery-icon landscape'>\n\t\t\t\t<a href='https:\/\/rene-schmitt.com\/wp-content\/uploads\/A.R.-Penck-Verteilung-der-Beute.jpg'><img width=\"75\" height=\"75\" src=\"https:\/\/rene-schmitt.com\/wp-content\/uploads\/A.R.-Penck-Verteilung-der-Beute-75x75.jpg\" class=\"attachment-thumbnail size-thumbnail\" alt=\"A.R. Penck \u2013 Verteilung der Beute\" loading=\"lazy\" srcset=\"https:\/\/rene-schmitt.com\/wp-content\/uploads\/A.R.-Penck-Verteilung-der-Beute-75x75.jpg 75w, https:\/\/rene-schmitt.com\/wp-content\/uploads\/A.R.-Penck-Verteilung-der-Beute-125x125.jpg 125w\" sizes=\"(max-width: 75px) 100vw, 75px\" \/><\/a>\n\t\t\t<\/dt><\/dl>\n\t\t\t<br style='clear: both' \/>\n\t\t<\/div>\n\n<p>&nbsp;<\/p>\n<div id=\"description\">\n<h3>Verteilung der Beute (1992)<\/h3>\n<p>Siebdruck auf 250 Gramm Hortus B\u00fcttenpapier<br \/>\nGr\u00f6\u00dfe: 130 x 250 cm<br \/>\nAuflage: 30 + X<br \/>\nHandsigniert und nummeriert<br \/>\n&nbsp;<br \/>\nPreis: EUR 15.000<br \/>\n&nbsp;<br \/>\n<a class=\"popmake-4147\" onclick=\"_paq.push(['trackGoal',4]);\"><strong>\u00bb Kaufanfrage<\/strong><\/a><br \/>\n&nbsp;<br \/>\n&nbsp;<br \/>\n<!-- <a class=\"popmake-5147\" onclick=\"_paq.push(['trackGoal',8]);\"><strong>\u00bb Ausstellung<\/strong><\/a> --><br \/>\n&nbsp;<br \/>\n&nbsp;<br \/>\n&nbsp;<br \/>\n&nbsp;<br \/>\n&nbsp;<br \/>\n&nbsp;<br \/>\n&nbsp;<br \/>\n&nbsp;<br \/>\n&nbsp;<br \/>\n&nbsp;<br \/>\n&nbsp;<br \/>\n&nbsp;<br \/>\n&nbsp;<br \/>\n&nbsp;<\/p>\n<div id=\"edition\"><a href=\"https:\/\/rene-schmitt.com\/de\/kuenstler\/ar-penck\/\"><strong>\u00bb Alle<\/strong> Editionen von A.R. Penck<\/a><\/div>\n<\/div>\n<\/div>\n<div class='clear'><\/div>\n","protected":false},"excerpt":{"rendered":"<p>A.R. Penck \u2013 Verteilung der Beute &nbsp; Verteilung der Beute (1992) Siebdruck auf 250 Gramm Hortus B\u00fcttenpapier Gr\u00f6\u00dfe: 130 x 250 cm Auflage: 30 + X Handsigniert und nummeriert &nbsp; Preis: EUR 15.000 &nbsp; \u00bb Kaufanfrage &nbsp; &nbsp; &nbsp; &nbsp; &nbsp; &nbsp; &nbsp; &nbsp; &nbsp; &nbsp; &nbsp; &nbsp; &nbsp; &nbsp; &nbsp; &nbsp; \u00bb Alle Editionen [&hellip;]<\/p>\n","protected":false},"author":1,"featured_media":0,"parent":5065,"menu_order":18,"comment_status":"closed","ping_status":"closed","template":"page-fullwidth.php","meta":[],"_links":{"self":[{"href":"https:\/\/rene-schmitt.com\/de\/wp-json\/wp\/v2\/pages\/5084"}],"collection":[{"href":"https:\/\/rene-schmitt.com\/de\/wp-json\/wp\/v2\/pages"}],"about":[{"href":"https:\/\/rene-schmitt.com\/de\/wp-json\/wp\/v2\/types\/page"}],"author":[{"embeddable":true,"href":"https:\/\/rene-schmitt.com\/de\/wp-json\/wp\/v2\/users\/1"}],"replies":[{"embeddable":true,"href":"https:\/\/rene-schmitt.com\/de\/wp-json\/wp\/v2\/comments?post=5084"}],"version-history":[{"count":9,"href":"https:\/\/rene-schmitt.com\/de\/wp-json\/wp\/v2\/pages\/5084\/revisions"}],"predecessor-version":[{"id":5563,"href":"https:\/\/rene-schmitt.com\/de\/wp-json\/wp\/v2\/pages\/5084\/revisions\/5563"}],"up":[{"embeddable":true,"href":"https:\/\/rene-schmitt.com\/de\/wp-json\/wp\/v2\/pages\/5065"}],"wp:attachment":[{"href":"https:\/\/rene-schmitt.com\/de\/wp-json\/wp\/v2\/media?parent=5084"}],"curies":[{"name":"wp","href":"https:\/\/api.w.org\/{rel}","templated":true}]}}