{"id":5360,"date":"2025-05-06T12:04:45","date_gmt":"2025-05-06T10:04:45","guid":{"rendered":"https:\/\/rene-schmitt.com\/?page_id=5360"},"modified":"2025-05-11T20:23:45","modified_gmt":"2025-05-11T18:23:45","slug":"medusa","status":"publish","type":"page","link":"https:\/\/rene-schmitt.com\/de\/kuenstler\/bernhard-martin\/medusa\/","title":{"rendered":"Bernhard Martin \u2013 Medusa (2025)"},"content":{"rendered":"<h1><a href=\"https:\/\/rene-schmitt.com\/de\/kuenstler\/bernhard-martin\/\">Bernhard Martin<\/a> \u2013 Medusa (2025)<\/h1>\n<div class='grid_6 alpha'>\n\n\t\t<style type=\"text\/css\">\n\t\t\t#gallery-1 {\n\t\t\t\tmargin: auto;\n\t\t\t}\n\t\t\t#gallery-1 .gallery-item {\n\t\t\t\tfloat: left;\n\t\t\t\tmargin-top: 10px;\n\t\t\t\ttext-align: center;\n\t\t\t\twidth: 100%;\n\t\t\t}\n\t\t\t#gallery-1 img {\n\t\t\t\tborder: 2px solid #cfcfcf;\n\t\t\t}\n\t\t\t#gallery-1 .gallery-caption {\n\t\t\t\tmargin-left: 0;\n\t\t\t}\n\t\t\t\/* see gallery_shortcode() in wp-includes\/media.php *\/\n\t\t<\/style>\n\t\t<div id='gallery-1' class='gallery galleryid-5360 gallery-columns-1 gallery-size-medium'><dl class='gallery-item'>\n\t\t\t<dt class='gallery-icon portrait'>\n\t\t\t\t<a href='https:\/\/rene-schmitt.com\/wp-content\/uploads\/Bernhard-Martin_Portrait_1280.jpg'><img width=\"283\" height=\"500\" src=\"https:\/\/rene-schmitt.com\/wp-content\/uploads\/Bernhard-Martin_Portrait_1280-283x500.jpg\" class=\"attachment-medium size-medium\" alt=\"Bernhard Martin \u2013 Portrait\" loading=\"lazy\" srcset=\"https:\/\/rene-schmitt.com\/wp-content\/uploads\/Bernhard-Martin_Portrait_1280-283x500.jpg 283w, https:\/\/rene-schmitt.com\/wp-content\/uploads\/Bernhard-Martin_Portrait_1280-580x1024.jpg 580w, https:\/\/rene-schmitt.com\/wp-content\/uploads\/Bernhard-Martin_Portrait_1280-642x1133.jpg 642w, https:\/\/rene-schmitt.com\/wp-content\/uploads\/Bernhard-Martin_Portrait_1280.jpg 725w\" sizes=\"(max-width: 283px) 100vw, 283px\" \/><\/a>\n\t\t\t<\/dt><\/dl><br style=\"clear: both\" \/>\n\t\t<\/div>\n\n<\/div>\n<div class='grid_6 omega'>\n\n\t\t<style type=\"text\/css\">\n\t\t\t#gallery-2 {\n\t\t\t\tmargin: auto;\n\t\t\t}\n\t\t\t#gallery-2 .gallery-item {\n\t\t\t\tfloat: left;\n\t\t\t\tmargin-top: 10px;\n\t\t\t\ttext-align: center;\n\t\t\t\twidth: 20%;\n\t\t\t}\n\t\t\t#gallery-2 img {\n\t\t\t\tborder: 2px solid #cfcfcf;\n\t\t\t}\n\t\t\t#gallery-2 .gallery-caption {\n\t\t\t\tmargin-left: 0;\n\t\t\t}\n\t\t\t\/* see gallery_shortcode() in wp-includes\/media.php *\/\n\t\t<\/style>\n\t\t<div id='gallery-2' class='gallery galleryid-5360 gallery-columns-5 gallery-size-thumbnail'><dl class='gallery-item'>\n\t\t\t<dt class='gallery-icon portrait'>\n\t\t\t\t<a href='https:\/\/rene-schmitt.com\/wp-content\/uploads\/Bernhard-Martin-Medusa.jpg'><img width=\"75\" height=\"75\" src=\"https:\/\/rene-schmitt.com\/wp-content\/uploads\/Bernhard-Martin-Medusa-75x75.jpg\" class=\"attachment-thumbnail size-thumbnail\" alt=\"Bernhard Martin \u2013 Medusa\" loading=\"lazy\" srcset=\"https:\/\/rene-schmitt.com\/wp-content\/uploads\/Bernhard-Martin-Medusa-75x75.jpg 75w, https:\/\/rene-schmitt.com\/wp-content\/uploads\/Bernhard-Martin-Medusa-125x125.jpg 125w\" sizes=\"(max-width: 75px) 100vw, 75px\" \/><\/a>\n\t\t\t<\/dt><\/dl>\n\t\t\t<br style='clear: both' \/>\n\t\t<\/div>\n\n<p>&nbsp;<\/p>\n<div id=\"description\">\n<h3>Medusa (2025)<\/h3>\n<p>Fine Art Druck auf Hahnem\u00fchle Photo Rag US 305 Gramm<br \/>\nMit Silberskulptur von Gabi Dziuba<br \/>\nGr\u00f6\u00dfe: 109 x 89 cm<br \/>\nAuflage: 7<br \/>\nJeweils handsigniert und nummeriert auf der R\u00fcckseite<br \/>\nIn einzigartigem K\u00fcnstlerrahmen (mit Museums-UV-Plexiglas)<br \/>\n&nbsp;<br \/>\nPreis: EUR 3.800<br \/>\n&nbsp;<br \/>\n<a class=\"popmake-4147\" onclick=\"_paq.push(['trackGoal',4]);\"><strong>\u00bb Kaufanfrage<\/strong><\/a><br \/>\n&nbsp;<br \/>\n&nbsp;<br \/>\n&nbsp;<br \/>\n&nbsp;<br \/>\n&nbsp;<br \/>\n&nbsp;<br \/>\n&nbsp;<br \/>\n&nbsp;<br \/>\n&nbsp;<br \/>\n&nbsp;<br \/>\n&nbsp;<br \/>\n&nbsp;<br \/>\n&nbsp;<br \/>\n&nbsp;<br \/>\n&nbsp;<\/p>\n<div id=\"edition\"><a href=\"https:\/\/rene-schmitt.com\/de\/kuenstler\/bernhard-martin\/\"><strong>\u00bb Alle<\/strong> Editionen von Bernhard Martin<\/a><\/div>\n<\/div>\n<\/div>\n<div class='clear'><\/div>\n","protected":false},"excerpt":{"rendered":"<p>Bernhard Martin \u2013 Medusa (2025) &nbsp; Medusa (2025) Fine Art Druck auf Hahnem\u00fchle Photo Rag US 305 Gramm Mit Silberskulptur von Gabi Dziuba Gr\u00f6\u00dfe: 109 x 89 cm Auflage: 7 Jeweils handsigniert und nummeriert auf der R\u00fcckseite In einzigartigem K\u00fcnstlerrahmen (mit Museums-UV-Plexiglas) &nbsp; Preis: EUR 3.800 &nbsp; \u00bb Kaufanfrage &nbsp; &nbsp; &nbsp; &nbsp; &nbsp; &nbsp; [&hellip;]<\/p>\n","protected":false},"author":1,"featured_media":0,"parent":5328,"menu_order":14,"comment_status":"closed","ping_status":"closed","template":"page-fullwidth.php","meta":[],"_links":{"self":[{"href":"https:\/\/rene-schmitt.com\/de\/wp-json\/wp\/v2\/pages\/5360"}],"collection":[{"href":"https:\/\/rene-schmitt.com\/de\/wp-json\/wp\/v2\/pages"}],"about":[{"href":"https:\/\/rene-schmitt.com\/de\/wp-json\/wp\/v2\/types\/page"}],"author":[{"embeddable":true,"href":"https:\/\/rene-schmitt.com\/de\/wp-json\/wp\/v2\/users\/1"}],"replies":[{"embeddable":true,"href":"https:\/\/rene-schmitt.com\/de\/wp-json\/wp\/v2\/comments?post=5360"}],"version-history":[{"count":6,"href":"https:\/\/rene-schmitt.com\/de\/wp-json\/wp\/v2\/pages\/5360\/revisions"}],"predecessor-version":[{"id":5443,"href":"https:\/\/rene-schmitt.com\/de\/wp-json\/wp\/v2\/pages\/5360\/revisions\/5443"}],"up":[{"embeddable":true,"href":"https:\/\/rene-schmitt.com\/de\/wp-json\/wp\/v2\/pages\/5328"}],"wp:attachment":[{"href":"https:\/\/rene-schmitt.com\/de\/wp-json\/wp\/v2\/media?parent=5360"}],"curies":[{"name":"wp","href":"https:\/\/api.w.org\/{rel}","templated":true}]}}