{"id":5364,"date":"2025-05-06T12:05:51","date_gmt":"2025-05-06T10:05:51","guid":{"rendered":"https:\/\/rene-schmitt.com\/?page_id=5364"},"modified":"2025-05-11T20:18:21","modified_gmt":"2025-05-11T18:18:21","slug":"creme-fraiche-auf-sinnsuche","status":"publish","type":"page","link":"https:\/\/rene-schmitt.com\/de\/kuenstler\/bernhard-martin\/creme-fraiche-auf-sinnsuche\/","title":{"rendered":"Bernhard Martin \u2013 Creme Fraiche auf Sinnsuche (2007)"},"content":{"rendered":"<h1><a href=\"https:\/\/rene-schmitt.com\/de\/kuenstler\/bernhard-martin\/\">Bernhard Martin<\/a> \u2013 Cr\u00e8me fra\u00eeche auf Sinnsuche (2007)<\/h1>\n<div class='grid_6 alpha'>\n\n\t\t<style type=\"text\/css\">\n\t\t\t#gallery-1 {\n\t\t\t\tmargin: auto;\n\t\t\t}\n\t\t\t#gallery-1 .gallery-item {\n\t\t\t\tfloat: left;\n\t\t\t\tmargin-top: 10px;\n\t\t\t\ttext-align: center;\n\t\t\t\twidth: 100%;\n\t\t\t}\n\t\t\t#gallery-1 img {\n\t\t\t\tborder: 2px solid #cfcfcf;\n\t\t\t}\n\t\t\t#gallery-1 .gallery-caption {\n\t\t\t\tmargin-left: 0;\n\t\t\t}\n\t\t\t\/* see gallery_shortcode() in wp-includes\/media.php *\/\n\t\t<\/style>\n\t\t<div id='gallery-1' class='gallery galleryid-5364 gallery-columns-1 gallery-size-medium'><dl class='gallery-item'>\n\t\t\t<dt class='gallery-icon portrait'>\n\t\t\t\t<a href='https:\/\/rene-schmitt.com\/wp-content\/uploads\/Bernhard-Martin_Portrait_1280.jpg'><img width=\"283\" height=\"500\" src=\"https:\/\/rene-schmitt.com\/wp-content\/uploads\/Bernhard-Martin_Portrait_1280-283x500.jpg\" class=\"attachment-medium size-medium\" alt=\"Bernhard Martin \u2013 Portrait\" loading=\"lazy\" srcset=\"https:\/\/rene-schmitt.com\/wp-content\/uploads\/Bernhard-Martin_Portrait_1280-283x500.jpg 283w, https:\/\/rene-schmitt.com\/wp-content\/uploads\/Bernhard-Martin_Portrait_1280-580x1024.jpg 580w, https:\/\/rene-schmitt.com\/wp-content\/uploads\/Bernhard-Martin_Portrait_1280-642x1133.jpg 642w, https:\/\/rene-schmitt.com\/wp-content\/uploads\/Bernhard-Martin_Portrait_1280.jpg 725w\" sizes=\"(max-width: 283px) 100vw, 283px\" \/><\/a>\n\t\t\t<\/dt><\/dl><br style=\"clear: both\" \/>\n\t\t<\/div>\n\n<\/div>\n<div class='grid_6 omega'>\n\n\t\t<style type=\"text\/css\">\n\t\t\t#gallery-2 {\n\t\t\t\tmargin: auto;\n\t\t\t}\n\t\t\t#gallery-2 .gallery-item {\n\t\t\t\tfloat: left;\n\t\t\t\tmargin-top: 10px;\n\t\t\t\ttext-align: center;\n\t\t\t\twidth: 20%;\n\t\t\t}\n\t\t\t#gallery-2 img {\n\t\t\t\tborder: 2px solid #cfcfcf;\n\t\t\t}\n\t\t\t#gallery-2 .gallery-caption {\n\t\t\t\tmargin-left: 0;\n\t\t\t}\n\t\t\t\/* see gallery_shortcode() in wp-includes\/media.php *\/\n\t\t<\/style>\n\t\t<div id='gallery-2' class='gallery galleryid-5364 gallery-columns-5 gallery-size-thumbnail'><dl class='gallery-item'>\n\t\t\t<dt class='gallery-icon landscape'>\n\t\t\t\t<a href='https:\/\/rene-schmitt.com\/wp-content\/uploads\/Bernhard-Martin-Creme-Fraiche-auf-Sinnsuche.jpg'><img width=\"75\" height=\"75\" src=\"https:\/\/rene-schmitt.com\/wp-content\/uploads\/Bernhard-Martin-Creme-Fraiche-auf-Sinnsuche-75x75.jpg\" class=\"attachment-thumbnail size-thumbnail\" alt=\"Bernhard Martin \u2013 Creme Fraiche auf Sinnsuche\" loading=\"lazy\" srcset=\"https:\/\/rene-schmitt.com\/wp-content\/uploads\/Bernhard-Martin-Creme-Fraiche-auf-Sinnsuche-75x75.jpg 75w, https:\/\/rene-schmitt.com\/wp-content\/uploads\/Bernhard-Martin-Creme-Fraiche-auf-Sinnsuche-125x125.jpg 125w\" sizes=\"(max-width: 75px) 100vw, 75px\" \/><\/a>\n\t\t\t<\/dt><\/dl>\n\t\t\t<br style='clear: both' \/>\n\t\t<\/div>\n\n<p>&nbsp;<\/p>\n<div id=\"description\">\n<h3>Cr\u00e8me fra\u00eeche auf Sinnsuche (2007)<\/h3>\n<p>Bronze, Lack, Kupferpfanne (28 cm)<br \/>\nGr\u00f6\u00dfe: 41,5 x 28,0 x 47,0 cm<br \/>\nAuflage: 20 (nur 7 realisiert)<br \/>\nJeweils signiert und nummeriert<br \/>\nAuf K\u00fcnstlersockel<br \/>\n&nbsp;<br \/>\nPreis: EUR 9.800<br \/>\n&nbsp;<br \/>\n<a class=\"popmake-4147\" onclick=\"_paq.push(['trackGoal',4]);\"><strong>\u00bb Kaufanfrage<\/strong><\/a><br \/>\n&nbsp;<br \/>\n&nbsp;<br \/>\n&nbsp;<br \/>\n&nbsp;<br \/>\n&nbsp;<br \/>\n&nbsp;<br \/>\n&nbsp;<br \/>\n&nbsp;<br \/>\n&nbsp;<br \/>\n&nbsp;<br \/>\n&nbsp;<br \/>\n&nbsp;<br \/>\n&nbsp;<br \/>\n&nbsp;<br \/>\n&nbsp;<br \/>\n&nbsp;<\/p>\n<div id=\"edition\"><a href=\"https:\/\/rene-schmitt.com\/de\/kuenstler\/bernhard-martin\/\"><strong>\u00bb Alle<\/strong> Editionen von Bernhard Martin<\/a><\/div>\n<\/div>\n<\/div>\n<div class='clear'><\/div>\n","protected":false},"excerpt":{"rendered":"<p>Bernhard Martin \u2013 Cr\u00e8me fra\u00eeche auf Sinnsuche (2007) &nbsp; Cr\u00e8me fra\u00eeche auf Sinnsuche (2007) Bronze, Lack, Kupferpfanne (28 cm) Gr\u00f6\u00dfe: 41,5 x 28,0 x 47,0 cm Auflage: 20 (nur 7 realisiert) Jeweils signiert und nummeriert Auf K\u00fcnstlersockel &nbsp; Preis: EUR 9.800 &nbsp; \u00bb Kaufanfrage &nbsp; &nbsp; &nbsp; &nbsp; &nbsp; &nbsp; &nbsp; &nbsp; &nbsp; &nbsp; &nbsp; [&hellip;]<\/p>\n","protected":false},"author":1,"featured_media":0,"parent":5328,"menu_order":14,"comment_status":"closed","ping_status":"closed","template":"page-fullwidth.php","meta":[],"_links":{"self":[{"href":"https:\/\/rene-schmitt.com\/de\/wp-json\/wp\/v2\/pages\/5364"}],"collection":[{"href":"https:\/\/rene-schmitt.com\/de\/wp-json\/wp\/v2\/pages"}],"about":[{"href":"https:\/\/rene-schmitt.com\/de\/wp-json\/wp\/v2\/types\/page"}],"author":[{"embeddable":true,"href":"https:\/\/rene-schmitt.com\/de\/wp-json\/wp\/v2\/users\/1"}],"replies":[{"embeddable":true,"href":"https:\/\/rene-schmitt.com\/de\/wp-json\/wp\/v2\/comments?post=5364"}],"version-history":[{"count":11,"href":"https:\/\/rene-schmitt.com\/de\/wp-json\/wp\/v2\/pages\/5364\/revisions"}],"predecessor-version":[{"id":5438,"href":"https:\/\/rene-schmitt.com\/de\/wp-json\/wp\/v2\/pages\/5364\/revisions\/5438"}],"up":[{"embeddable":true,"href":"https:\/\/rene-schmitt.com\/de\/wp-json\/wp\/v2\/pages\/5328"}],"wp:attachment":[{"href":"https:\/\/rene-schmitt.com\/de\/wp-json\/wp\/v2\/media?parent=5364"}],"curies":[{"name":"wp","href":"https:\/\/api.w.org\/{rel}","templated":true}]}}