{"id":5629,"date":"2025-11-09T12:01:21","date_gmt":"2025-11-09T11:01:21","guid":{"rendered":"https:\/\/rene-schmitt.com\/?page_id=5629"},"modified":"2025-11-17T22:20:03","modified_gmt":"2025-11-17T21:20:03","slug":"with-bare-hands","status":"publish","type":"page","link":"https:\/\/rene-schmitt.com\/de\/kuenstler\/nasan-tur\/with-bare-hands\/","title":{"rendered":"Nasan Tur \u2013 With bare hands (2025)"},"content":{"rendered":"<h1><a href=\"https:\/\/rene-schmitt.com\/de\/kuenstler\/nasan-tur\/\">Nasan Tur<\/a> \u2013 With bare hands<\/h1>\n<div class='grid_6 alpha'>\n\n\t\t<style type=\"text\/css\">\n\t\t\t#gallery-1 {\n\t\t\t\tmargin: auto;\n\t\t\t}\n\t\t\t#gallery-1 .gallery-item {\n\t\t\t\tfloat: left;\n\t\t\t\tmargin-top: 10px;\n\t\t\t\ttext-align: center;\n\t\t\t\twidth: 100%;\n\t\t\t}\n\t\t\t#gallery-1 img {\n\t\t\t\tborder: 2px solid #cfcfcf;\n\t\t\t}\n\t\t\t#gallery-1 .gallery-caption {\n\t\t\t\tmargin-left: 0;\n\t\t\t}\n\t\t\t\/* see gallery_shortcode() in wp-includes\/media.php *\/\n\t\t<\/style>\n\t\t<div id='gallery-1' class='gallery galleryid-5629 gallery-columns-1 gallery-size-medium'><dl class='gallery-item'>\n\t\t\t<dt class='gallery-icon portrait'>\n\t\t\t\t<a href='https:\/\/rene-schmitt.com\/wp-content\/uploads\/Nasan-Tur_Portrait.jpg'><img width=\"427\" height=\"500\" src=\"https:\/\/rene-schmitt.com\/wp-content\/uploads\/Nasan-Tur_Portrait-427x500.jpg\" class=\"attachment-medium size-medium\" alt=\"Nasan Tur \u2013 Portrait\" loading=\"lazy\" srcset=\"https:\/\/rene-schmitt.com\/wp-content\/uploads\/Nasan-Tur_Portrait-427x500.jpg 427w, https:\/\/rene-schmitt.com\/wp-content\/uploads\/Nasan-Tur_Portrait-768x900.jpg 768w, https:\/\/rene-schmitt.com\/wp-content\/uploads\/Nasan-Tur_Portrait-642x752.jpg 642w, https:\/\/rene-schmitt.com\/wp-content\/uploads\/Nasan-Tur_Portrait.jpg 820w\" sizes=\"(max-width: 427px) 100vw, 427px\" \/><\/a>\n\t\t\t<\/dt><\/dl><br style=\"clear: both\" \/>\n\t\t<\/div>\n\n<\/div>\n<div class='grid_6 omega'>\n\n\t\t<style type=\"text\/css\">\n\t\t\t#gallery-2 {\n\t\t\t\tmargin: auto;\n\t\t\t}\n\t\t\t#gallery-2 .gallery-item {\n\t\t\t\tfloat: left;\n\t\t\t\tmargin-top: 10px;\n\t\t\t\ttext-align: center;\n\t\t\t\twidth: 20%;\n\t\t\t}\n\t\t\t#gallery-2 img {\n\t\t\t\tborder: 2px solid #cfcfcf;\n\t\t\t}\n\t\t\t#gallery-2 .gallery-caption {\n\t\t\t\tmargin-left: 0;\n\t\t\t}\n\t\t\t\/* see gallery_shortcode() in wp-includes\/media.php *\/\n\t\t<\/style>\n\t\t<div id='gallery-2' class='gallery galleryid-5629 gallery-columns-5 gallery-size-thumbnail'><dl class='gallery-item'>\n\t\t\t<dt class='gallery-icon landscape'>\n\t\t\t\t<a href='https:\/\/rene-schmitt.com\/wp-content\/uploads\/Nasan-Tur-With-bare-hands-1.jpg'><img width=\"75\" height=\"75\" src=\"https:\/\/rene-schmitt.com\/wp-content\/uploads\/Nasan-Tur-With-bare-hands-1-75x75.jpg\" class=\"attachment-thumbnail size-thumbnail\" alt=\"Nasan Tur \u2013 With bare hands (1)\" loading=\"lazy\" srcset=\"https:\/\/rene-schmitt.com\/wp-content\/uploads\/Nasan-Tur-With-bare-hands-1-75x75.jpg 75w, https:\/\/rene-schmitt.com\/wp-content\/uploads\/Nasan-Tur-With-bare-hands-1-125x125.jpg 125w\" sizes=\"(max-width: 75px) 100vw, 75px\" \/><\/a>\n\t\t\t<\/dt><\/dl><dl class='gallery-item'>\n\t\t\t<dt class='gallery-icon landscape'>\n\t\t\t\t<a href='https:\/\/rene-schmitt.com\/wp-content\/uploads\/Nasan-Tur-With-bare-hands-2.jpg'><img width=\"75\" height=\"75\" src=\"https:\/\/rene-schmitt.com\/wp-content\/uploads\/Nasan-Tur-With-bare-hands-2-75x75.jpg\" class=\"attachment-thumbnail size-thumbnail\" alt=\"Nasan Tur \u2013 With bare hands (2)\" loading=\"lazy\" srcset=\"https:\/\/rene-schmitt.com\/wp-content\/uploads\/Nasan-Tur-With-bare-hands-2-75x75.jpg 75w, https:\/\/rene-schmitt.com\/wp-content\/uploads\/Nasan-Tur-With-bare-hands-2-125x125.jpg 125w\" sizes=\"(max-width: 75px) 100vw, 75px\" \/><\/a>\n\t\t\t<\/dt><\/dl><dl class='gallery-item'>\n\t\t\t<dt class='gallery-icon landscape'>\n\t\t\t\t<a href='https:\/\/rene-schmitt.com\/wp-content\/uploads\/Nasan-Tur-With-bare-hands-3.jpg'><img width=\"75\" height=\"75\" src=\"https:\/\/rene-schmitt.com\/wp-content\/uploads\/Nasan-Tur-With-bare-hands-3-75x75.jpg\" class=\"attachment-thumbnail size-thumbnail\" alt=\"Nasan Tur \u2013 With bare hands (3)\" loading=\"lazy\" srcset=\"https:\/\/rene-schmitt.com\/wp-content\/uploads\/Nasan-Tur-With-bare-hands-3-75x75.jpg 75w, https:\/\/rene-schmitt.com\/wp-content\/uploads\/Nasan-Tur-With-bare-hands-3-125x125.jpg 125w\" sizes=\"(max-width: 75px) 100vw, 75px\" \/><\/a>\n\t\t\t<\/dt><\/dl><dl class='gallery-item'>\n\t\t\t<dt class='gallery-icon landscape'>\n\t\t\t\t<a href='https:\/\/rene-schmitt.com\/wp-content\/uploads\/Nasan-Tur-With-bare-hands-4.jpg'><img width=\"75\" height=\"75\" src=\"https:\/\/rene-schmitt.com\/wp-content\/uploads\/Nasan-Tur-With-bare-hands-4-75x75.jpg\" class=\"attachment-thumbnail size-thumbnail\" alt=\"Nasan Tur \u2013 With bare hands (4)\" loading=\"lazy\" srcset=\"https:\/\/rene-schmitt.com\/wp-content\/uploads\/Nasan-Tur-With-bare-hands-4-75x75.jpg 75w, https:\/\/rene-schmitt.com\/wp-content\/uploads\/Nasan-Tur-With-bare-hands-4-125x125.jpg 125w\" sizes=\"(max-width: 75px) 100vw, 75px\" \/><\/a>\n\t\t\t<\/dt><\/dl><dl class='gallery-item'>\n\t\t\t<dt class='gallery-icon landscape'>\n\t\t\t\t<a href='https:\/\/rene-schmitt.com\/wp-content\/uploads\/Nasan-Tur-With-bare-hands-5.jpg'><img width=\"75\" height=\"75\" src=\"https:\/\/rene-schmitt.com\/wp-content\/uploads\/Nasan-Tur-With-bare-hands-5-75x75.jpg\" class=\"attachment-thumbnail size-thumbnail\" alt=\"Nasan Tur \u2013 With bare hands (5)\" loading=\"lazy\" srcset=\"https:\/\/rene-schmitt.com\/wp-content\/uploads\/Nasan-Tur-With-bare-hands-5-75x75.jpg 75w, https:\/\/rene-schmitt.com\/wp-content\/uploads\/Nasan-Tur-With-bare-hands-5-125x125.jpg 125w\" sizes=\"(max-width: 75px) 100vw, 75px\" \/><\/a>\n\t\t\t<\/dt><\/dl><br style=\"clear: both\" \/>\n\t\t<\/div>\n\n<p>&nbsp;<\/p>\n\n\t\t<style type=\"text\/css\">\n\t\t\t#gallery-3 {\n\t\t\t\tmargin: auto;\n\t\t\t}\n\t\t\t#gallery-3 .gallery-item {\n\t\t\t\tfloat: left;\n\t\t\t\tmargin-top: 10px;\n\t\t\t\ttext-align: center;\n\t\t\t\twidth: 20%;\n\t\t\t}\n\t\t\t#gallery-3 img {\n\t\t\t\tborder: 2px solid #cfcfcf;\n\t\t\t}\n\t\t\t#gallery-3 .gallery-caption {\n\t\t\t\tmargin-left: 0;\n\t\t\t}\n\t\t\t\/* see gallery_shortcode() in wp-includes\/media.php *\/\n\t\t<\/style>\n\t\t<div id='gallery-3' class='gallery galleryid-5629 gallery-columns-5 gallery-size-thumbnail'><dl class='gallery-item'>\n\t\t\t<dt class='gallery-icon landscape'>\n\t\t\t\t<a href='https:\/\/rene-schmitt.com\/wp-content\/uploads\/Nasan-Tur-With-bare-hands-6.jpg'><img width=\"75\" height=\"75\" src=\"https:\/\/rene-schmitt.com\/wp-content\/uploads\/Nasan-Tur-With-bare-hands-6-75x75.jpg\" class=\"attachment-thumbnail size-thumbnail\" alt=\"Nasan Tur \u2013 With bare hands (6)\" loading=\"lazy\" srcset=\"https:\/\/rene-schmitt.com\/wp-content\/uploads\/Nasan-Tur-With-bare-hands-6-75x75.jpg 75w, https:\/\/rene-schmitt.com\/wp-content\/uploads\/Nasan-Tur-With-bare-hands-6-125x125.jpg 125w\" sizes=\"(max-width: 75px) 100vw, 75px\" \/><\/a>\n\t\t\t<\/dt><\/dl><dl class='gallery-item'>\n\t\t\t<dt class='gallery-icon portrait'>\n\t\t\t\t<a href='https:\/\/rene-schmitt.com\/wp-content\/uploads\/Nasan-Tur-With-bare-hands-studio-1.jpg'><img width=\"75\" height=\"75\" src=\"https:\/\/rene-schmitt.com\/wp-content\/uploads\/Nasan-Tur-With-bare-hands-studio-1-75x75.jpg\" class=\"attachment-thumbnail size-thumbnail\" alt=\"Nasan Tur \u2013 With bare hands (studio 1)\" loading=\"lazy\" srcset=\"https:\/\/rene-schmitt.com\/wp-content\/uploads\/Nasan-Tur-With-bare-hands-studio-1-75x75.jpg 75w, https:\/\/rene-schmitt.com\/wp-content\/uploads\/Nasan-Tur-With-bare-hands-studio-1-125x125.jpg 125w\" sizes=\"(max-width: 75px) 100vw, 75px\" \/><\/a>\n\t\t\t<\/dt><\/dl><dl class='gallery-item'>\n\t\t\t<dt class='gallery-icon portrait'>\n\t\t\t\t<a href='https:\/\/rene-schmitt.com\/wp-content\/uploads\/Nasan-Tur-With-bare-hands-studio-2.jpg'><img width=\"75\" height=\"75\" src=\"https:\/\/rene-schmitt.com\/wp-content\/uploads\/Nasan-Tur-With-bare-hands-studio-2-75x75.jpg\" class=\"attachment-thumbnail size-thumbnail\" alt=\"Nasan Tur \u2013 With bare hands (studio 2)\" loading=\"lazy\" srcset=\"https:\/\/rene-schmitt.com\/wp-content\/uploads\/Nasan-Tur-With-bare-hands-studio-2-75x75.jpg 75w, https:\/\/rene-schmitt.com\/wp-content\/uploads\/Nasan-Tur-With-bare-hands-studio-2-125x125.jpg 125w\" sizes=\"(max-width: 75px) 100vw, 75px\" \/><\/a>\n\t\t\t<\/dt><\/dl><dl class='gallery-item'>\n\t\t\t<dt class='gallery-icon landscape'>\n\t\t\t\t<a href='https:\/\/rene-schmitt.com\/wp-content\/uploads\/Nasan-Tur-With-bare-hands-studio-3.jpg'><img width=\"75\" height=\"75\" src=\"https:\/\/rene-schmitt.com\/wp-content\/uploads\/Nasan-Tur-With-bare-hands-studio-3-75x75.jpg\" class=\"attachment-thumbnail size-thumbnail\" alt=\"Nasan Tur \u2013 With bare hands (studio 3)\" loading=\"lazy\" srcset=\"https:\/\/rene-schmitt.com\/wp-content\/uploads\/Nasan-Tur-With-bare-hands-studio-3-75x75.jpg 75w, https:\/\/rene-schmitt.com\/wp-content\/uploads\/Nasan-Tur-With-bare-hands-studio-3-125x125.jpg 125w\" sizes=\"(max-width: 75px) 100vw, 75px\" \/><\/a>\n\t\t\t<\/dt><\/dl>\n\t\t\t<br style='clear: both' \/>\n\t\t<\/div>\n\n<div id=\"description\">\n<h3>With bare hands (2025)<\/h3>\n<p>Tusche-Lithographie auf Sommerset B\u00fctten<br \/>\nGr\u00f6\u00dfe: 56 x 76 cm<br \/>\nAuflage: 6<br \/>\nHandsigniert und datiert<\/p>\n<p><u>Preise: Einzelarbeit<\/u><br \/>\nExemplar 1\/6: EUR 1.800<br \/>\nExemplar 2\/6: EUR 2.000<br \/>\nExemplar 3\/6: EUR 2.200<br \/>\nExemplar 4\/6: EUR 2.400<br \/>\nExemplar 5\/6: EUR 2.600<br \/>\nExemplar 6\/6: EUR 2.800<\/p>\n<p><u>Preis: Komplette Serie von 6 Motiven<\/u><br \/>\nExemplar 1\/6: EUR 10.000<br \/>\n&nbsp;<br \/>\n&nbsp;<br \/>\n<a class=\"popmake-4147\" onclick=\"_paq.push(['trackGoal',4]);\"><strong>\u00bb Kaufanfrage<\/strong><\/a><br \/>\n&nbsp;<br \/>\n&nbsp;<br \/>\n<!-- <a class=\"popmake-5147\" onclick=\"_paq.push(['trackGoal',8]);\"><strong>\u00bb Ausstellung<\/strong><\/a> --><br \/>\n&nbsp;<br \/>\n&nbsp;<br \/>\n&nbsp;<br \/>\n&nbsp;<br \/>\n<!-- \n\n<div id=\"edition\"><a href=\"https:\/\/rene-schmitt.com\/de\/kuenstler\/nasan-tur\/\"><strong>\u00bb Alle<\/strong> Editionen von Nasan Tur<\/a><\/div>\n\n -->\n<\/div>\n<\/div>\n<div class='clear'><\/div>\n","protected":false},"excerpt":{"rendered":"<p>Nasan Tur \u2013 With bare hands &nbsp; With bare hands (2025) Tusche-Lithographie auf Sommerset B\u00fctten Gr\u00f6\u00dfe: 56 x 76 cm Auflage: 6 Handsigniert und datiert Preise: Einzelarbeit Exemplar 1\/6: EUR 1.800 Exemplar 2\/6: EUR 2.000 Exemplar 3\/6: EUR 2.200 Exemplar 4\/6: EUR 2.400 Exemplar 5\/6: EUR 2.600 Exemplar 6\/6: EUR 2.800 Preis: Komplette Serie von [&hellip;]<\/p>\n","protected":false},"author":1,"featured_media":0,"parent":5612,"menu_order":16,"comment_status":"closed","ping_status":"closed","template":"page-fullwidth.php","meta":[],"_links":{"self":[{"href":"https:\/\/rene-schmitt.com\/de\/wp-json\/wp\/v2\/pages\/5629"}],"collection":[{"href":"https:\/\/rene-schmitt.com\/de\/wp-json\/wp\/v2\/pages"}],"about":[{"href":"https:\/\/rene-schmitt.com\/de\/wp-json\/wp\/v2\/types\/page"}],"author":[{"embeddable":true,"href":"https:\/\/rene-schmitt.com\/de\/wp-json\/wp\/v2\/users\/1"}],"replies":[{"embeddable":true,"href":"https:\/\/rene-schmitt.com\/de\/wp-json\/wp\/v2\/comments?post=5629"}],"version-history":[{"count":11,"href":"https:\/\/rene-schmitt.com\/de\/wp-json\/wp\/v2\/pages\/5629\/revisions"}],"predecessor-version":[{"id":5768,"href":"https:\/\/rene-schmitt.com\/de\/wp-json\/wp\/v2\/pages\/5629\/revisions\/5768"}],"up":[{"embeddable":true,"href":"https:\/\/rene-schmitt.com\/de\/wp-json\/wp\/v2\/pages\/5612"}],"wp:attachment":[{"href":"https:\/\/rene-schmitt.com\/de\/wp-json\/wp\/v2\/media?parent=5629"}],"curies":[{"name":"wp","href":"https:\/\/api.w.org\/{rel}","templated":true}]}}