{"id":563,"date":"2013-11-25T00:00:35","date_gmt":"2013-11-24T23:00:35","guid":{"rendered":"http:\/\/work.rene-schmitt.com\/?page_id=563"},"modified":"2022-02-21T17:13:44","modified_gmt":"2022-02-21T16:13:44","slug":"quack","status":"publish","type":"page","link":"https:\/\/rene-schmitt.com\/de\/kuenstler\/peter-saul\/quack\/","title":{"rendered":"Peter Saul \u2013 Quack (2013)"},"content":{"rendered":"<h1><a href=\"https:\/\/rene-schmitt.com\/de\/kuenstler\/peter-saul\/\">Peter Saul<\/a> \u2013 Quack<\/h1>\n<div class='grid_6 alpha'>\n\n\t\t<style type=\"text\/css\">\n\t\t\t#gallery-1 {\n\t\t\t\tmargin: auto;\n\t\t\t}\n\t\t\t#gallery-1 .gallery-item {\n\t\t\t\tfloat: left;\n\t\t\t\tmargin-top: 10px;\n\t\t\t\ttext-align: center;\n\t\t\t\twidth: 100%;\n\t\t\t}\n\t\t\t#gallery-1 img {\n\t\t\t\tborder: 2px solid #cfcfcf;\n\t\t\t}\n\t\t\t#gallery-1 .gallery-caption {\n\t\t\t\tmargin-left: 0;\n\t\t\t}\n\t\t\t\/* see gallery_shortcode() in wp-includes\/media.php *\/\n\t\t<\/style>\n\t\t<div id='gallery-1' class='gallery galleryid-563 gallery-columns-1 gallery-size-medium'><dl class='gallery-item'>\n\t\t\t<dt class='gallery-icon portrait'>\n\t\t\t\t<a href='https:\/\/rene-schmitt.com\/wp-content\/uploads\/Peter-Saul-Portrait.jpg'><img width=\"397\" height=\"500\" src=\"https:\/\/rene-schmitt.com\/wp-content\/uploads\/Peter-Saul-Portrait-397x500.jpg\" class=\"attachment-medium size-medium\" alt=\"Peter Saul \u2013 Portrait\" loading=\"lazy\" srcset=\"https:\/\/rene-schmitt.com\/wp-content\/uploads\/Peter-Saul-Portrait-397x500.jpg 397w, https:\/\/rene-schmitt.com\/wp-content\/uploads\/Peter-Saul-Portrait-814x1024.jpg 814w, https:\/\/rene-schmitt.com\/wp-content\/uploads\/Peter-Saul-Portrait-768x966.jpg 768w, https:\/\/rene-schmitt.com\/wp-content\/uploads\/Peter-Saul-Portrait-642x808.jpg 642w, https:\/\/rene-schmitt.com\/wp-content\/uploads\/Peter-Saul-Portrait-978x1230.jpg 978w, https:\/\/rene-schmitt.com\/wp-content\/uploads\/Peter-Saul-Portrait.jpg 1000w\" sizes=\"(max-width: 397px) 100vw, 397px\" \/><\/a>\n\t\t\t<\/dt><\/dl><br style=\"clear: both\" \/>\n\t\t<\/div>\n\n<\/div>\n<div class='grid_6 omega'>\n\n\t\t<style type=\"text\/css\">\n\t\t\t#gallery-2 {\n\t\t\t\tmargin: auto;\n\t\t\t}\n\t\t\t#gallery-2 .gallery-item {\n\t\t\t\tfloat: left;\n\t\t\t\tmargin-top: 10px;\n\t\t\t\ttext-align: center;\n\t\t\t\twidth: 20%;\n\t\t\t}\n\t\t\t#gallery-2 img {\n\t\t\t\tborder: 2px solid #cfcfcf;\n\t\t\t}\n\t\t\t#gallery-2 .gallery-caption {\n\t\t\t\tmargin-left: 0;\n\t\t\t}\n\t\t\t\/* see gallery_shortcode() in wp-includes\/media.php *\/\n\t\t<\/style>\n\t\t<div id='gallery-2' class='gallery galleryid-563 gallery-columns-5 gallery-size-thumbnail'><dl class='gallery-item'>\n\t\t\t<dt class='gallery-icon portrait'>\n\t\t\t\t<a href='https:\/\/rene-schmitt.com\/wp-content\/uploads\/Peter-Saul-Quack-01.jpg'><img width=\"75\" height=\"75\" src=\"https:\/\/rene-schmitt.com\/wp-content\/uploads\/Peter-Saul-Quack-01-75x75.jpg\" class=\"attachment-thumbnail size-thumbnail\" alt=\"Peter Saul \u2013 Quack\" loading=\"lazy\" srcset=\"https:\/\/rene-schmitt.com\/wp-content\/uploads\/Peter-Saul-Quack-01-75x75.jpg 75w, https:\/\/rene-schmitt.com\/wp-content\/uploads\/Peter-Saul-Quack-01-125x125.jpg 125w\" sizes=\"(max-width: 75px) 100vw, 75px\" \/><\/a>\n\t\t\t<\/dt><\/dl><dl class='gallery-item'>\n\t\t\t<dt class='gallery-icon landscape'>\n\t\t\t\t<a href='https:\/\/rene-schmitt.com\/wp-content\/uploads\/Peter-Saul-Quack-02.jpg'><img width=\"75\" height=\"75\" src=\"https:\/\/rene-schmitt.com\/wp-content\/uploads\/Peter-Saul-Quack-02-75x75.jpg\" class=\"attachment-thumbnail size-thumbnail\" alt=\"Peter Saul \u2013 Quack\" loading=\"lazy\" srcset=\"https:\/\/rene-schmitt.com\/wp-content\/uploads\/Peter-Saul-Quack-02-75x75.jpg 75w, https:\/\/rene-schmitt.com\/wp-content\/uploads\/Peter-Saul-Quack-02-125x125.jpg 125w\" sizes=\"(max-width: 75px) 100vw, 75px\" \/><\/a>\n\t\t\t<\/dt><\/dl><dl class='gallery-item'>\n\t\t\t<dt class='gallery-icon portrait'>\n\t\t\t\t<a href='https:\/\/rene-schmitt.com\/wp-content\/uploads\/Peter-Saul-Quack-03.jpg'><img width=\"75\" height=\"75\" src=\"https:\/\/rene-schmitt.com\/wp-content\/uploads\/Peter-Saul-Quack-03-75x75.jpg\" class=\"attachment-thumbnail size-thumbnail\" alt=\"Peter Saul \u2013 Quack\" loading=\"lazy\" srcset=\"https:\/\/rene-schmitt.com\/wp-content\/uploads\/Peter-Saul-Quack-03-75x75.jpg 75w, https:\/\/rene-schmitt.com\/wp-content\/uploads\/Peter-Saul-Quack-03-125x125.jpg 125w\" sizes=\"(max-width: 75px) 100vw, 75px\" \/><\/a>\n\t\t\t<\/dt><\/dl><dl class='gallery-item'>\n\t\t\t<dt class='gallery-icon landscape'>\n\t\t\t\t<a href='https:\/\/rene-schmitt.com\/wp-content\/uploads\/Peter-Saul-Quack-04.jpg'><img width=\"75\" height=\"75\" src=\"https:\/\/rene-schmitt.com\/wp-content\/uploads\/Peter-Saul-Quack-04-75x75.jpg\" class=\"attachment-thumbnail size-thumbnail\" alt=\"Peter Saul \u2013 Quack\" loading=\"lazy\" srcset=\"https:\/\/rene-schmitt.com\/wp-content\/uploads\/Peter-Saul-Quack-04-75x75.jpg 75w, https:\/\/rene-schmitt.com\/wp-content\/uploads\/Peter-Saul-Quack-04-125x125.jpg 125w\" sizes=\"(max-width: 75px) 100vw, 75px\" \/><\/a>\n\t\t\t<\/dt><\/dl><dl class='gallery-item'>\n\t\t\t<dt class='gallery-icon landscape'>\n\t\t\t\t<a href='https:\/\/rene-schmitt.com\/wp-content\/uploads\/Peter-Saul-Quack-05.jpg'><img width=\"75\" height=\"75\" src=\"https:\/\/rene-schmitt.com\/wp-content\/uploads\/Peter-Saul-Quack-05-75x75.jpg\" class=\"attachment-thumbnail size-thumbnail\" alt=\"Peter Saul \u2013 Quack\" loading=\"lazy\" srcset=\"https:\/\/rene-schmitt.com\/wp-content\/uploads\/Peter-Saul-Quack-05-75x75.jpg 75w, https:\/\/rene-schmitt.com\/wp-content\/uploads\/Peter-Saul-Quack-05-125x125.jpg 125w\" sizes=\"(max-width: 75px) 100vw, 75px\" \/><\/a>\n\t\t\t<\/dt><\/dl><br style=\"clear: both\" \/>\n\t\t<\/div>\n\n<p>&nbsp;<\/p>\n\n\t\t<style type=\"text\/css\">\n\t\t\t#gallery-3 {\n\t\t\t\tmargin: auto;\n\t\t\t}\n\t\t\t#gallery-3 .gallery-item {\n\t\t\t\tfloat: left;\n\t\t\t\tmargin-top: 10px;\n\t\t\t\ttext-align: center;\n\t\t\t\twidth: 20%;\n\t\t\t}\n\t\t\t#gallery-3 img {\n\t\t\t\tborder: 2px solid #cfcfcf;\n\t\t\t}\n\t\t\t#gallery-3 .gallery-caption {\n\t\t\t\tmargin-left: 0;\n\t\t\t}\n\t\t\t\/* see gallery_shortcode() in wp-includes\/media.php *\/\n\t\t<\/style>\n\t\t<div id='gallery-3' class='gallery galleryid-563 gallery-columns-5 gallery-size-thumbnail'><dl class='gallery-item'>\n\t\t\t<dt class='gallery-icon landscape'>\n\t\t\t\t<a href='https:\/\/rene-schmitt.com\/wp-content\/uploads\/Peter-Saul-Quack-06.jpg'><img width=\"75\" height=\"75\" src=\"https:\/\/rene-schmitt.com\/wp-content\/uploads\/Peter-Saul-Quack-06-75x75.jpg\" class=\"attachment-thumbnail size-thumbnail\" alt=\"Peter Saul \u2013 Quack\" loading=\"lazy\" srcset=\"https:\/\/rene-schmitt.com\/wp-content\/uploads\/Peter-Saul-Quack-06-75x75.jpg 75w, https:\/\/rene-schmitt.com\/wp-content\/uploads\/Peter-Saul-Quack-06-125x125.jpg 125w\" sizes=\"(max-width: 75px) 100vw, 75px\" \/><\/a>\n\t\t\t<\/dt><\/dl><dl class='gallery-item'>\n\t\t\t<dt class='gallery-icon landscape'>\n\t\t\t\t<a href='https:\/\/rene-schmitt.com\/wp-content\/uploads\/Peter-Saul-Quack-07.jpg'><img width=\"75\" height=\"75\" src=\"https:\/\/rene-schmitt.com\/wp-content\/uploads\/Peter-Saul-Quack-07-75x75.jpg\" class=\"attachment-thumbnail size-thumbnail\" alt=\"Peter Saul \u2013 Quack\" loading=\"lazy\" srcset=\"https:\/\/rene-schmitt.com\/wp-content\/uploads\/Peter-Saul-Quack-07-75x75.jpg 75w, https:\/\/rene-schmitt.com\/wp-content\/uploads\/Peter-Saul-Quack-07-125x125.jpg 125w\" sizes=\"(max-width: 75px) 100vw, 75px\" \/><\/a>\n\t\t\t<\/dt><\/dl><dl class='gallery-item'>\n\t\t\t<dt class='gallery-icon portrait'>\n\t\t\t\t<a href='https:\/\/rene-schmitt.com\/wp-content\/uploads\/Peter-Saul-Quack-08.jpg'><img width=\"75\" height=\"75\" src=\"https:\/\/rene-schmitt.com\/wp-content\/uploads\/Peter-Saul-Quack-08-75x75.jpg\" class=\"attachment-thumbnail size-thumbnail\" alt=\"Peter Saul \u2013 Quack\" loading=\"lazy\" srcset=\"https:\/\/rene-schmitt.com\/wp-content\/uploads\/Peter-Saul-Quack-08-75x75.jpg 75w, https:\/\/rene-schmitt.com\/wp-content\/uploads\/Peter-Saul-Quack-08-125x125.jpg 125w\" sizes=\"(max-width: 75px) 100vw, 75px\" \/><\/a>\n\t\t\t<\/dt><\/dl><dl class='gallery-item'>\n\t\t\t<dt class='gallery-icon landscape'>\n\t\t\t\t<a href='https:\/\/rene-schmitt.com\/wp-content\/uploads\/Peter-Saul-Quack-09.jpg'><img width=\"75\" height=\"75\" src=\"https:\/\/rene-schmitt.com\/wp-content\/uploads\/Peter-Saul-Quack-09-75x75.jpg\" class=\"attachment-thumbnail size-thumbnail\" alt=\"Peter Saul \u2013 Quack\" loading=\"lazy\" srcset=\"https:\/\/rene-schmitt.com\/wp-content\/uploads\/Peter-Saul-Quack-09-75x75.jpg 75w, https:\/\/rene-schmitt.com\/wp-content\/uploads\/Peter-Saul-Quack-09-125x125.jpg 125w\" sizes=\"(max-width: 75px) 100vw, 75px\" \/><\/a>\n\t\t\t<\/dt><\/dl><dl class='gallery-item'>\n\t\t\t<dt class='gallery-icon landscape'>\n\t\t\t\t<a href='https:\/\/rene-schmitt.com\/wp-content\/uploads\/Peter-Saul-Quack-10.jpg'><img width=\"75\" height=\"75\" src=\"https:\/\/rene-schmitt.com\/wp-content\/uploads\/Peter-Saul-Quack-10-75x75.jpg\" class=\"attachment-thumbnail size-thumbnail\" alt=\"Peter Saul \u2013 Quack\" loading=\"lazy\" srcset=\"https:\/\/rene-schmitt.com\/wp-content\/uploads\/Peter-Saul-Quack-10-75x75.jpg 75w, https:\/\/rene-schmitt.com\/wp-content\/uploads\/Peter-Saul-Quack-10-125x125.jpg 125w\" sizes=\"(max-width: 75px) 100vw, 75px\" \/><\/a>\n\t\t\t<\/dt><\/dl><br style=\"clear: both\" \/>\n\t\t<\/div>\n\n<div id=\"description\">\n<h3>Quack (2013)<\/h3>\n<p>Vernis Mou Radierung auf Kupferplatte<br \/>\nArches 88 B\u00fctten 300 Gramm<br \/>\nGr\u00f6\u00dfe: jeweils 76 x 58 cm<br \/>\nAuflage: 28 + 4 e.a.<br \/>\nJeweils handsigniert und nummeriert<br \/>\nRadierplatten gedruckt in der Druckwerkstatt<br \/>\nder St\u00e4dtische Galerie Wolfsburg von Kristof Baranski<br \/>\nSiebdruck gedruckt in der Siebdruck Werkstatt Ahrens, Ottobrunn<br \/>\nAlterungsbest\u00e4ndige Archivmappen hergestellt von der Buchbinderei Henckus, Oldenburg<br \/>\n&nbsp;<br \/>\nPreis: EUR 2.800<br \/>\n&nbsp;<br \/>\n<a class=\"popmake-4147\" onclick=\"_paq.push(['trackGoal',4]);\"><strong>\u00bb Kaufanfrage<\/strong><\/a><br \/>\n&nbsp;<br \/>\n&nbsp;<br \/>\n<a class=\"popmake-4444\" onclick=\"_paq.push(['trackGoal',8]);\"><strong>\u00bb Ausstellung<\/strong><\/a><br \/>\n&nbsp;<br \/>\n&nbsp;<\/p>\n<div id=\"edition\"><a href=\"https:\/\/rene-schmitt.com\/de\/kuenstler\/peter-saul\/\"><strong>\u00bb Alle<\/strong> Editionen von Peter Saul<\/a><\/div>\n<\/div>\n<\/div>\n<div class='clear'><\/div>\n","protected":false},"excerpt":{"rendered":"<p>Peter Saul \u2013 Quack &nbsp; Quack (2013) Vernis Mou Radierung auf Kupferplatte Arches 88 B\u00fctten 300 Gramm Gr\u00f6\u00dfe: jeweils 76 x 58 cm Auflage: 28 + 4 e.a. Jeweils handsigniert und nummeriert Radierplatten gedruckt in der Druckwerkstatt der St\u00e4dtische Galerie Wolfsburg von Kristof Baranski Siebdruck gedruckt in der Siebdruck Werkstatt Ahrens, Ottobrunn Alterungsbest\u00e4ndige Archivmappen hergestellt [&hellip;]<\/p>\n","protected":false},"author":1,"featured_media":0,"parent":806,"menu_order":28,"comment_status":"closed","ping_status":"closed","template":"page-fullwidth.php","meta":[],"_links":{"self":[{"href":"https:\/\/rene-schmitt.com\/de\/wp-json\/wp\/v2\/pages\/563"}],"collection":[{"href":"https:\/\/rene-schmitt.com\/de\/wp-json\/wp\/v2\/pages"}],"about":[{"href":"https:\/\/rene-schmitt.com\/de\/wp-json\/wp\/v2\/types\/page"}],"author":[{"embeddable":true,"href":"https:\/\/rene-schmitt.com\/de\/wp-json\/wp\/v2\/users\/1"}],"replies":[{"embeddable":true,"href":"https:\/\/rene-schmitt.com\/de\/wp-json\/wp\/v2\/comments?post=563"}],"version-history":[{"count":4,"href":"https:\/\/rene-schmitt.com\/de\/wp-json\/wp\/v2\/pages\/563\/revisions"}],"predecessor-version":[{"id":4806,"href":"https:\/\/rene-schmitt.com\/de\/wp-json\/wp\/v2\/pages\/563\/revisions\/4806"}],"up":[{"embeddable":true,"href":"https:\/\/rene-schmitt.com\/de\/wp-json\/wp\/v2\/pages\/806"}],"wp:attachment":[{"href":"https:\/\/rene-schmitt.com\/de\/wp-json\/wp\/v2\/media?parent=563"}],"curies":[{"name":"wp","href":"https:\/\/api.w.org\/{rel}","templated":true}]}}