{"id":780,"date":"2014-08-11T00:00:21","date_gmt":"2014-08-10T22:00:21","guid":{"rendered":"http:\/\/rene-schmitt.com\/?page_id=780"},"modified":"2022-02-20T15:44:45","modified_gmt":"2022-02-20T14:44:45","slug":"pink-girls_yellow-curls_edition1","status":"publish","type":"page","link":"https:\/\/rene-schmitt.com\/de\/kuenstler\/rose-wylie\/pink-girls_yellow-curls_edition1\/","title":{"rendered":"Rose Wylie \u2013 Pink Girls &#8211; Yellow Curls (Editionsserie 1) (2014)"},"content":{"rendered":"<h1><a href=\"https:\/\/rene-schmitt.com\/de\/kuenstler\/rose-wylie\/\">Rose Wylie<\/a> \u2013 Pink Girls &#45; Yellow Curls (Editionsserie 1)<\/h1>\n<div class='grid_6 alpha'>\n\n\t\t<style type=\"text\/css\">\n\t\t\t#gallery-1 {\n\t\t\t\tmargin: auto;\n\t\t\t}\n\t\t\t#gallery-1 .gallery-item {\n\t\t\t\tfloat: left;\n\t\t\t\tmargin-top: 10px;\n\t\t\t\ttext-align: center;\n\t\t\t\twidth: 100%;\n\t\t\t}\n\t\t\t#gallery-1 img {\n\t\t\t\tborder: 2px solid #cfcfcf;\n\t\t\t}\n\t\t\t#gallery-1 .gallery-caption {\n\t\t\t\tmargin-left: 0;\n\t\t\t}\n\t\t\t\/* see gallery_shortcode() in wp-includes\/media.php *\/\n\t\t<\/style>\n\t\t<div id='gallery-1' class='gallery galleryid-780 gallery-columns-1 gallery-size-medium'><dl class='gallery-item'>\n\t\t\t<dt class='gallery-icon portrait'>\n\t\t\t\t<a href='https:\/\/rene-schmitt.com\/wp-content\/uploads\/Rose-Wylie-Portrait.jpg'><img width=\"389\" height=\"500\" src=\"https:\/\/rene-schmitt.com\/wp-content\/uploads\/Rose-Wylie-Portrait-389x500.jpg\" class=\"attachment-medium size-medium\" alt=\"Rose Wylie \u2013 Portrait\" loading=\"lazy\" srcset=\"https:\/\/rene-schmitt.com\/wp-content\/uploads\/Rose-Wylie-Portrait-389x500.jpg 389w, https:\/\/rene-schmitt.com\/wp-content\/uploads\/Rose-Wylie-Portrait-768x987.jpg 768w, https:\/\/rene-schmitt.com\/wp-content\/uploads\/Rose-Wylie-Portrait-797x1024.jpg 797w, https:\/\/rene-schmitt.com\/wp-content\/uploads\/Rose-Wylie-Portrait-642x825.jpg 642w, https:\/\/rene-schmitt.com\/wp-content\/uploads\/Rose-Wylie-Portrait-978x1257.jpg 978w, https:\/\/rene-schmitt.com\/wp-content\/uploads\/Rose-Wylie-Portrait.jpg 996w\" sizes=\"(max-width: 389px) 100vw, 389px\" \/><\/a>\n\t\t\t<\/dt><\/dl><br style=\"clear: both\" \/>\n\t\t<\/div>\n\n<\/div>\n<div class='grid_6 omega'>\n\n\t\t<style type=\"text\/css\">\n\t\t\t#gallery-2 {\n\t\t\t\tmargin: auto;\n\t\t\t}\n\t\t\t#gallery-2 .gallery-item {\n\t\t\t\tfloat: left;\n\t\t\t\tmargin-top: 10px;\n\t\t\t\ttext-align: center;\n\t\t\t\twidth: 20%;\n\t\t\t}\n\t\t\t#gallery-2 img {\n\t\t\t\tborder: 2px solid #cfcfcf;\n\t\t\t}\n\t\t\t#gallery-2 .gallery-caption {\n\t\t\t\tmargin-left: 0;\n\t\t\t}\n\t\t\t\/* see gallery_shortcode() in wp-includes\/media.php *\/\n\t\t<\/style>\n\t\t<div id='gallery-2' class='gallery galleryid-780 gallery-columns-5 gallery-size-thumbnail'><dl class='gallery-item'>\n\t\t\t<dt class='gallery-icon portrait'>\n\t\t\t\t<a href='https:\/\/rene-schmitt.com\/wp-content\/uploads\/Rose-Wylie-Pink-Girls-Yellow-Curls-Editionsserie1-01.jpg'><img width=\"75\" height=\"75\" src=\"https:\/\/rene-schmitt.com\/wp-content\/uploads\/Rose-Wylie-Pink-Girls-Yellow-Curls-Editionsserie1-01-75x75.jpg\" class=\"attachment-thumbnail size-thumbnail\" alt=\"Rose Wylie \u2013 Pink Girls - Yellow Curls (Editionsserie 1)\" loading=\"lazy\" srcset=\"https:\/\/rene-schmitt.com\/wp-content\/uploads\/Rose-Wylie-Pink-Girls-Yellow-Curls-Editionsserie1-01-75x75.jpg 75w, https:\/\/rene-schmitt.com\/wp-content\/uploads\/Rose-Wylie-Pink-Girls-Yellow-Curls-Editionsserie1-01-125x125.jpg 125w\" sizes=\"(max-width: 75px) 100vw, 75px\" \/><\/a>\n\t\t\t<\/dt><\/dl><dl class='gallery-item'>\n\t\t\t<dt class='gallery-icon portrait'>\n\t\t\t\t<a href='https:\/\/rene-schmitt.com\/wp-content\/uploads\/Rose-Wylie-Pink-Girls-Yellow-Curls-Editionsserie1-02.jpg'><img width=\"75\" height=\"75\" src=\"https:\/\/rene-schmitt.com\/wp-content\/uploads\/Rose-Wylie-Pink-Girls-Yellow-Curls-Editionsserie1-02-75x75.jpg\" class=\"attachment-thumbnail size-thumbnail\" alt=\"Rose Wylie \u2013 Pink Girls - Yellow Curls (Editionsserie 1)\" loading=\"lazy\" srcset=\"https:\/\/rene-schmitt.com\/wp-content\/uploads\/Rose-Wylie-Pink-Girls-Yellow-Curls-Editionsserie1-02-75x75.jpg 75w, https:\/\/rene-schmitt.com\/wp-content\/uploads\/Rose-Wylie-Pink-Girls-Yellow-Curls-Editionsserie1-02-125x125.jpg 125w\" sizes=\"(max-width: 75px) 100vw, 75px\" \/><\/a>\n\t\t\t<\/dt><\/dl><dl class='gallery-item'>\n\t\t\t<dt class='gallery-icon portrait'>\n\t\t\t\t<a href='https:\/\/rene-schmitt.com\/wp-content\/uploads\/Rose-Wylie-Pink-Girls-Yellow-Curls-Editionsserie1-03.jpg'><img width=\"75\" height=\"75\" src=\"https:\/\/rene-schmitt.com\/wp-content\/uploads\/Rose-Wylie-Pink-Girls-Yellow-Curls-Editionsserie1-03-75x75.jpg\" class=\"attachment-thumbnail size-thumbnail\" alt=\"Rose Wylie \u2013 Pink Girls - Yellow Curls (Editionsserie 1)\" loading=\"lazy\" srcset=\"https:\/\/rene-schmitt.com\/wp-content\/uploads\/Rose-Wylie-Pink-Girls-Yellow-Curls-Editionsserie1-03-75x75.jpg 75w, https:\/\/rene-schmitt.com\/wp-content\/uploads\/Rose-Wylie-Pink-Girls-Yellow-Curls-Editionsserie1-03-125x125.jpg 125w\" sizes=\"(max-width: 75px) 100vw, 75px\" \/><\/a>\n\t\t\t<\/dt><\/dl><dl class='gallery-item'>\n\t\t\t<dt class='gallery-icon portrait'>\n\t\t\t\t<a href='https:\/\/rene-schmitt.com\/wp-content\/uploads\/Rose-Wylie-Pink-Girls-Yellow-Curls-Editionsserie1-04.jpg'><img width=\"75\" height=\"75\" src=\"https:\/\/rene-schmitt.com\/wp-content\/uploads\/Rose-Wylie-Pink-Girls-Yellow-Curls-Editionsserie1-04-75x75.jpg\" class=\"attachment-thumbnail size-thumbnail\" alt=\"Rose Wylie \u2013 Pink Girls - Yellow Curls (Editionsserie 1)\" loading=\"lazy\" srcset=\"https:\/\/rene-schmitt.com\/wp-content\/uploads\/Rose-Wylie-Pink-Girls-Yellow-Curls-Editionsserie1-04-75x75.jpg 75w, https:\/\/rene-schmitt.com\/wp-content\/uploads\/Rose-Wylie-Pink-Girls-Yellow-Curls-Editionsserie1-04-125x125.jpg 125w\" sizes=\"(max-width: 75px) 100vw, 75px\" \/><\/a>\n\t\t\t<\/dt><\/dl><dl class='gallery-item'>\n\t\t\t<dt class='gallery-icon portrait'>\n\t\t\t\t<a href='https:\/\/rene-schmitt.com\/wp-content\/uploads\/Rose-Wylie-Pink-Girls-Yellow-Curls-Editionsserie1-05.jpg'><img width=\"75\" height=\"75\" src=\"https:\/\/rene-schmitt.com\/wp-content\/uploads\/Rose-Wylie-Pink-Girls-Yellow-Curls-Editionsserie1-05-75x75.jpg\" class=\"attachment-thumbnail size-thumbnail\" alt=\"Rose Wylie \u2013 Pink Girls - Yellow Curls (Editionsserie 1)\" loading=\"lazy\" srcset=\"https:\/\/rene-schmitt.com\/wp-content\/uploads\/Rose-Wylie-Pink-Girls-Yellow-Curls-Editionsserie1-05-75x75.jpg 75w, https:\/\/rene-schmitt.com\/wp-content\/uploads\/Rose-Wylie-Pink-Girls-Yellow-Curls-Editionsserie1-05-125x125.jpg 125w\" sizes=\"(max-width: 75px) 100vw, 75px\" \/><\/a>\n\t\t\t<\/dt><\/dl><br style=\"clear: both\" \/>\n\t\t<\/div>\n\n<p>&nbsp;<\/p>\n\n\t\t<style type=\"text\/css\">\n\t\t\t#gallery-3 {\n\t\t\t\tmargin: auto;\n\t\t\t}\n\t\t\t#gallery-3 .gallery-item {\n\t\t\t\tfloat: left;\n\t\t\t\tmargin-top: 10px;\n\t\t\t\ttext-align: center;\n\t\t\t\twidth: 20%;\n\t\t\t}\n\t\t\t#gallery-3 img {\n\t\t\t\tborder: 2px solid #cfcfcf;\n\t\t\t}\n\t\t\t#gallery-3 .gallery-caption {\n\t\t\t\tmargin-left: 0;\n\t\t\t}\n\t\t\t\/* see gallery_shortcode() in wp-includes\/media.php *\/\n\t\t<\/style>\n\t\t<div id='gallery-3' class='gallery galleryid-780 gallery-columns-5 gallery-size-thumbnail'><dl class='gallery-item'>\n\t\t\t<dt class='gallery-icon portrait'>\n\t\t\t\t<a href='https:\/\/rene-schmitt.com\/wp-content\/uploads\/Rose-Wylie-Pink-Girls-Yellow-Curls-Editionsserie1-06.jpg'><img width=\"75\" height=\"75\" src=\"https:\/\/rene-schmitt.com\/wp-content\/uploads\/Rose-Wylie-Pink-Girls-Yellow-Curls-Editionsserie1-06-75x75.jpg\" class=\"attachment-thumbnail size-thumbnail\" alt=\"Rose Wylie \u2013 Pink Girls - Yellow Curls (Editionsserie 1)\" loading=\"lazy\" srcset=\"https:\/\/rene-schmitt.com\/wp-content\/uploads\/Rose-Wylie-Pink-Girls-Yellow-Curls-Editionsserie1-06-75x75.jpg 75w, https:\/\/rene-schmitt.com\/wp-content\/uploads\/Rose-Wylie-Pink-Girls-Yellow-Curls-Editionsserie1-06-125x125.jpg 125w\" sizes=\"(max-width: 75px) 100vw, 75px\" \/><\/a>\n\t\t\t<\/dt><\/dl><dl class='gallery-item'>\n\t\t\t<dt class='gallery-icon portrait'>\n\t\t\t\t<a href='https:\/\/rene-schmitt.com\/wp-content\/uploads\/Rose-Wylie-Pink-Girls-Yellow-Curls-Editionsserie1-07.jpg'><img width=\"75\" height=\"75\" src=\"https:\/\/rene-schmitt.com\/wp-content\/uploads\/Rose-Wylie-Pink-Girls-Yellow-Curls-Editionsserie1-07-75x75.jpg\" class=\"attachment-thumbnail size-thumbnail\" alt=\"Rose Wylie \u2013 Pink Girls - Yellow Curls (Editionsserie 1)\" loading=\"lazy\" srcset=\"https:\/\/rene-schmitt.com\/wp-content\/uploads\/Rose-Wylie-Pink-Girls-Yellow-Curls-Editionsserie1-07-75x75.jpg 75w, https:\/\/rene-schmitt.com\/wp-content\/uploads\/Rose-Wylie-Pink-Girls-Yellow-Curls-Editionsserie1-07-125x125.jpg 125w\" sizes=\"(max-width: 75px) 100vw, 75px\" \/><\/a>\n\t\t\t<\/dt><\/dl><dl class='gallery-item'>\n\t\t\t<dt class='gallery-icon portrait'>\n\t\t\t\t<a href='https:\/\/rene-schmitt.com\/wp-content\/uploads\/Rose-Wylie-Pink-Girls-Yellow-Curls-Editionsserie1-08.jpg'><img width=\"75\" height=\"75\" src=\"https:\/\/rene-schmitt.com\/wp-content\/uploads\/Rose-Wylie-Pink-Girls-Yellow-Curls-Editionsserie1-08-75x75.jpg\" class=\"attachment-thumbnail size-thumbnail\" alt=\"Rose Wylie \u2013 Pink Girls - Yellow Curls (Editionsserie 1)\" loading=\"lazy\" srcset=\"https:\/\/rene-schmitt.com\/wp-content\/uploads\/Rose-Wylie-Pink-Girls-Yellow-Curls-Editionsserie1-08-75x75.jpg 75w, https:\/\/rene-schmitt.com\/wp-content\/uploads\/Rose-Wylie-Pink-Girls-Yellow-Curls-Editionsserie1-08-125x125.jpg 125w\" sizes=\"(max-width: 75px) 100vw, 75px\" \/><\/a>\n\t\t\t<\/dt><\/dl><dl class='gallery-item'>\n\t\t\t<dt class='gallery-icon portrait'>\n\t\t\t\t<a href='https:\/\/rene-schmitt.com\/wp-content\/uploads\/Rose-Wylie-Pink-Girls-Yellow-Curls-Editionsserie1-09.jpg'><img width=\"75\" height=\"75\" src=\"https:\/\/rene-schmitt.com\/wp-content\/uploads\/Rose-Wylie-Pink-Girls-Yellow-Curls-Editionsserie1-09-75x75.jpg\" class=\"attachment-thumbnail size-thumbnail\" alt=\"Rose Wylie \u2013 Pink Girls - Yellow Curls (Editionsserie 1)\" loading=\"lazy\" srcset=\"https:\/\/rene-schmitt.com\/wp-content\/uploads\/Rose-Wylie-Pink-Girls-Yellow-Curls-Editionsserie1-09-75x75.jpg 75w, https:\/\/rene-schmitt.com\/wp-content\/uploads\/Rose-Wylie-Pink-Girls-Yellow-Curls-Editionsserie1-09-125x125.jpg 125w\" sizes=\"(max-width: 75px) 100vw, 75px\" \/><\/a>\n\t\t\t<\/dt><\/dl>\n\t\t\t<br style='clear: both' \/>\n\t\t<\/div>\n\n<div id=\"description\">\n<h3>Pink Girls &#45; Yellow Curls 1 (2014)<\/h3>\n<p>Vernis Mou Radierung auf Kupferplatte<br \/>\nZerkall B\u00fctten 300 Gramm<br \/>\nGr\u00f6\u00dfe: jeweils 76 x 58 cm<br \/>\nSerie von 9 Radierungen in Archivmappe<br \/>\nAuflage: 3<br \/>\nJeweils handsigniert und nummeriert<br \/>\nRadierplatten gedruckt in der Druckwerkstatt<br \/>\nder St\u00e4dtische Galerie Wolfsburg von Kristof Baranski<br \/>\nAlterungsbest\u00e4ndige Archivmappen hergestellt von der Buchbinderei Henckus, Oldenburg<br \/>\n&nbsp;<br \/>\nVorbestellungen ab 15. September 2014<br \/>\nSubskriptionspreis von 14. Oktober bis 15. November 2014: EUR 8.600<br \/>\nPreis ab 15. November 2014: EUR 11.500<br \/>\n&nbsp;<br \/>\nSOLD OUT<br \/>\n&nbsp;<br \/>\n&nbsp;<br \/>\n<a class=\"popmake-4447\" onclick=\"_paq.push(['trackGoal',8]);\"><strong>\u00bb Ausstellung<\/strong><\/a><\/p>\n<div id=\"edition\"><a href=\"https:\/\/rene-schmitt.com\/de\/kuenstler\/rose-wylie\/\"><strong>\u00bb Alle<\/strong> Editionen von Rose Wylie<\/a><\/div>\n<\/div>\n<\/div>\n<div class='clear'><\/div>\n","protected":false},"excerpt":{"rendered":"<p>Rose Wylie \u2013 Pink Girls &#45; Yellow Curls (Editionsserie 1) &nbsp; Pink Girls &#45; Yellow Curls 1 (2014) Vernis Mou Radierung auf Kupferplatte Zerkall B\u00fctten 300 Gramm Gr\u00f6\u00dfe: jeweils 76 x 58 cm Serie von 9 Radierungen in Archivmappe Auflage: 3 Jeweils handsigniert und nummeriert Radierplatten gedruckt in der Druckwerkstatt der St\u00e4dtische Galerie Wolfsburg von [&hellip;]<\/p>\n","protected":false},"author":1,"featured_media":0,"parent":808,"menu_order":0,"comment_status":"closed","ping_status":"closed","template":"page-fullwidth.php","meta":[],"_links":{"self":[{"href":"https:\/\/rene-schmitt.com\/de\/wp-json\/wp\/v2\/pages\/780"}],"collection":[{"href":"https:\/\/rene-schmitt.com\/de\/wp-json\/wp\/v2\/pages"}],"about":[{"href":"https:\/\/rene-schmitt.com\/de\/wp-json\/wp\/v2\/types\/page"}],"author":[{"embeddable":true,"href":"https:\/\/rene-schmitt.com\/de\/wp-json\/wp\/v2\/users\/1"}],"replies":[{"embeddable":true,"href":"https:\/\/rene-schmitt.com\/de\/wp-json\/wp\/v2\/comments?post=780"}],"version-history":[{"count":5,"href":"https:\/\/rene-schmitt.com\/de\/wp-json\/wp\/v2\/pages\/780\/revisions"}],"predecessor-version":[{"id":4714,"href":"https:\/\/rene-schmitt.com\/de\/wp-json\/wp\/v2\/pages\/780\/revisions\/4714"}],"up":[{"embeddable":true,"href":"https:\/\/rene-schmitt.com\/de\/wp-json\/wp\/v2\/pages\/808"}],"wp:attachment":[{"href":"https:\/\/rene-schmitt.com\/de\/wp-json\/wp\/v2\/media?parent=780"}],"curies":[{"name":"wp","href":"https:\/\/api.w.org\/{rel}","templated":true}]}}