{"id":813,"date":"2014-08-11T00:00:21","date_gmt":"2014-08-10T22:00:21","guid":{"rendered":"http:\/\/rene-schmitt.com\/?page_id=813"},"modified":"2022-02-20T16:03:46","modified_gmt":"2022-02-20T15:03:46","slug":"pink-girls_yellow-curls_edition2","status":"publish","type":"page","link":"https:\/\/rene-schmitt.com\/de\/kuenstler\/rose-wylie\/pink-girls_yellow-curls_edition2\/","title":{"rendered":"Rose Wylie \u2013 Pink Girls &#8211; Yellow Curls (Editionsserie 2) (2014)"},"content":{"rendered":"<h1><a href=\"https:\/\/rene-schmitt.com\/de\/kuenstler\/rose-wylie\/\">Rose Wylie<\/a> \u2013 Pink Girls &#45; Yellow Curls (Editionsserie 2)<\/h1>\n<div class='grid_6 alpha'>\n\n\t\t<style type=\"text\/css\">\n\t\t\t#gallery-1 {\n\t\t\t\tmargin: auto;\n\t\t\t}\n\t\t\t#gallery-1 .gallery-item {\n\t\t\t\tfloat: left;\n\t\t\t\tmargin-top: 10px;\n\t\t\t\ttext-align: center;\n\t\t\t\twidth: 100%;\n\t\t\t}\n\t\t\t#gallery-1 img {\n\t\t\t\tborder: 2px solid #cfcfcf;\n\t\t\t}\n\t\t\t#gallery-1 .gallery-caption {\n\t\t\t\tmargin-left: 0;\n\t\t\t}\n\t\t\t\/* see gallery_shortcode() in wp-includes\/media.php *\/\n\t\t<\/style>\n\t\t<div id='gallery-1' class='gallery galleryid-813 gallery-columns-1 gallery-size-medium'><dl class='gallery-item'>\n\t\t\t<dt class='gallery-icon portrait'>\n\t\t\t\t<a href='https:\/\/rene-schmitt.com\/wp-content\/uploads\/Rose-Wylie-Portrait.jpg'><img width=\"389\" height=\"500\" src=\"https:\/\/rene-schmitt.com\/wp-content\/uploads\/Rose-Wylie-Portrait-389x500.jpg\" class=\"attachment-medium size-medium\" alt=\"Rose Wylie \u2013 Portrait\" loading=\"lazy\" srcset=\"https:\/\/rene-schmitt.com\/wp-content\/uploads\/Rose-Wylie-Portrait-389x500.jpg 389w, https:\/\/rene-schmitt.com\/wp-content\/uploads\/Rose-Wylie-Portrait-768x987.jpg 768w, https:\/\/rene-schmitt.com\/wp-content\/uploads\/Rose-Wylie-Portrait-797x1024.jpg 797w, https:\/\/rene-schmitt.com\/wp-content\/uploads\/Rose-Wylie-Portrait-642x825.jpg 642w, https:\/\/rene-schmitt.com\/wp-content\/uploads\/Rose-Wylie-Portrait-978x1257.jpg 978w, https:\/\/rene-schmitt.com\/wp-content\/uploads\/Rose-Wylie-Portrait.jpg 996w\" sizes=\"(max-width: 389px) 100vw, 389px\" \/><\/a>\n\t\t\t<\/dt><\/dl><br style=\"clear: both\" \/>\n\t\t<\/div>\n\n<\/div>\n<div class='grid_6 omega'>\n\n\t\t<style type=\"text\/css\">\n\t\t\t#gallery-2 {\n\t\t\t\tmargin: auto;\n\t\t\t}\n\t\t\t#gallery-2 .gallery-item {\n\t\t\t\tfloat: left;\n\t\t\t\tmargin-top: 10px;\n\t\t\t\ttext-align: center;\n\t\t\t\twidth: 20%;\n\t\t\t}\n\t\t\t#gallery-2 img {\n\t\t\t\tborder: 2px solid #cfcfcf;\n\t\t\t}\n\t\t\t#gallery-2 .gallery-caption {\n\t\t\t\tmargin-left: 0;\n\t\t\t}\n\t\t\t\/* see gallery_shortcode() in wp-includes\/media.php *\/\n\t\t<\/style>\n\t\t<div id='gallery-2' class='gallery galleryid-813 gallery-columns-5 gallery-size-thumbnail'><dl class='gallery-item'>\n\t\t\t<dt class='gallery-icon landscape'>\n\t\t\t\t<a href='https:\/\/rene-schmitt.com\/wp-content\/uploads\/Rose-Wylie-Pink-Girls-Yellow-Curls-Editionsserie2-01.jpg'><img width=\"75\" height=\"75\" src=\"https:\/\/rene-schmitt.com\/wp-content\/uploads\/Rose-Wylie-Pink-Girls-Yellow-Curls-Editionsserie2-01-75x75.jpg\" class=\"attachment-thumbnail size-thumbnail\" alt=\"Rose Wylie \u2013 Pink Girls - Yellow Curls (Editionsserie 2)\" loading=\"lazy\" srcset=\"https:\/\/rene-schmitt.com\/wp-content\/uploads\/Rose-Wylie-Pink-Girls-Yellow-Curls-Editionsserie2-01-75x75.jpg 75w, https:\/\/rene-schmitt.com\/wp-content\/uploads\/Rose-Wylie-Pink-Girls-Yellow-Curls-Editionsserie2-01-125x125.jpg 125w\" sizes=\"(max-width: 75px) 100vw, 75px\" \/><\/a>\n\t\t\t<\/dt><\/dl><dl class='gallery-item'>\n\t\t\t<dt class='gallery-icon portrait'>\n\t\t\t\t<a href='https:\/\/rene-schmitt.com\/wp-content\/uploads\/Rose-Wylie-Pink-Girls-Yellow-Curls-Editionsserie2-02.jpg'><img width=\"75\" height=\"75\" src=\"https:\/\/rene-schmitt.com\/wp-content\/uploads\/Rose-Wylie-Pink-Girls-Yellow-Curls-Editionsserie2-02-75x75.jpg\" class=\"attachment-thumbnail size-thumbnail\" alt=\"Rose Wylie \u2013 Pink Girls - Yellow Curls (Editionsserie 2)\" loading=\"lazy\" srcset=\"https:\/\/rene-schmitt.com\/wp-content\/uploads\/Rose-Wylie-Pink-Girls-Yellow-Curls-Editionsserie2-02-75x75.jpg 75w, https:\/\/rene-schmitt.com\/wp-content\/uploads\/Rose-Wylie-Pink-Girls-Yellow-Curls-Editionsserie2-02-125x125.jpg 125w\" sizes=\"(max-width: 75px) 100vw, 75px\" \/><\/a>\n\t\t\t<\/dt><\/dl><dl class='gallery-item'>\n\t\t\t<dt class='gallery-icon portrait'>\n\t\t\t\t<a href='https:\/\/rene-schmitt.com\/wp-content\/uploads\/Rose-Wylie-Pink-Girls-Yellow-Curls-Editionsserie2-03.jpg'><img width=\"75\" height=\"75\" src=\"https:\/\/rene-schmitt.com\/wp-content\/uploads\/Rose-Wylie-Pink-Girls-Yellow-Curls-Editionsserie2-03-75x75.jpg\" class=\"attachment-thumbnail size-thumbnail\" alt=\"Rose Wylie \u2013 Pink Girls - Yellow Curls (Editionsserie 2)\" loading=\"lazy\" srcset=\"https:\/\/rene-schmitt.com\/wp-content\/uploads\/Rose-Wylie-Pink-Girls-Yellow-Curls-Editionsserie2-03-75x75.jpg 75w, https:\/\/rene-schmitt.com\/wp-content\/uploads\/Rose-Wylie-Pink-Girls-Yellow-Curls-Editionsserie2-03-125x125.jpg 125w\" sizes=\"(max-width: 75px) 100vw, 75px\" \/><\/a>\n\t\t\t<\/dt><\/dl><dl class='gallery-item'>\n\t\t\t<dt class='gallery-icon portrait'>\n\t\t\t\t<a href='https:\/\/rene-schmitt.com\/wp-content\/uploads\/Rose-Wylie-Pink-Girls-Yellow-Curls-Editionsserie2-04.jpg'><img width=\"75\" height=\"75\" src=\"https:\/\/rene-schmitt.com\/wp-content\/uploads\/Rose-Wylie-Pink-Girls-Yellow-Curls-Editionsserie2-04-75x75.jpg\" class=\"attachment-thumbnail size-thumbnail\" alt=\"Rose Wylie \u2013 Pink Girls - Yellow Curls (Editionsserie 2)\" loading=\"lazy\" srcset=\"https:\/\/rene-schmitt.com\/wp-content\/uploads\/Rose-Wylie-Pink-Girls-Yellow-Curls-Editionsserie2-04-75x75.jpg 75w, https:\/\/rene-schmitt.com\/wp-content\/uploads\/Rose-Wylie-Pink-Girls-Yellow-Curls-Editionsserie2-04-125x125.jpg 125w\" sizes=\"(max-width: 75px) 100vw, 75px\" \/><\/a>\n\t\t\t<\/dt><\/dl><dl class='gallery-item'>\n\t\t\t<dt class='gallery-icon portrait'>\n\t\t\t\t<a href='https:\/\/rene-schmitt.com\/wp-content\/uploads\/Rose-Wylie-Pink-Girls-Yellow-Curls-Editionsserie2-05.jpg'><img width=\"75\" height=\"75\" src=\"https:\/\/rene-schmitt.com\/wp-content\/uploads\/Rose-Wylie-Pink-Girls-Yellow-Curls-Editionsserie2-05-75x75.jpg\" class=\"attachment-thumbnail size-thumbnail\" alt=\"Rose Wylie \u2013 Pink Girls - Yellow Curls (Editionsserie 2)\" loading=\"lazy\" srcset=\"https:\/\/rene-schmitt.com\/wp-content\/uploads\/Rose-Wylie-Pink-Girls-Yellow-Curls-Editionsserie2-05-75x75.jpg 75w, https:\/\/rene-schmitt.com\/wp-content\/uploads\/Rose-Wylie-Pink-Girls-Yellow-Curls-Editionsserie2-05-125x125.jpg 125w\" sizes=\"(max-width: 75px) 100vw, 75px\" \/><\/a>\n\t\t\t<\/dt><\/dl><br style=\"clear: both\" \/>\n\t\t<\/div>\n\n\n\t\t<style type=\"text\/css\">\n\t\t\t#gallery-3 {\n\t\t\t\tmargin: auto;\n\t\t\t}\n\t\t\t#gallery-3 .gallery-item {\n\t\t\t\tfloat: left;\n\t\t\t\tmargin-top: 10px;\n\t\t\t\ttext-align: center;\n\t\t\t\twidth: 20%;\n\t\t\t}\n\t\t\t#gallery-3 img {\n\t\t\t\tborder: 2px solid #cfcfcf;\n\t\t\t}\n\t\t\t#gallery-3 .gallery-caption {\n\t\t\t\tmargin-left: 0;\n\t\t\t}\n\t\t\t\/* see gallery_shortcode() in wp-includes\/media.php *\/\n\t\t<\/style>\n\t\t<div id='gallery-3' class='gallery galleryid-813 gallery-columns-5 gallery-size-thumbnail'><dl class='gallery-item'>\n\t\t\t<dt class='gallery-icon portrait'>\n\t\t\t\t<a href='https:\/\/rene-schmitt.com\/wp-content\/uploads\/Rose-Wylie-Pink-Girls-Yellow-Curls-Editionsserie2-06.jpg'><img width=\"75\" height=\"75\" src=\"https:\/\/rene-schmitt.com\/wp-content\/uploads\/Rose-Wylie-Pink-Girls-Yellow-Curls-Editionsserie2-06-75x75.jpg\" class=\"attachment-thumbnail size-thumbnail\" alt=\"Rose Wylie \u2013 Pink Girls - Yellow Curls (Editionsserie 2)\" loading=\"lazy\" srcset=\"https:\/\/rene-schmitt.com\/wp-content\/uploads\/Rose-Wylie-Pink-Girls-Yellow-Curls-Editionsserie2-06-75x75.jpg 75w, https:\/\/rene-schmitt.com\/wp-content\/uploads\/Rose-Wylie-Pink-Girls-Yellow-Curls-Editionsserie2-06-125x125.jpg 125w\" sizes=\"(max-width: 75px) 100vw, 75px\" \/><\/a>\n\t\t\t<\/dt><\/dl><dl class='gallery-item'>\n\t\t\t<dt class='gallery-icon portrait'>\n\t\t\t\t<a href='https:\/\/rene-schmitt.com\/wp-content\/uploads\/Rose-Wylie-Pink-Girls-Yellow-Curls-Editionsserie2-07.jpg'><img width=\"75\" height=\"75\" src=\"https:\/\/rene-schmitt.com\/wp-content\/uploads\/Rose-Wylie-Pink-Girls-Yellow-Curls-Editionsserie2-07-75x75.jpg\" class=\"attachment-thumbnail size-thumbnail\" alt=\"Rose Wylie \u2013 Pink Girls - Yellow Curls (Editionsserie 2)\" loading=\"lazy\" srcset=\"https:\/\/rene-schmitt.com\/wp-content\/uploads\/Rose-Wylie-Pink-Girls-Yellow-Curls-Editionsserie2-07-75x75.jpg 75w, https:\/\/rene-schmitt.com\/wp-content\/uploads\/Rose-Wylie-Pink-Girls-Yellow-Curls-Editionsserie2-07-125x125.jpg 125w\" sizes=\"(max-width: 75px) 100vw, 75px\" \/><\/a>\n\t\t\t<\/dt><\/dl><dl class='gallery-item'>\n\t\t\t<dt class='gallery-icon portrait'>\n\t\t\t\t<a href='https:\/\/rene-schmitt.com\/wp-content\/uploads\/Rose-Wylie-Pink-Girls-Yellow-Curls-Editionsserie2-08.jpg'><img width=\"75\" height=\"75\" src=\"https:\/\/rene-schmitt.com\/wp-content\/uploads\/Rose-Wylie-Pink-Girls-Yellow-Curls-Editionsserie2-08-75x75.jpg\" class=\"attachment-thumbnail size-thumbnail\" alt=\"Rose Wylie \u2013 Pink Girls - Yellow Curls (Editionsserie 2)\" loading=\"lazy\" srcset=\"https:\/\/rene-schmitt.com\/wp-content\/uploads\/Rose-Wylie-Pink-Girls-Yellow-Curls-Editionsserie2-08-75x75.jpg 75w, https:\/\/rene-schmitt.com\/wp-content\/uploads\/Rose-Wylie-Pink-Girls-Yellow-Curls-Editionsserie2-08-125x125.jpg 125w\" sizes=\"(max-width: 75px) 100vw, 75px\" \/><\/a>\n\t\t\t<\/dt><\/dl><dl class='gallery-item'>\n\t\t\t<dt class='gallery-icon portrait'>\n\t\t\t\t<a href='https:\/\/rene-schmitt.com\/wp-content\/uploads\/Rose-Wylie-Pink-Girls-Yellow-Curls-Editionsserie2-09.jpg'><img width=\"75\" height=\"75\" src=\"https:\/\/rene-schmitt.com\/wp-content\/uploads\/Rose-Wylie-Pink-Girls-Yellow-Curls-Editionsserie2-09-75x75.jpg\" class=\"attachment-thumbnail size-thumbnail\" alt=\"Rose Wylie \u2013 Pink Girls - Yellow Curls (Editionsserie 2)\" loading=\"lazy\" srcset=\"https:\/\/rene-schmitt.com\/wp-content\/uploads\/Rose-Wylie-Pink-Girls-Yellow-Curls-Editionsserie2-09-75x75.jpg 75w, https:\/\/rene-schmitt.com\/wp-content\/uploads\/Rose-Wylie-Pink-Girls-Yellow-Curls-Editionsserie2-09-125x125.jpg 125w\" sizes=\"(max-width: 75px) 100vw, 75px\" \/><\/a>\n\t\t\t<\/dt><\/dl><dl class='gallery-item'>\n\t\t\t<dt class='gallery-icon portrait'>\n\t\t\t\t<a href='https:\/\/rene-schmitt.com\/wp-content\/uploads\/Rose-Wylie-Pink-Girls-Yellow-Curls-Editionsserie2-10.jpg'><img width=\"75\" height=\"75\" src=\"https:\/\/rene-schmitt.com\/wp-content\/uploads\/Rose-Wylie-Pink-Girls-Yellow-Curls-Editionsserie2-10-75x75.jpg\" class=\"attachment-thumbnail size-thumbnail\" alt=\"Rose Wylie \u2013 Pink Girls - Yellow Curls (Editionsserie 2)\" loading=\"lazy\" srcset=\"https:\/\/rene-schmitt.com\/wp-content\/uploads\/Rose-Wylie-Pink-Girls-Yellow-Curls-Editionsserie2-10-75x75.jpg 75w, https:\/\/rene-schmitt.com\/wp-content\/uploads\/Rose-Wylie-Pink-Girls-Yellow-Curls-Editionsserie2-10-125x125.jpg 125w\" sizes=\"(max-width: 75px) 100vw, 75px\" \/><\/a>\n\t\t\t<\/dt><\/dl><br style=\"clear: both\" \/>\n\t\t<\/div>\n\n\n\t\t<style type=\"text\/css\">\n\t\t\t#gallery-4 {\n\t\t\t\tmargin: auto;\n\t\t\t}\n\t\t\t#gallery-4 .gallery-item {\n\t\t\t\tfloat: left;\n\t\t\t\tmargin-top: 10px;\n\t\t\t\ttext-align: center;\n\t\t\t\twidth: 20%;\n\t\t\t}\n\t\t\t#gallery-4 img {\n\t\t\t\tborder: 2px solid #cfcfcf;\n\t\t\t}\n\t\t\t#gallery-4 .gallery-caption {\n\t\t\t\tmargin-left: 0;\n\t\t\t}\n\t\t\t\/* see gallery_shortcode() in wp-includes\/media.php *\/\n\t\t<\/style>\n\t\t<div id='gallery-4' class='gallery galleryid-813 gallery-columns-5 gallery-size-thumbnail'><dl class='gallery-item'>\n\t\t\t<dt class='gallery-icon landscape'>\n\t\t\t\t<a href='https:\/\/rene-schmitt.com\/wp-content\/uploads\/Rose-Wylie-Pink-Girls-Yellow-Curls-Editionsserie2-11.jpg'><img width=\"75\" height=\"75\" src=\"https:\/\/rene-schmitt.com\/wp-content\/uploads\/Rose-Wylie-Pink-Girls-Yellow-Curls-Editionsserie2-11-75x75.jpg\" class=\"attachment-thumbnail size-thumbnail\" alt=\"Rose Wylie \u2013 Pink Girls - Yellow Curls (Editionsserie 2)\" loading=\"lazy\" srcset=\"https:\/\/rene-schmitt.com\/wp-content\/uploads\/Rose-Wylie-Pink-Girls-Yellow-Curls-Editionsserie2-11-75x75.jpg 75w, https:\/\/rene-schmitt.com\/wp-content\/uploads\/Rose-Wylie-Pink-Girls-Yellow-Curls-Editionsserie2-11-125x125.jpg 125w\" sizes=\"(max-width: 75px) 100vw, 75px\" \/><\/a>\n\t\t\t<\/dt><\/dl><dl class='gallery-item'>\n\t\t\t<dt class='gallery-icon landscape'>\n\t\t\t\t<a href='https:\/\/rene-schmitt.com\/wp-content\/uploads\/Rose-Wylie-Pink-Girls-Yellow-Curls-Editionsserie2-12.jpg'><img width=\"75\" height=\"75\" src=\"https:\/\/rene-schmitt.com\/wp-content\/uploads\/Rose-Wylie-Pink-Girls-Yellow-Curls-Editionsserie2-12-75x75.jpg\" class=\"attachment-thumbnail size-thumbnail\" alt=\"Rose Wylie \u2013 Pink Girls - Yellow Curls (Editionsserie 2)\" loading=\"lazy\" srcset=\"https:\/\/rene-schmitt.com\/wp-content\/uploads\/Rose-Wylie-Pink-Girls-Yellow-Curls-Editionsserie2-12-75x75.jpg 75w, https:\/\/rene-schmitt.com\/wp-content\/uploads\/Rose-Wylie-Pink-Girls-Yellow-Curls-Editionsserie2-12-125x125.jpg 125w\" sizes=\"(max-width: 75px) 100vw, 75px\" \/><\/a>\n\t\t\t<\/dt><\/dl><dl class='gallery-item'>\n\t\t\t<dt class='gallery-icon portrait'>\n\t\t\t\t<a href='https:\/\/rene-schmitt.com\/wp-content\/uploads\/Rose-Wylie-Pink-Girls-Yellow-Curls-Editionsserie2-13.jpg'><img width=\"75\" height=\"75\" src=\"https:\/\/rene-schmitt.com\/wp-content\/uploads\/Rose-Wylie-Pink-Girls-Yellow-Curls-Editionsserie2-13-75x75.jpg\" class=\"attachment-thumbnail size-thumbnail\" alt=\"Rose Wylie \u2013 Pink Girls - Yellow Curls (Editionsserie 2)\" loading=\"lazy\" srcset=\"https:\/\/rene-schmitt.com\/wp-content\/uploads\/Rose-Wylie-Pink-Girls-Yellow-Curls-Editionsserie2-13-75x75.jpg 75w, https:\/\/rene-schmitt.com\/wp-content\/uploads\/Rose-Wylie-Pink-Girls-Yellow-Curls-Editionsserie2-13-125x125.jpg 125w\" sizes=\"(max-width: 75px) 100vw, 75px\" \/><\/a>\n\t\t\t<\/dt><\/dl><dl class='gallery-item'>\n\t\t\t<dt class='gallery-icon landscape'>\n\t\t\t\t<a href='https:\/\/rene-schmitt.com\/wp-content\/uploads\/Rose-Wylie-Pink-Girls-Yellow-Curls-Editionsserie2-14.jpg'><img width=\"75\" height=\"75\" src=\"https:\/\/rene-schmitt.com\/wp-content\/uploads\/Rose-Wylie-Pink-Girls-Yellow-Curls-Editionsserie2-14-75x75.jpg\" class=\"attachment-thumbnail size-thumbnail\" alt=\"Rose Wylie \u2013 Pink Girls - Yellow Curls (Editionsserie 2)\" loading=\"lazy\" srcset=\"https:\/\/rene-schmitt.com\/wp-content\/uploads\/Rose-Wylie-Pink-Girls-Yellow-Curls-Editionsserie2-14-75x75.jpg 75w, https:\/\/rene-schmitt.com\/wp-content\/uploads\/Rose-Wylie-Pink-Girls-Yellow-Curls-Editionsserie2-14-125x125.jpg 125w\" sizes=\"(max-width: 75px) 100vw, 75px\" \/><\/a>\n\t\t\t<\/dt><\/dl><dl class='gallery-item'>\n\t\t\t<dt class='gallery-icon landscape'>\n\t\t\t\t<a href='https:\/\/rene-schmitt.com\/wp-content\/uploads\/Rose-Wylie-Pink-Girls-Yellow-Curls-Editionsserie2-15.jpg'><img width=\"75\" height=\"75\" src=\"https:\/\/rene-schmitt.com\/wp-content\/uploads\/Rose-Wylie-Pink-Girls-Yellow-Curls-Editionsserie2-15-75x75.jpg\" class=\"attachment-thumbnail size-thumbnail\" alt=\"Rose Wylie \u2013 Pink Girls - Yellow Curls (Editionsserie 2)\" loading=\"lazy\" srcset=\"https:\/\/rene-schmitt.com\/wp-content\/uploads\/Rose-Wylie-Pink-Girls-Yellow-Curls-Editionsserie2-15-75x75.jpg 75w, https:\/\/rene-schmitt.com\/wp-content\/uploads\/Rose-Wylie-Pink-Girls-Yellow-Curls-Editionsserie2-15-125x125.jpg 125w\" sizes=\"(max-width: 75px) 100vw, 75px\" \/><\/a>\n\t\t\t<\/dt><\/dl><br style=\"clear: both\" \/>\n\t\t<\/div>\n\n\n\t\t<style type=\"text\/css\">\n\t\t\t#gallery-5 {\n\t\t\t\tmargin: auto;\n\t\t\t}\n\t\t\t#gallery-5 .gallery-item {\n\t\t\t\tfloat: left;\n\t\t\t\tmargin-top: 10px;\n\t\t\t\ttext-align: center;\n\t\t\t\twidth: 20%;\n\t\t\t}\n\t\t\t#gallery-5 img {\n\t\t\t\tborder: 2px solid #cfcfcf;\n\t\t\t}\n\t\t\t#gallery-5 .gallery-caption {\n\t\t\t\tmargin-left: 0;\n\t\t\t}\n\t\t\t\/* see gallery_shortcode() in wp-includes\/media.php *\/\n\t\t<\/style>\n\t\t<div id='gallery-5' class='gallery galleryid-813 gallery-columns-5 gallery-size-thumbnail'><dl class='gallery-item'>\n\t\t\t<dt class='gallery-icon portrait'>\n\t\t\t\t<a href='https:\/\/rene-schmitt.com\/wp-content\/uploads\/Rose-Wylie-Pink-Girls-Yellow-Curls-Editionsserie2-16.jpg'><img width=\"75\" height=\"75\" src=\"https:\/\/rene-schmitt.com\/wp-content\/uploads\/Rose-Wylie-Pink-Girls-Yellow-Curls-Editionsserie2-16-75x75.jpg\" class=\"attachment-thumbnail size-thumbnail\" alt=\"Rose Wylie \u2013 Pink Girls - Yellow Curls (Editionsserie 2)\" loading=\"lazy\" srcset=\"https:\/\/rene-schmitt.com\/wp-content\/uploads\/Rose-Wylie-Pink-Girls-Yellow-Curls-Editionsserie2-16-75x75.jpg 75w, https:\/\/rene-schmitt.com\/wp-content\/uploads\/Rose-Wylie-Pink-Girls-Yellow-Curls-Editionsserie2-16-125x125.jpg 125w\" sizes=\"(max-width: 75px) 100vw, 75px\" \/><\/a>\n\t\t\t<\/dt><\/dl><dl class='gallery-item'>\n\t\t\t<dt class='gallery-icon landscape'>\n\t\t\t\t<a href='https:\/\/rene-schmitt.com\/wp-content\/uploads\/Rose-Wylie-Pink-Girls-Yellow-Curls-Editionsserie2-17.jpg'><img width=\"75\" height=\"75\" src=\"https:\/\/rene-schmitt.com\/wp-content\/uploads\/Rose-Wylie-Pink-Girls-Yellow-Curls-Editionsserie2-17-75x75.jpg\" class=\"attachment-thumbnail size-thumbnail\" alt=\"Rose Wylie \u2013 Pink Girls - Yellow Curls (Editionsserie 2)\" loading=\"lazy\" srcset=\"https:\/\/rene-schmitt.com\/wp-content\/uploads\/Rose-Wylie-Pink-Girls-Yellow-Curls-Editionsserie2-17-75x75.jpg 75w, https:\/\/rene-schmitt.com\/wp-content\/uploads\/Rose-Wylie-Pink-Girls-Yellow-Curls-Editionsserie2-17-125x125.jpg 125w\" sizes=\"(max-width: 75px) 100vw, 75px\" \/><\/a>\n\t\t\t<\/dt><\/dl><dl class='gallery-item'>\n\t\t\t<dt class='gallery-icon landscape'>\n\t\t\t\t<a href='https:\/\/rene-schmitt.com\/wp-content\/uploads\/Rose-Wylie-Pink-Girls-Yellow-Curls-Editionsserie2-Signing.jpg'><img width=\"75\" height=\"75\" src=\"https:\/\/rene-schmitt.com\/wp-content\/uploads\/Rose-Wylie-Pink-Girls-Yellow-Curls-Editionsserie2-Signing-75x75.jpg\" class=\"attachment-thumbnail size-thumbnail\" alt=\"Rose Wylie \u2013 Pink Girls - Yellow Curls (Editionsserie 2) (Rose Wylie signing)\" loading=\"lazy\" srcset=\"https:\/\/rene-schmitt.com\/wp-content\/uploads\/Rose-Wylie-Pink-Girls-Yellow-Curls-Editionsserie2-Signing-75x75.jpg 75w, https:\/\/rene-schmitt.com\/wp-content\/uploads\/Rose-Wylie-Pink-Girls-Yellow-Curls-Editionsserie2-Signing-125x125.jpg 125w\" sizes=\"(max-width: 75px) 100vw, 75px\" \/><\/a>\n\t\t\t<\/dt><\/dl>\n\t\t\t<br style='clear: both' \/>\n\t\t<\/div>\n\n<div id=\"description\">\n<h3>Pink Girls &#45; Yellow Curls 2 (2014)<\/h3>\n<p>Vernis Mou Radierung auf Kupferplatte, Acryl, farbige Tusche \u00fcber Kupferradierung, Collage<br \/>\nZerkall B\u00fctten 300 Gramm<br \/>\nGr\u00f6\u00dfe: jeweils ca. 64 x 44 cm<br \/>\nSerie von 26 Unikaten jeweils in Archivmappe<br \/>\nJeweils handsigniert<br \/>\nRadierplatten gedruckt in der Druckwerkstatt<br \/>\nder St\u00e4dtische Galerie Wolfsburg von Kristof Baranski<br \/>\nAlterungsbest\u00e4ndige Archivmappen hergestellt von der Buchbinderei Henckus, Oldenburg<br \/>\n&nbsp;<br \/>\nSOLD OUT<br \/>\n&nbsp;<br \/>\n&nbsp;<br \/>\n<a class=\"popmake-4447\" onclick=\"_paq.push(['trackGoal',8]);\"><strong>\u00bb Ausstellung<\/strong><\/a><\/p>\n<div id=\"edition\"><a href=\"https:\/\/rene-schmitt.com\/de\/kuenstler\/rose-wylie\/\"><strong>\u00bb Alle<\/strong> Editionen von Rose Wylie<\/a><\/div>\n<\/div>\n<\/div>\n<div class='clear'><\/div>\n","protected":false},"excerpt":{"rendered":"<p>Rose Wylie \u2013 Pink Girls &#45; Yellow Curls (Editionsserie 2) Pink Girls &#45; Yellow Curls 2 (2014) Vernis Mou Radierung auf Kupferplatte, Acryl, farbige Tusche \u00fcber Kupferradierung, Collage Zerkall B\u00fctten 300 Gramm Gr\u00f6\u00dfe: jeweils ca. 64 x 44 cm Serie von 26 Unikaten jeweils in Archivmappe Jeweils handsigniert Radierplatten gedruckt in der Druckwerkstatt der St\u00e4dtische [&hellip;]<\/p>\n","protected":false},"author":1,"featured_media":0,"parent":808,"menu_order":27,"comment_status":"closed","ping_status":"closed","template":"page-fullwidth.php","meta":[],"_links":{"self":[{"href":"https:\/\/rene-schmitt.com\/de\/wp-json\/wp\/v2\/pages\/813"}],"collection":[{"href":"https:\/\/rene-schmitt.com\/de\/wp-json\/wp\/v2\/pages"}],"about":[{"href":"https:\/\/rene-schmitt.com\/de\/wp-json\/wp\/v2\/types\/page"}],"author":[{"embeddable":true,"href":"https:\/\/rene-schmitt.com\/de\/wp-json\/wp\/v2\/users\/1"}],"replies":[{"embeddable":true,"href":"https:\/\/rene-schmitt.com\/de\/wp-json\/wp\/v2\/comments?post=813"}],"version-history":[{"count":3,"href":"https:\/\/rene-schmitt.com\/de\/wp-json\/wp\/v2\/pages\/813\/revisions"}],"predecessor-version":[{"id":4743,"href":"https:\/\/rene-schmitt.com\/de\/wp-json\/wp\/v2\/pages\/813\/revisions\/4743"}],"up":[{"embeddable":true,"href":"https:\/\/rene-schmitt.com\/de\/wp-json\/wp\/v2\/pages\/808"}],"wp:attachment":[{"href":"https:\/\/rene-schmitt.com\/de\/wp-json\/wp\/v2\/media?parent=813"}],"curies":[{"name":"wp","href":"https:\/\/api.w.org\/{rel}","templated":true}]}}