{"id":5519,"date":"2025-06-15T12:00:54","date_gmt":"2025-06-15T10:00:54","guid":{"rendered":"https:\/\/rene-schmitt.com\/?page_id=5519"},"modified":"2025-11-10T02:14:27","modified_gmt":"2025-11-10T01:14:27","slug":"5-woodcuts","status":"publish","type":"page","link":"https:\/\/rene-schmitt.com\/en\/artists\/ar-penck\/5-woodcuts\/","title":{"rendered":"A.R. Penck \u2013 5 Woodcuts (1992)"},"content":{"rendered":"<h1><a href=\"https:\/\/rene-schmitt.com\/en\/artists\/ar-penck\/\">A.R. Penck<\/a> \u2013 5 Woodcuts (Blue Series)<\/h1>\n<div class='grid_6 alpha'>\n\n\t\t<style type=\"text\/css\">\n\t\t\t#gallery-1 {\n\t\t\t\tmargin: auto;\n\t\t\t}\n\t\t\t#gallery-1 .gallery-item {\n\t\t\t\tfloat: left;\n\t\t\t\tmargin-top: 10px;\n\t\t\t\ttext-align: center;\n\t\t\t\twidth: 100%;\n\t\t\t}\n\t\t\t#gallery-1 img {\n\t\t\t\tborder: 2px solid #cfcfcf;\n\t\t\t}\n\t\t\t#gallery-1 .gallery-caption {\n\t\t\t\tmargin-left: 0;\n\t\t\t}\n\t\t\t\/* see gallery_shortcode() in wp-includes\/media.php *\/\n\t\t<\/style>\n\t\t<div id='gallery-1' class='gallery galleryid-5519 gallery-columns-1 gallery-size-medium'><dl class='gallery-item'>\n\t\t\t<dt class='gallery-icon portrait'>\n\t\t\t\t<a href='https:\/\/rene-schmitt.com\/wp-content\/uploads\/A.R.-Penck-Schriftzug.jpg'><img width=\"380\" height=\"500\" src=\"https:\/\/rene-schmitt.com\/wp-content\/uploads\/A.R.-Penck-Schriftzug.jpg\" class=\"attachment-medium size-medium\" alt=\"A.R. Penck\" loading=\"lazy\" \/><\/a>\n\t\t\t<\/dt><\/dl><br style=\"clear: both\" \/>\n\t\t<\/div>\n\n<\/div>\n<div class='grid_6 omega'>\n\n\t\t<style type=\"text\/css\">\n\t\t\t#gallery-2 {\n\t\t\t\tmargin: auto;\n\t\t\t}\n\t\t\t#gallery-2 .gallery-item {\n\t\t\t\tfloat: left;\n\t\t\t\tmargin-top: 10px;\n\t\t\t\ttext-align: center;\n\t\t\t\twidth: 20%;\n\t\t\t}\n\t\t\t#gallery-2 img {\n\t\t\t\tborder: 2px solid #cfcfcf;\n\t\t\t}\n\t\t\t#gallery-2 .gallery-caption {\n\t\t\t\tmargin-left: 0;\n\t\t\t}\n\t\t\t\/* see gallery_shortcode() in wp-includes\/media.php *\/\n\t\t<\/style>\n\t\t<div id='gallery-2' class='gallery galleryid-5519 gallery-columns-5 gallery-size-thumbnail'><dl class='gallery-item'>\n\t\t\t<dt class='gallery-icon portrait'>\n\t\t\t\t<a href='https:\/\/rene-schmitt.com\/wp-content\/uploads\/A.R.-Penck-...Dreimalselbst-1.jpg'><img width=\"75\" height=\"75\" src=\"https:\/\/rene-schmitt.com\/wp-content\/uploads\/A.R.-Penck-...Dreimalselbst-1-75x75.jpg\" class=\"attachment-thumbnail size-thumbnail\" alt=\"A.R. Penck \u2013 ...Dreimalselbst (1)\" loading=\"lazy\" srcset=\"https:\/\/rene-schmitt.com\/wp-content\/uploads\/A.R.-Penck-...Dreimalselbst-1-75x75.jpg 75w, https:\/\/rene-schmitt.com\/wp-content\/uploads\/A.R.-Penck-...Dreimalselbst-1-125x125.jpg 125w\" sizes=\"(max-width: 75px) 100vw, 75px\" \/><\/a>\n\t\t\t<\/dt><\/dl><dl class='gallery-item'>\n\t\t\t<dt class='gallery-icon portrait'>\n\t\t\t\t<a href='https:\/\/rene-schmitt.com\/wp-content\/uploads\/A.R.-Penck-...keine-Grenzen-Bedingung-2.jpg'><img width=\"75\" height=\"75\" src=\"https:\/\/rene-schmitt.com\/wp-content\/uploads\/A.R.-Penck-...keine-Grenzen-Bedingung-2-75x75.jpg\" class=\"attachment-thumbnail size-thumbnail\" alt=\"A.R. Penck \u2013 ...keine - Grenzen - Bedingung (2)\" loading=\"lazy\" srcset=\"https:\/\/rene-schmitt.com\/wp-content\/uploads\/A.R.-Penck-...keine-Grenzen-Bedingung-2-75x75.jpg 75w, https:\/\/rene-schmitt.com\/wp-content\/uploads\/A.R.-Penck-...keine-Grenzen-Bedingung-2-125x125.jpg 125w\" sizes=\"(max-width: 75px) 100vw, 75px\" \/><\/a>\n\t\t\t<\/dt><\/dl><dl class='gallery-item'>\n\t\t\t<dt class='gallery-icon portrait'>\n\t\t\t\t<a href='https:\/\/rene-schmitt.com\/wp-content\/uploads\/A.R.-Penck-...schwaecher-bei-hoher-Energie-3.jpg'><img width=\"75\" height=\"75\" src=\"https:\/\/rene-schmitt.com\/wp-content\/uploads\/A.R.-Penck-...schwaecher-bei-hoher-Energie-3-75x75.jpg\" class=\"attachment-thumbnail size-thumbnail\" alt=\"A.R. Penck \u2013 ...schw\u00e4cher bei hoher Energie (3)\" loading=\"lazy\" srcset=\"https:\/\/rene-schmitt.com\/wp-content\/uploads\/A.R.-Penck-...schwaecher-bei-hoher-Energie-3-75x75.jpg 75w, https:\/\/rene-schmitt.com\/wp-content\/uploads\/A.R.-Penck-...schwaecher-bei-hoher-Energie-3-125x125.jpg 125w\" sizes=\"(max-width: 75px) 100vw, 75px\" \/><\/a>\n\t\t\t<\/dt><\/dl><dl class='gallery-item'>\n\t\t\t<dt class='gallery-icon portrait'>\n\t\t\t\t<a href='https:\/\/rene-schmitt.com\/wp-content\/uploads\/A.R.-Penck-System-Unschaerfe-Schaerfe-4.jpg'><img width=\"75\" height=\"75\" src=\"https:\/\/rene-schmitt.com\/wp-content\/uploads\/A.R.-Penck-System-Unschaerfe-Schaerfe-4-75x75.jpg\" class=\"attachment-thumbnail size-thumbnail\" alt=\"A.R. Penck \u2013 System Unsch\u00e4rfe - Sch\u00e4rfe (4)\" loading=\"lazy\" srcset=\"https:\/\/rene-schmitt.com\/wp-content\/uploads\/A.R.-Penck-System-Unschaerfe-Schaerfe-4-75x75.jpg 75w, https:\/\/rene-schmitt.com\/wp-content\/uploads\/A.R.-Penck-System-Unschaerfe-Schaerfe-4-125x125.jpg 125w\" sizes=\"(max-width: 75px) 100vw, 75px\" \/><\/a>\n\t\t\t<\/dt><\/dl><dl class='gallery-item'>\n\t\t\t<dt class='gallery-icon portrait'>\n\t\t\t\t<a href='https:\/\/rene-schmitt.com\/wp-content\/uploads\/A.R.-Penck-Trennung-Chaos-Ordnung-5.jpg'><img width=\"75\" height=\"75\" src=\"https:\/\/rene-schmitt.com\/wp-content\/uploads\/A.R.-Penck-Trennung-Chaos-Ordnung-5-75x75.jpg\" class=\"attachment-thumbnail size-thumbnail\" alt=\"A.R. Penck \u2013 Trennung Chaos - Ordnung (5)\" loading=\"lazy\" srcset=\"https:\/\/rene-schmitt.com\/wp-content\/uploads\/A.R.-Penck-Trennung-Chaos-Ordnung-5-75x75.jpg 75w, https:\/\/rene-schmitt.com\/wp-content\/uploads\/A.R.-Penck-Trennung-Chaos-Ordnung-5-125x125.jpg 125w\" sizes=\"(max-width: 75px) 100vw, 75px\" \/><\/a>\n\t\t\t<\/dt><\/dl><br style=\"clear: both\" \/>\n\t\t<\/div>\n\n<p>&nbsp;<\/p>\n<div id=\"description\">\n<h3>5 Woodcuts (1992)<\/h3>\n<p>(1) &#8230;Dreimalselbst<br \/>\n(2) &#8230;keine \u2013 Grenzen &#8211; Bedingung<br \/>\n(3) &#8230;schw\u00e4cher bei hoher Energie<br \/>\n(4) System Unsch\u00e4rfe &#8211; Sch\u00e4rfe<br \/>\n(5) Trennung Chaos &#8211; Ordnung<\/p>\n<p>Woodcuts on heavy rag paper<br \/>\nSize: approx. 135 x 92 cm<br \/>\nEdition: 15 (This is a unqiue trial proof with larger size rag paper)<br \/>\nHand-signed and inscribed &#8220;e.a.&#8221;<br \/>\n&nbsp;<br \/>\nSOLD OUT<br \/>\n&nbsp;<br \/>\n<!-- <a class=\"popmake-4148\" onclick=\"_paq.push(['trackGoal',5]);\"><strong>\u00bb Purchase enquiry<\/strong><\/a> --><br \/>\n&nbsp;<br \/>\n&nbsp;<br \/>\n<!-- <a class=\"popmake-5147\" onclick=\"_paq.push(['trackGoal',8]);\"><strong>\u00bb Exhibition<\/strong><\/a> --><br \/>\n&nbsp;<br \/>\n&nbsp;<br \/>\n&nbsp;<br \/>\n&nbsp;<br \/>\n&nbsp;<br \/>\n&nbsp;<br \/>\n&nbsp;<br \/>\n&nbsp;<\/p>\n<div id=\"edition\"><a href=\"https:\/\/rene-schmitt.com\/en\/artists\/ar-penck\/\"><strong>\u00bb All<\/strong> editions by A.R. Penck<\/a><\/div>\n<\/div>\n<\/div>\n<div class='clear'><\/div>\n","protected":false},"excerpt":{"rendered":"<p>A.R. Penck \u2013 5 Woodcuts (Blue Series) &nbsp; 5 Woodcuts (1992) (1) &#8230;Dreimalselbst (2) &#8230;keine \u2013 Grenzen &#8211; Bedingung (3) &#8230;schw\u00e4cher bei hoher Energie (4) System Unsch\u00e4rfe &#8211; Sch\u00e4rfe (5) Trennung Chaos &#8211; Ordnung Woodcuts on heavy rag paper Size: approx. 135 x 92 cm Edition: 15 (This is a unqiue trial proof with larger [&hellip;]<\/p>\n","protected":false},"author":1,"featured_media":0,"parent":5066,"menu_order":16,"comment_status":"closed","ping_status":"closed","template":"page-fullwidth.php","meta":[],"_links":{"self":[{"href":"https:\/\/rene-schmitt.com\/en\/wp-json\/wp\/v2\/pages\/5519"}],"collection":[{"href":"https:\/\/rene-schmitt.com\/en\/wp-json\/wp\/v2\/pages"}],"about":[{"href":"https:\/\/rene-schmitt.com\/en\/wp-json\/wp\/v2\/types\/page"}],"author":[{"embeddable":true,"href":"https:\/\/rene-schmitt.com\/en\/wp-json\/wp\/v2\/users\/1"}],"replies":[{"embeddable":true,"href":"https:\/\/rene-schmitt.com\/en\/wp-json\/wp\/v2\/comments?post=5519"}],"version-history":[{"count":16,"href":"https:\/\/rene-schmitt.com\/en\/wp-json\/wp\/v2\/pages\/5519\/revisions"}],"predecessor-version":[{"id":5655,"href":"https:\/\/rene-schmitt.com\/en\/wp-json\/wp\/v2\/pages\/5519\/revisions\/5655"}],"up":[{"embeddable":true,"href":"https:\/\/rene-schmitt.com\/en\/wp-json\/wp\/v2\/pages\/5066"}],"wp:attachment":[{"href":"https:\/\/rene-schmitt.com\/en\/wp-json\/wp\/v2\/media?parent=5519"}],"curies":[{"name":"wp","href":"https:\/\/api.w.org\/{rel}","templated":true}]}}